{"id":1151,"date":"2025-01-13T11:59:42","date_gmt":"2025-01-13T10:59:42","guid":{"rendered":"https:\/\/mastertechq.lpl.univ-paris13.fr\/?page_id=1151"},"modified":"2025-02-05T22:52:31","modified_gmt":"2025-02-05T21:52:31","slug":"mathieu-manceau-fr","status":"publish","type":"page","link":"https:\/\/mastertechq.lpl.univ-paris13.fr\/?page_id=1151","title":{"rendered":"Mathieu Manceau &#8211; fr"},"content":{"rendered":"\n<div id=\"wp-block-themeisle-blocks-advanced-columns-07f9e39b\" class=\"wp-block-themeisle-blocks-advanced-columns alignfull has-1-columns has-desktop-equal-layout has-tablet-equal-layout has-mobile-collapsedRows-layout has-vertical-center ticss-c00aadba\"><div class=\"wp-block-themeisle-blocks-advanced-columns-overlay\"><\/div><div class=\"innerblocks-wrap\">\n<div id=\"wp-block-themeisle-blocks-advanced-column-9bce96d7\" class=\"wp-block-themeisle-blocks-advanced-column\">\n<div id=\"wp-block-themeisle-blocks-advanced-columns-aeb872df\" class=\"wp-block-themeisle-blocks-advanced-columns has-2-columns has-desktop-oneTwo-layout has-tablet-equal-layout has-mobile-collapsedRows-layout has-vertical-unset\"><div class=\"wp-block-themeisle-blocks-advanced-columns-overlay\"><\/div><div class=\"innerblocks-wrap\">\n<div id=\"wp-block-themeisle-blocks-advanced-column-04b60404\" class=\"wp-block-themeisle-blocks-advanced-column\">\n<div class=\"wp-block-group is-vertical is-content-justification-center is-layout-flex wp-container-core-group-is-layout-b6c1f246 wp-block-group-is-layout-flex\">\n<figure class=\"wp-block-image aligncenter size-full is-resized has-custom-border is-style-default wp-duotone-unset-1\" id=\"wp-block-themeisle-blocks-image-ea2ee1d1\"><img decoding=\"async\" width=\"128\" height=\"192\" src=\"https:\/\/mastertechq.lpl.univ-paris13.fr\/wp-content\/uploads\/2025\/01\/Profil-Mathieu-Manceau-e1736766100740.png\" alt=\"\" class=\"wp-image-1155\" style=\"border-radius:20px;width:240px;height:auto\"\/><\/figure>\n\n\n\n<h2 id=\"wp-block-themeisle-blocks-advanced-heading-bbda2e30\" class=\"wp-block-themeisle-blocks-advanced-heading wp-block-themeisle-blocks-advanced-heading-bbda2e30\">Mathieu Manceau<\/h2>\n\n\n\n<h5 class=\"wp-block-heading has-text-align-center\"><mark style=\"background-color:rgba(0, 0, 0, 0)\" class=\"has-inline-color has-palette-color-3-color\">MA\u00ceTRE DE CONF\u00c9RENCE<\/mark>S<\/h5>\n\n\n\n<div class=\"wp-block-group is-content-justification-center is-nowrap is-layout-flex wp-container-core-group-is-layout-23441af8 wp-block-group-is-layout-flex\">\n<div class=\"wp-block-outermost-icon-block items-justified-center\"><a class=\"icon-container\" href=\"https:\/\/orcid.org\/0000-0002-8319-5741\" target=\"_blank\" rel=\"noreferrer noopener\" style=\"width:32px;transform:rotate(0deg) scaleX(1) scaleY(1)\"><svg xmlns=\"http:\/\/www.w3.org\/2000\/svg\" width=\"32\" height=\"32\" fill=\"none\"><path fill-rule=\"evenodd\" clip-rule=\"evenodd\" d=\"M32 16c0 8.837-7.163 16-16 16-8.838 0-16-7.163-16-16C0 7.162 7.162 0 16 0c8.837 0 16 7.162 16 16Z\" fill=\"#A6CE39\"><\/path><path fill-rule=\"evenodd\" clip-rule=\"evenodd\" d=\"M18.813 9.637h-5.45v13.9h5.474c4.555 0 7.35-3.378 7.35-6.95 0-1.635-.562-3.372-1.77-4.704-1.215-1.336-3.065-2.246-5.605-2.246ZM18.6 21.3h-2.813v-9.425H18.5c1.823 0 3.12.552 3.96 1.4.842.849 1.252 2.021 1.252 3.312 0 .784-.239 1.967-.993 2.948-.745.969-2.01 1.765-4.119 1.765Zm5.311-4.026c-.251 1.74-1.494 4.276-5.311 4.276h-3.063H18.6c3.817 0 5.06-2.536 5.311-4.276Zm1.812-2.405c-.657-2.601-2.85-4.982-6.91-4.982h-5.2 5.2c4.06 0 6.253 2.38 6.91 4.982Zm.215 1.718ZM8.363 9.675v13.887h2.425V9.675H8.363Zm2.175 13.637H8.612h1.925ZM9.575 8.65c.84 0 1.513-.689 1.513-1.513 0-.823-.673-1.512-1.513-1.512-.838 0-1.512.674-1.512 1.513 0 .823.672 1.512 1.512 1.512Z\" fill=\"#fff\"><\/path><\/svg><\/a><\/div>\n\n\n\n<div class=\"wp-block-outermost-icon-block\"><a class=\"icon-container\" href=\"https:\/\/scholar.google.com\/citations?user=Imt30dIAAAAJ&amp;hl=en\" target=\"_blank\" rel=\"noreferrer noopener\" style=\"width:48px;transform:rotate(0deg) scaleX(1) scaleY(1)\"><svg xmlns=\"http:\/\/www.w3.org\/2000\/svg\" viewBox=\"0 0 24 24\" aria-hidden=\"true\"><path d=\"M13 5c-3.3 0-6 2.7-6 6 0 1.4.5 2.7 1.3 3.7l-3.8 3.8 1.1 1.1 3.8-3.8c1 .8 2.3 1.3 3.7 1.3 3.3 0 6-2.7 6-6S16.3 5 13 5zm0 10.5c-2.5 0-4.5-2-4.5-4.5s2-4.5 4.5-4.5 4.5 2 4.5 4.5-2 4.5-4.5 4.5z\"><\/path><\/svg><\/a><\/div>\n\n\n\n<div class=\"wp-block-outermost-icon-block\"><a class=\"icon-container\" href=\"mailto:mathieu.manceau@univ-paris13.fr\" target=\"_blank\" rel=\"noreferrer noopener\" style=\"width:48px;transform:rotate(0deg) scaleX(1) scaleY(1)\"><svg xmlns=\"http:\/\/www.w3.org\/2000\/svg\" viewBox=\"0 0 24 24\" aria-hidden=\"true\"><path d=\"M20,4H4C2.895,4,2,4.895,2,6v12c0,1.105,0.895,2,2,2h16c1.105,0,2-0.895,2-2V6C22,4.895,21.105,4,20,4z M20,8.236l-8,4.882 L4,8.236V6h16V8.236z\"><\/path><\/svg><\/a><\/div>\n<\/div>\n\n\n\n<p class=\"has-text-align-left\"><strong>Bureau:<\/strong> D003, Campus Villetaneuse<\/p>\n\n\n\n<p class=\"has-text-align-center\">Page <a href=\"https:\/\/www.lpl.univ-paris13.fr\/mesures-deffets-de-violation-de-la-parite-avec-des-molecules-chirales-froides\/\" data-type=\"link\" data-id=\"https:\/\/www.lpl.univ-paris13.fr\/transfert-de-frequences-par-lien-optique\/\" target=\"_blank\" rel=\"noreferrer noopener\">web1<\/a> et <a href=\"https:\/\/www.lpl.univ-paris13.fr\/controle-absolu-de-frequence-avec-un-peigne-de-frequence-optique\/\" data-type=\"link\" data-id=\"https:\/\/www.lpl.univ-paris13.fr\/controle-absolu-de-frequence-avec-un-peigne-de-frequence-optique\/\" target=\"_blank\" rel=\"noreferrer noopener\">web2<\/a> du groupe de recherche<br>Site <a href=\"https:\/\/www.lpl.univ-paris13.fr\/\" data-type=\"link\" data-id=\"https:\/\/www.lpl.univ-paris13.fr\/\" target=\"_blank\" rel=\"noreferrer noopener\">web<\/a> du laboratoire<\/p>\n<\/div>\n<\/div>\n\n\n\n<div id=\"wp-block-themeisle-blocks-advanced-column-abd8dd7d\" class=\"wp-block-themeisle-blocks-advanced-column\">\n<div class=\"wp-block-group is-nowrap is-layout-flex wp-container-core-group-is-layout-6c531013 wp-block-group-is-layout-flex\">\n<hr class=\"wp-block-separator has-alpha-channel-opacity\"\/>\n\n\n\n<div class=\"wp-block-group is-vertical is-layout-flex wp-container-core-group-is-layout-fe9cc265 wp-block-group-is-layout-flex\">\n<h4 class=\"wp-block-heading\"><em>Mon parcours recherche :<\/em><\/h4>\n\n\n\n<p class=\"has-text-align-left\">J\u2019ai r\u00e9alis\u00e9 ma th\u00e8se au laboratoire Kastler-Brossel (Sorbonne Universit\u00e9) sous la direction d\u2019Alberto Bramati (2011-2014), sur l\u2019\u00e9tude de la fluorescence de bo\u00eetes quantiques de type nanocristaux collo\u00efdaux. L\u2019objectif \u00e9tait d\u2019explorer le potentiel de ces sources de lumi\u00e8re en optique quantique, notamment comme sources de photons uniques.<br><br>De 2015 \u00e0 2017, j\u2019ai \u00e9t\u00e9 postdoctorant au \u00ab\u00a0Max Planck Institute for the Science of Light\u00a0\u00bb (Erlangen, Allemagne), au sein de l\u2019\u00e9quipe \u00ab\u00a0Quantum Radiation\u00a0\u00bb dirig\u00e9e par Maria Chekhova. J\u2019y ai \u00e9tudi\u00e9 le \u201cBright Squeezed Vacuum\u201d (BSV), un \u00e9tat quantique de la lumi\u00e8re pouvant \u00eatre constitu\u00e9 d&rsquo;un grand nombre de photons, et poss\u00e9dant des propri\u00e9t\u00e9s quantiques, notamment des corr\u00e9lations quantiques et un bruit du champ \u00e9lectromagn\u00e9tique r\u00e9duit par rapport \u00e0 un \u00e9tat classique de la lumi\u00e8re. J\u2019ai d\u00e9montr\u00e9 l&rsquo;int\u00e9r\u00eat de cet \u00e9tat de la lumi\u00e8re en interf\u00e9rom\u00e9trie de pr\u00e9cision.<br><br>Depuis octobre 2017, j\u2019ai int\u00e9gr\u00e9 le laboratoire de physique des lasers (LPL, Universit\u00e9 Sorbonne Paris Nord\/USPN) pour un second postdoctorat dans l\u2019\u00e9quipe MMTF sous la direction de Beno\u00eet Darqui\u00e9 et Anne Amy Klein. J\u2019y d\u00e9veloppe des techniques de spectroscopie rovibrationnelle \u00e0 ultra-haute r\u00e9solution pour l\u2019\u00e9tude de mol\u00e9cules complexes. En 2020, j\u2019ai poursuivi ces recherches en tant que ma\u00eetre de conf\u00e9rences \u00e0 l\u2019USPN.<\/p>\n\n\n\n<h4 class=\"wp-block-heading\"><em>Les cours enseign\u00e9s :<\/em><\/h4>\n\n\n\n<ul class=\"wp-block-list\">\n<li>Physique de la Cha\u00eene de Mesure 2 : Signal et bruit <a href=\"https:\/\/mastertechq.lpl.univ-paris13.fr\/?page_id=622\"><img decoding=\"async\" width=\"25\" height=\"25\" class=\"wp-image-258\" style=\"width: 25px;\" src=\"https:\/\/mastertechq.lpl.univ-paris13.fr\/wp-content\/uploads\/2024\/12\/Arrow-fe2f47.svg\" alt=\"\"><\/a><\/li>\n\n\n\n<li>Physique Quantique 3 : Optique quantique <a href=\"https:\/\/mastertechq.lpl.univ-paris13.fr\/?page_id=737\"><img decoding=\"async\" width=\"25\" height=\"25\" class=\"wp-image-258\" style=\"width: 25px;\" src=\"https:\/\/mastertechq.lpl.univ-paris13.fr\/wp-content\/uploads\/2024\/12\/Arrow-fe2f47.svg\" alt=\"\"><\/a><\/li>\n\n\n\n<li>Physique de la Cha\u00eene de Mesure 3 : Cha\u00eene de mesure quantique <a href=\"https:\/\/mastertechq.lpl.univ-paris13.fr\/?page_id=793\"><img decoding=\"async\" width=\"25\" height=\"25\" class=\"wp-image-258\" style=\"width: 25px;\" src=\"https:\/\/mastertechq.lpl.univ-paris13.fr\/wp-content\/uploads\/2024\/12\/Arrow-fe2f47.svg\" alt=\"\"><\/a><\/li>\n\n\n\n<li>Physique pour les Technologies Quantiques 4 : Techniques du vide, cryog\u00e9nie <a href=\"https:\/\/mastertechq.lpl.univ-paris13.fr\/?page_id=672\"><img decoding=\"async\" width=\"25\" height=\"25\" class=\"wp-image-258\" style=\"width: 25px;\" src=\"https:\/\/mastertechq.lpl.univ-paris13.fr\/wp-content\/uploads\/2024\/12\/Arrow-fe2f47.svg\" alt=\"\"><\/a><\/li>\n<\/ul>\n\n\n\n<h4 class=\"wp-block-heading\"><em>Th\u00e9matiques de recherche :<\/em><\/h4>\n\n\n\n<ul class=\"wp-block-list\">\n<li>M\u00e9trologie des fr\u00e9quences<\/li>\n\n\n\n<li>Spectroscopie rovibrationnelle de mol\u00e9cules<\/li>\n\n\n\n<li>Spectroscopie rotationnelle micro-onde<\/li>\n\n\n\n<li>Photonique moyen-infrarouge<\/li>\n\n\n\n<li>Mol\u00e9cules froides<\/li>\n<\/ul>\n<\/div>\n<\/div>\n<\/div>\n<\/div><\/div>\n\n\n\n<div style=\"height:52px\" aria-hidden=\"true\" class=\"wp-block-spacer\"><\/div>\n\n\n\n<figure class=\"wp-block-image aligncenter size-large is-resized\"><img decoding=\"async\" width=\"1024\" height=\"682\" src=\"https:\/\/mastertechq.lpl.univ-paris13.fr\/wp-content\/uploads\/2025\/01\/CNRS_20180037_0001-1024x682.jpg\" alt=\"\" class=\"wp-image-1158\" style=\"box-shadow:var(--wp--preset--shadow--sharp);width:662px;height:auto\" srcset=\"https:\/\/mastertechq.lpl.univ-paris13.fr\/wp-content\/uploads\/2025\/01\/CNRS_20180037_0001-1024x682.jpg 1024w, https:\/\/mastertechq.lpl.univ-paris13.fr\/wp-content\/uploads\/2025\/01\/CNRS_20180037_0001-300x200.jpg 300w, https:\/\/mastertechq.lpl.univ-paris13.fr\/wp-content\/uploads\/2025\/01\/CNRS_20180037_0001-768x511.jpg 768w, https:\/\/mastertechq.lpl.univ-paris13.fr\/wp-content\/uploads\/2025\/01\/CNRS_20180037_0001-1536x1023.jpg 1536w, https:\/\/mastertechq.lpl.univ-paris13.fr\/wp-content\/uploads\/2025\/01\/CNRS_20180037_0001-2048x1364.jpg 2048w\" sizes=\"(max-width: 1024px) 100vw, 1024px\" \/><figcaption class=\"wp-element-caption\">Alignement du faisceau d&rsquo;un laser CO2.<\/figcaption><\/figure>\n\n\n\n<h4 class=\"wp-block-heading\">Quelques articles choisis<\/h4>\n\n\n\n<blockquote class=\"wp-block-quote is-style-default is-layout-flow wp-block-quote-is-layout-flow\">\n<ul class=\"wp-block-list\">\n<li>D. B. A. Tran, O. Lopez, M. Manceau, A. Goncharov, M. Abgra<a href=\"javascript:;\">ll<\/a>, H. Alvarez-Martinez, R. Le Targat, E. Cantin, P.-E. Pottie, A. Amy-Klein, and B. Darqui\u00e9, \u00ab<em>Near- to mid-IR spectral purity transfer with a tunable frequency comb: Methanol frequency metrology over a 1.4&nbsp;GHz span<\/em>\u00bb, APL Photonics <strong>9<\/strong>, 030801 (2024).<br>DOI: <a href=\"https:\/\/doi.org\/10.1063\/5.0170227\" target=\"_blank\" rel=\"noreferrer noopener\">10.1063\/5.0170227<\/a><\/li>\n\n\n\n<li>Mathieu Manceau, Kirill Yu. Spasibko, Gerd Leuchs, Radim Filip, and Maria V. Chekhova, \u00ab<em>Indefinite-Mean Pareto Photon Distribution from Amplified Quantum Noise<\/em>\u00bb, Phys. Rev. Lett. <strong>123<\/strong>, 123606 (2019).<br>DOI: <a href=\"http:\/\/doi.org\/10.1103\/PhysRevLett.127.203402\" data-type=\"link\" data-id=\"doi.org\/10.1364\/AO.435274\" target=\"_blank\" rel=\"noreferrer noopener\"><\/a><a href=\"https:\/\/doi.org\/10.1103\/PhysRevLett.123.123606\" target=\"_blank\" rel=\"noreferrer noopener\">10.1103\/PhysRevLett.123.123606<\/a><\/li>\n<\/ul>\n<\/blockquote>\n\n\n\n<div style=\"height:52px\" aria-hidden=\"true\" class=\"wp-block-spacer\"><\/div>\n<\/div>\n<\/div><\/div>\n","protected":false},"excerpt":{"rendered":"","protected":false},"author":2,"featured_media":0,"parent":374,"menu_order":0,"comment_status":"closed","ping_status":"closed","template":"","meta":{"_themeisle_gutenberg_block_has_review":false,"footnotes":""},"class_list":["post-1151","page","type-page","status-publish","hentry"],"blocksy_meta":[],"yoast_head":"<!-- This site is optimized with the Yoast SEO plugin v27.2 - https:\/\/yoast.com\/product\/yoast-seo-wordpress\/ -->\n<title>Mathieu Manceau - fr - Master TechQ<\/title>\n<meta name=\"robots\" content=\"index, follow, max-snippet:-1, max-image-preview:large, max-video-preview:-1\" \/>\n<link rel=\"canonical\" href=\"https:\/\/mastertechq.lpl.univ-paris13.fr\/?page_id=1151\" \/>\n<meta property=\"og:locale\" content=\"fr_FR\" \/>\n<meta property=\"og:type\" content=\"article\" \/>\n<meta property=\"og:title\" content=\"Mathieu Manceau - fr - Master TechQ\" \/>\n<meta property=\"og:url\" content=\"https:\/\/mastertechq.lpl.univ-paris13.fr\/?page_id=1151\" \/>\n<meta property=\"og:site_name\" content=\"Master TechQ\" \/>\n<meta property=\"article:modified_time\" content=\"2025-02-05T21:52:31+00:00\" \/>\n<meta property=\"og:image\" content=\"https:\/\/mastertechq.lpl.univ-paris13.fr\/wp-content\/uploads\/2025\/01\/Profil-Mathieu-Manceau-e1736766100740.png\" \/>\n\t<meta property=\"og:image:width\" content=\"128\" \/>\n\t<meta property=\"og:image:height\" content=\"192\" \/>\n\t<meta property=\"og:image:type\" content=\"image\/png\" \/>\n<meta name=\"twitter:card\" content=\"summary_large_image\" \/>\n<meta name=\"twitter:label1\" content=\"Dur\u00e9e de lecture estim\u00e9e\" \/>\n\t<meta name=\"twitter:data1\" content=\"3 minutes\" \/>\n<script type=\"application\/ld+json\" class=\"yoast-schema-graph\">{\"@context\":\"https:\/\/schema.org\",\"@graph\":[{\"@type\":\"WebPage\",\"@id\":\"https:\/\/mastertechq.lpl.univ-paris13.fr\/?page_id=1151\",\"url\":\"https:\/\/mastertechq.lpl.univ-paris13.fr\/?page_id=1151\",\"name\":\"Mathieu Manceau - fr - Master TechQ\",\"isPartOf\":{\"@id\":\"https:\/\/mastertechq.lpl.univ-paris13.fr\/#website\"},\"primaryImageOfPage\":{\"@id\":\"https:\/\/mastertechq.lpl.univ-paris13.fr\/?page_id=1151#primaryimage\"},\"image\":{\"@id\":\"https:\/\/mastertechq.lpl.univ-paris13.fr\/?page_id=1151#primaryimage\"},\"thumbnailUrl\":\"https:\/\/mastertechq.lpl.univ-paris13.fr\/wp-content\/uploads\/2025\/01\/Profil-Mathieu-Manceau-e1736766100740.png\",\"datePublished\":\"2025-01-13T10:59:42+00:00\",\"dateModified\":\"2025-02-05T21:52:31+00:00\",\"breadcrumb\":{\"@id\":\"https:\/\/mastertechq.lpl.univ-paris13.fr\/?page_id=1151#breadcrumb\"},\"inLanguage\":\"fr-FR\",\"potentialAction\":[{\"@type\":\"ReadAction\",\"target\":[\"https:\/\/mastertechq.lpl.univ-paris13.fr\/?page_id=1151\"]}]},{\"@type\":\"ImageObject\",\"inLanguage\":\"fr-FR\",\"@id\":\"https:\/\/mastertechq.lpl.univ-paris13.fr\/?page_id=1151#primaryimage\",\"url\":\"https:\/\/mastertechq.lpl.univ-paris13.fr\/wp-content\/uploads\/2025\/01\/Profil-Mathieu-Manceau-e1736766100740.png\",\"contentUrl\":\"https:\/\/mastertechq.lpl.univ-paris13.fr\/wp-content\/uploads\/2025\/01\/Profil-Mathieu-Manceau-e1736766100740.png\",\"width\":128,\"height\":192},{\"@type\":\"BreadcrumbList\",\"@id\":\"https:\/\/mastertechq.lpl.univ-paris13.fr\/?page_id=1151#breadcrumb\",\"itemListElement\":[{\"@type\":\"ListItem\",\"position\":1,\"name\":\"Home\",\"item\":\"https:\/\/mastertechq.lpl.univ-paris13.fr\/\"},{\"@type\":\"ListItem\",\"position\":2,\"name\":\"\u00c9quipe enseignante\",\"item\":\"https:\/\/mastertechq.lpl.univ-paris13.fr\/?page_id=374\"},{\"@type\":\"ListItem\",\"position\":3,\"name\":\"Mathieu Manceau &#8211; fr\"}]},{\"@type\":\"WebSite\",\"@id\":\"https:\/\/mastertechq.lpl.univ-paris13.fr\/#website\",\"url\":\"https:\/\/mastertechq.lpl.univ-paris13.fr\/\",\"name\":\"Master TechQ\",\"description\":\"Quantum technologies in motion\",\"publisher\":{\"@id\":\"https:\/\/mastertechq.lpl.univ-paris13.fr\/#organization\"},\"potentialAction\":[{\"@type\":\"SearchAction\",\"target\":{\"@type\":\"EntryPoint\",\"urlTemplate\":\"https:\/\/mastertechq.lpl.univ-paris13.fr\/?s={search_term_string}\"},\"query-input\":{\"@type\":\"PropertyValueSpecification\",\"valueRequired\":true,\"valueName\":\"search_term_string\"}}],\"inLanguage\":\"fr-FR\"},{\"@type\":\"Organization\",\"@id\":\"https:\/\/mastertechq.lpl.univ-paris13.fr\/#organization\",\"name\":\"Master TechQ\",\"alternateName\":\"Master Technologies Quantiques\",\"url\":\"https:\/\/mastertechq.lpl.univ-paris13.fr\/\",\"logo\":{\"@type\":\"ImageObject\",\"inLanguage\":\"fr-FR\",\"@id\":\"https:\/\/mastertechq.lpl.univ-paris13.fr\/#\/schema\/logo\/image\/\",\"url\":\"https:\/\/mastertechq.lpl.univ-paris13.fr\/wp-content\/uploads\/2025\/01\/Logo-MTQ.png\",\"contentUrl\":\"https:\/\/mastertechq.lpl.univ-paris13.fr\/wp-content\/uploads\/2025\/01\/Logo-MTQ.png\",\"width\":500,\"height\":500,\"caption\":\"Master TechQ\"},\"image\":{\"@id\":\"https:\/\/mastertechq.lpl.univ-paris13.fr\/#\/schema\/logo\/image\/\"}}]}<\/script>\n<!-- \/ Yoast SEO plugin. -->","yoast_head_json":{"title":"Mathieu Manceau - fr - Master TechQ","robots":{"index":"index","follow":"follow","max-snippet":"max-snippet:-1","max-image-preview":"max-image-preview:large","max-video-preview":"max-video-preview:-1"},"canonical":"https:\/\/mastertechq.lpl.univ-paris13.fr\/?page_id=1151","og_locale":"fr_FR","og_type":"article","og_title":"Mathieu Manceau - fr - Master TechQ","og_url":"https:\/\/mastertechq.lpl.univ-paris13.fr\/?page_id=1151","og_site_name":"Master TechQ","article_modified_time":"2025-02-05T21:52:31+00:00","og_image":[{"width":128,"height":192,"url":"https:\/\/mastertechq.lpl.univ-paris13.fr\/wp-content\/uploads\/2025\/01\/Profil-Mathieu-Manceau-e1736766100740.png","type":"image\/png"}],"twitter_card":"summary_large_image","twitter_misc":{"Dur\u00e9e de lecture estim\u00e9e":"3 minutes"},"schema":{"@context":"https:\/\/schema.org","@graph":[{"@type":"WebPage","@id":"https:\/\/mastertechq.lpl.univ-paris13.fr\/?page_id=1151","url":"https:\/\/mastertechq.lpl.univ-paris13.fr\/?page_id=1151","name":"Mathieu Manceau - fr - Master TechQ","isPartOf":{"@id":"https:\/\/mastertechq.lpl.univ-paris13.fr\/#website"},"primaryImageOfPage":{"@id":"https:\/\/mastertechq.lpl.univ-paris13.fr\/?page_id=1151#primaryimage"},"image":{"@id":"https:\/\/mastertechq.lpl.univ-paris13.fr\/?page_id=1151#primaryimage"},"thumbnailUrl":"https:\/\/mastertechq.lpl.univ-paris13.fr\/wp-content\/uploads\/2025\/01\/Profil-Mathieu-Manceau-e1736766100740.png","datePublished":"2025-01-13T10:59:42+00:00","dateModified":"2025-02-05T21:52:31+00:00","breadcrumb":{"@id":"https:\/\/mastertechq.lpl.univ-paris13.fr\/?page_id=1151#breadcrumb"},"inLanguage":"fr-FR","potentialAction":[{"@type":"ReadAction","target":["https:\/\/mastertechq.lpl.univ-paris13.fr\/?page_id=1151"]}]},{"@type":"ImageObject","inLanguage":"fr-FR","@id":"https:\/\/mastertechq.lpl.univ-paris13.fr\/?page_id=1151#primaryimage","url":"https:\/\/mastertechq.lpl.univ-paris13.fr\/wp-content\/uploads\/2025\/01\/Profil-Mathieu-Manceau-e1736766100740.png","contentUrl":"https:\/\/mastertechq.lpl.univ-paris13.fr\/wp-content\/uploads\/2025\/01\/Profil-Mathieu-Manceau-e1736766100740.png","width":128,"height":192},{"@type":"BreadcrumbList","@id":"https:\/\/mastertechq.lpl.univ-paris13.fr\/?page_id=1151#breadcrumb","itemListElement":[{"@type":"ListItem","position":1,"name":"Home","item":"https:\/\/mastertechq.lpl.univ-paris13.fr\/"},{"@type":"ListItem","position":2,"name":"\u00c9quipe enseignante","item":"https:\/\/mastertechq.lpl.univ-paris13.fr\/?page_id=374"},{"@type":"ListItem","position":3,"name":"Mathieu Manceau &#8211; fr"}]},{"@type":"WebSite","@id":"https:\/\/mastertechq.lpl.univ-paris13.fr\/#website","url":"https:\/\/mastertechq.lpl.univ-paris13.fr\/","name":"Master TechQ","description":"Quantum technologies in motion","publisher":{"@id":"https:\/\/mastertechq.lpl.univ-paris13.fr\/#organization"},"potentialAction":[{"@type":"SearchAction","target":{"@type":"EntryPoint","urlTemplate":"https:\/\/mastertechq.lpl.univ-paris13.fr\/?s={search_term_string}"},"query-input":{"@type":"PropertyValueSpecification","valueRequired":true,"valueName":"search_term_string"}}],"inLanguage":"fr-FR"},{"@type":"Organization","@id":"https:\/\/mastertechq.lpl.univ-paris13.fr\/#organization","name":"Master TechQ","alternateName":"Master Technologies Quantiques","url":"https:\/\/mastertechq.lpl.univ-paris13.fr\/","logo":{"@type":"ImageObject","inLanguage":"fr-FR","@id":"https:\/\/mastertechq.lpl.univ-paris13.fr\/#\/schema\/logo\/image\/","url":"https:\/\/mastertechq.lpl.univ-paris13.fr\/wp-content\/uploads\/2025\/01\/Logo-MTQ.png","contentUrl":"https:\/\/mastertechq.lpl.univ-paris13.fr\/wp-content\/uploads\/2025\/01\/Logo-MTQ.png","width":500,"height":500,"caption":"Master TechQ"},"image":{"@id":"https:\/\/mastertechq.lpl.univ-paris13.fr\/#\/schema\/logo\/image\/"}}]}},"jetpack_sharing_enabled":true,"_links":{"self":[{"href":"https:\/\/mastertechq.lpl.univ-paris13.fr\/index.php?rest_route=\/wp\/v2\/pages\/1151","targetHints":{"allow":["GET"]}}],"collection":[{"href":"https:\/\/mastertechq.lpl.univ-paris13.fr\/index.php?rest_route=\/wp\/v2\/pages"}],"about":[{"href":"https:\/\/mastertechq.lpl.univ-paris13.fr\/index.php?rest_route=\/wp\/v2\/types\/page"}],"author":[{"embeddable":true,"href":"https:\/\/mastertechq.lpl.univ-paris13.fr\/index.php?rest_route=\/wp\/v2\/users\/2"}],"replies":[{"embeddable":true,"href":"https:\/\/mastertechq.lpl.univ-paris13.fr\/index.php?rest_route=%2Fwp%2Fv2%2Fcomments&post=1151"}],"version-history":[{"count":16,"href":"https:\/\/mastertechq.lpl.univ-paris13.fr\/index.php?rest_route=\/wp\/v2\/pages\/1151\/revisions"}],"predecessor-version":[{"id":2065,"href":"https:\/\/mastertechq.lpl.univ-paris13.fr\/index.php?rest_route=\/wp\/v2\/pages\/1151\/revisions\/2065"}],"up":[{"embeddable":true,"href":"https:\/\/mastertechq.lpl.univ-paris13.fr\/index.php?rest_route=\/wp\/v2\/pages\/374"}],"wp:attachment":[{"href":"https:\/\/mastertechq.lpl.univ-paris13.fr\/index.php?rest_route=%2Fwp%2Fv2%2Fmedia&parent=1151"}],"curies":[{"name":"wp","href":"https:\/\/api.w.org\/{rel}","templated":true}]}}