{"id":1411,"date":"2025-01-15T20:58:02","date_gmt":"2025-01-15T19:58:02","guid":{"rendered":"https:\/\/mastertechq.lpl.univ-paris13.fr\/?page_id=1411"},"modified":"2025-01-20T17:46:31","modified_gmt":"2025-01-20T16:46:31","slug":"athanasios-laliotis-fr","status":"publish","type":"page","link":"https:\/\/mastertechq.lpl.univ-paris13.fr\/?page_id=1411","title":{"rendered":"Athanasios Laliotis &#8211; fr"},"content":{"rendered":"\n<div id=\"wp-block-themeisle-blocks-advanced-columns-07f9e39b\" class=\"wp-block-themeisle-blocks-advanced-columns alignfull has-1-columns has-desktop-equal-layout has-tablet-equal-layout has-mobile-collapsedRows-layout has-vertical-center ticss-c00aadba\"><div class=\"wp-block-themeisle-blocks-advanced-columns-overlay\"><\/div><div class=\"innerblocks-wrap\">\n<div id=\"wp-block-themeisle-blocks-advanced-column-9bce96d7\" class=\"wp-block-themeisle-blocks-advanced-column\">\n<div id=\"wp-block-themeisle-blocks-advanced-columns-aeb872df\" class=\"wp-block-themeisle-blocks-advanced-columns has-2-columns has-desktop-oneTwo-layout has-tablet-equal-layout has-mobile-collapsedRows-layout has-vertical-unset\"><div class=\"wp-block-themeisle-blocks-advanced-columns-overlay\"><\/div><div class=\"innerblocks-wrap\">\n<div id=\"wp-block-themeisle-blocks-advanced-column-04b60404\" class=\"wp-block-themeisle-blocks-advanced-column\">\n<div class=\"wp-block-group is-vertical is-content-justification-center is-layout-flex wp-container-core-group-is-layout-b6c1f246 wp-block-group-is-layout-flex\">\n<figure class=\"wp-block-image aligncenter size-full is-resized has-custom-border is-style-default wp-duotone-unset-1\" id=\"wp-block-themeisle-blocks-image-c41a2e9b\"><img decoding=\"async\" width=\"254\" height=\"381\" src=\"https:\/\/mastertechq.lpl.univ-paris13.fr\/wp-content\/uploads\/2025\/01\/Profil-Athanasios-Laliotis-e1737102622755.jpg\" alt=\"\" class=\"wp-image-1483\" style=\"border-radius:20px;width:240px;height:auto\" srcset=\"https:\/\/mastertechq.lpl.univ-paris13.fr\/wp-content\/uploads\/2025\/01\/Profil-Athanasios-Laliotis-e1737102622755.jpg 254w, https:\/\/mastertechq.lpl.univ-paris13.fr\/wp-content\/uploads\/2025\/01\/Profil-Athanasios-Laliotis-e1737102622755-200x300.jpg 200w\" sizes=\"(max-width: 254px) 100vw, 254px\" \/><\/figure>\n\n\n\n<h2 id=\"wp-block-themeisle-blocks-advanced-heading-bbda2e30\" class=\"wp-block-themeisle-blocks-advanced-heading wp-block-themeisle-blocks-advanced-heading-bbda2e30\">Athanasios Laliotis<\/h2>\n\n\n\n<h5 class=\"wp-block-heading has-text-align-center\"><mark style=\"background-color:rgba(0, 0, 0, 0)\" class=\"has-inline-color has-palette-color-3-color\">MA\u00ceTRE DE CONF\u00c9RENCE<\/mark>S<\/h5>\n\n\n\n<div class=\"wp-block-group is-content-justification-center is-nowrap is-layout-flex wp-container-core-group-is-layout-23441af8 wp-block-group-is-layout-flex\">\n<div class=\"wp-block-outermost-icon-block items-justified-center\"><a class=\"icon-container\" href=\"https:\/\/orcid.org\/0000-0002-7193-5650\" target=\"_blank\" rel=\"noreferrer noopener\" style=\"width:32px;transform:rotate(0deg) scaleX(1) scaleY(1)\"><svg xmlns=\"http:\/\/www.w3.org\/2000\/svg\" width=\"32\" height=\"32\" fill=\"none\"><path fill-rule=\"evenodd\" clip-rule=\"evenodd\" d=\"M32 16c0 8.837-7.163 16-16 16-8.838 0-16-7.163-16-16C0 7.162 7.162 0 16 0c8.837 0 16 7.162 16 16Z\" fill=\"#A6CE39\"><\/path><path fill-rule=\"evenodd\" clip-rule=\"evenodd\" d=\"M18.813 9.637h-5.45v13.9h5.474c4.555 0 7.35-3.378 7.35-6.95 0-1.635-.562-3.372-1.77-4.704-1.215-1.336-3.065-2.246-5.605-2.246ZM18.6 21.3h-2.813v-9.425H18.5c1.823 0 3.12.552 3.96 1.4.842.849 1.252 2.021 1.252 3.312 0 .784-.239 1.967-.993 2.948-.745.969-2.01 1.765-4.119 1.765Zm5.311-4.026c-.251 1.74-1.494 4.276-5.311 4.276h-3.063H18.6c3.817 0 5.06-2.536 5.311-4.276Zm1.812-2.405c-.657-2.601-2.85-4.982-6.91-4.982h-5.2 5.2c4.06 0 6.253 2.38 6.91 4.982Zm.215 1.718ZM8.363 9.675v13.887h2.425V9.675H8.363Zm2.175 13.637H8.612h1.925ZM9.575 8.65c.84 0 1.513-.689 1.513-1.513 0-.823-.673-1.512-1.513-1.512-.838 0-1.512.674-1.512 1.513 0 .823.672 1.512 1.512 1.512Z\" fill=\"#fff\"><\/path><\/svg><\/a><\/div>\n\n\n\n<div class=\"wp-block-outermost-icon-block\"><a class=\"icon-container\" href=\"mailto:athanasios.laliotis@univ-paris13.fr\" target=\"_blank\" rel=\"noreferrer noopener\" style=\"width:48px;transform:rotate(0deg) scaleX(1) scaleY(1)\"><svg xmlns=\"http:\/\/www.w3.org\/2000\/svg\" viewBox=\"0 0 24 24\" aria-hidden=\"true\"><path d=\"M20,4H4C2.895,4,2,4.895,2,6v12c0,1.105,0.895,2,2,2h16c1.105,0,2-0.895,2-2V6C22,4.895,21.105,4,20,4z M20,8.236l-8,4.882 L4,8.236V6h16V8.236z\"><\/path><\/svg><\/a><\/div>\n<\/div>\n\n\n\n<p class=\"has-text-align-left\"><strong>Bureau:<\/strong> L307, Campus Villetaneuse<\/p>\n\n\n\n<p class=\"has-text-align-center\">Page <a href=\"https:\/\/www.lpl.univ-paris13.fr\/recherche\/spectroscopie-atomique-aux-interfaces-sai\/\" target=\"_blank\" rel=\"noreferrer noopener\">web<\/a> du groupe de recherche<br>Site <a data-type=\"link\" data-id=\"https:\/\/www.lpl.univ-paris13.fr\/\" href=\"https:\/\/www.lpl.univ-paris13.fr\/\" target=\"_blank\" rel=\"noreferrer noopener\">w<\/a><a href=\"https:\/\/www.lpl.univ-paris13.fr\/recherche\/spectroscopie-atomique-aux-interfaces-sai\/\" target=\"_blank\" rel=\"noreferrer noopener\">e<\/a><a data-type=\"link\" data-id=\"https:\/\/www.lpl.univ-paris13.fr\/\" href=\"https:\/\/www.lpl.univ-paris13.fr\/\" target=\"_blank\" rel=\"noreferrer noopener\">b<\/a> du laboratoire<\/p>\n<\/div>\n<\/div>\n\n\n\n<div id=\"wp-block-themeisle-blocks-advanced-column-abd8dd7d\" class=\"wp-block-themeisle-blocks-advanced-column\">\n<div class=\"wp-block-group is-nowrap is-layout-flex wp-container-core-group-is-layout-6c531013 wp-block-group-is-layout-flex\">\n<hr class=\"wp-block-separator has-alpha-channel-opacity\"\/>\n\n\n\n<div class=\"wp-block-group is-vertical is-layout-flex wp-container-core-group-is-layout-fe9cc265 wp-block-group-is-layout-flex\">\n<h4 class=\"wp-block-heading\"><em>Mon parcours recherche :<\/em><\/h4>\n\n\n\n<p class=\"has-text-align-left\">Athanasios Laliotis est Ma\u00eetre de Conf\u00e9rences \u00e0 l\u2019Universit\u00e9 Sorbonne Paris Nord, sp\u00e9cialis\u00e9 en physique atomique et spectroscopie laser. Ses recherches portent principalement sur les tests exp\u00e9rimentaux fondamentaux de l\u2019\u00e9lectrodynamique quantique, avec un accent particulier sur les interactions de Casimir-Polder entre des particules quantiques polarisables et des surfaces macroscopiques. Il s\u2019int\u00e9resse \u00e9galement \u00e0 l\u2019utilisation d\u2019atomes tr\u00e8s excit\u00e9s (Rydberg) comme capteurs quantiques pour \u00e9tudier les propri\u00e9t\u00e9s r\u00e9sonnantes des mat\u00e9riaux et des m\u00e9tamat\u00e9riaux. Ses travaux exp\u00e9rimentaux reposent principalement sur l\u2019utilisation de gaz atomiques et mol\u00e9culaires.<br><br>Athanasios dirige le groupe SAI et occupe le poste de Directeur Adjoint du Laboratoire de Physique des Lasers. Il est impliqu\u00e9 dans plusieurs consortiums sur les technologies quantiques, notamment le PCQT, QuanTech@Paris et il a co-organis\u00e9 le workshop Hot Vapor Workshop en 2024 \u00e0 Stuttgart (https:\/\/atom.institute). Il a publi\u00e9 de nombreux articles scientifiques dans des revues \u00e0 comit\u00e9 de lecture et a pr\u00e9sent\u00e9 ses travaux lors de nombreuses conf\u00e9rences invit\u00e9es. Par ailleurs, il entretient un grand r\u00e9seau de collaborations en Europe, en Asie et sur le continent am\u00e9ricain.<br><br>Athanasios a obtenu son dipl\u00f4me en physique de l\u2019Universit\u00e9 d\u2019Ath\u00e8nes en 1998, suivi d\u2019un Master \u00e0 l\u2019Universit\u00e9 de Princeton en 2000. Il a ensuite entrepris un doctorat \u00e0 l\u2019Imperial College London (Department of Electrical and Electronic Engineering), se sp\u00e9cialisant en optique int\u00e9gr\u00e9e et en particulier sur les guides d\u2019ondes amplificateurs dop\u00e9s \u00e0 l\u2019erbium int\u00e9gr\u00e9s sur des puces en silicium. Par la suite, il a men\u00e9 des recherches postdoctorales au D\u00e9partement de Physique de l\u2019Imperial College London, sous la supervision d\u2019Ed Hinds, o\u00f9 il a travaill\u00e9 sur le refroidissement d\u2019atomes sur puce (atom-chips) en d\u00e9veloppant des pi\u00e8ges magn\u00e9to-optiques pyramidaux.<\/p>\n\n\n\n<h4 class=\"wp-block-heading\"><em>Les cours enseign\u00e9s :<\/em><\/h4>\n\n\n\n<ul class=\"wp-block-list\">\n<li>Physique Quantique 3 : Qbits <a href=\"https:\/\/mastertechq.lpl.univ-paris13.fr\/?page_id=696\"><img decoding=\"async\" width=\"25\" height=\"25\" class=\"wp-image-258\" style=\"width: 25px;\" src=\"https:\/\/mastertechq.lpl.univ-paris13.fr\/wp-content\/uploads\/2024\/12\/Arrow-fe2f47.svg\" alt=\"\"><\/a><\/li>\n\n\n\n<li>Physique pour les Technologies Quantiques 3 : Photonique pour les technologies quantiques <a href=\"https:\/\/mastertechq.lpl.univ-paris13.fr\/?page_id=680\"><img decoding=\"async\" width=\"25\" height=\"25\" class=\"wp-image-258\" style=\"width: 25px;\" src=\"https:\/\/mastertechq.lpl.univ-paris13.fr\/wp-content\/uploads\/2024\/12\/Arrow-fe2f47.svg\" alt=\"\"><\/a><\/li>\n<\/ul>\n\n\n\n<h4 class=\"wp-block-heading\"><em>Th\u00e9matiques de recherche :<\/em><\/h4>\n\n\n\n<ul class=\"wp-block-list\">\n<li>Interactions Casimir-Polder<\/li>\n\n\n\n<li>Spectroscopie laser<\/li>\n\n\n\n<li>Atomes de Rydberg<\/li>\n<\/ul>\n<\/div>\n<\/div>\n<\/div>\n<\/div><\/div>\n\n\n\n<div style=\"height:52px\" aria-hidden=\"true\" class=\"wp-block-spacer\"><\/div>\n\n\n\n<div class=\"wp-block-columns is-layout-flex wp-container-core-columns-is-layout-28f84493 wp-block-columns-is-layout-flex\">\n<div class=\"wp-block-column is-layout-flow wp-block-column-is-layout-flow\" style=\"flex-basis:33.33%\">\n<figure class=\"wp-block-image size-full is-resized\"><img decoding=\"async\" width=\"518\" height=\"733\" src=\"https:\/\/mastertechq.lpl.univ-paris13.fr\/wp-content\/uploads\/2025\/01\/GraphiqueNanoCellule.jpg\" alt=\"\" class=\"wp-image-1417\" style=\"box-shadow:var(--wp--preset--shadow--sharp);width:auto;height:400px\" srcset=\"https:\/\/mastertechq.lpl.univ-paris13.fr\/wp-content\/uploads\/2025\/01\/GraphiqueNanoCellule.jpg 518w, https:\/\/mastertechq.lpl.univ-paris13.fr\/wp-content\/uploads\/2025\/01\/GraphiqueNanoCellule-212x300.jpg 212w\" sizes=\"(max-width: 518px) 100vw, 518px\" \/><\/figure>\n<\/div>\n\n\n\n<div class=\"wp-block-column is-layout-flow wp-block-column-is-layout-flow\" style=\"flex-basis:66.66%\">\n<figure class=\"wp-block-image aligncenter size-full is-resized\"><img decoding=\"async\" width=\"854\" height=\"480\" src=\"https:\/\/mastertechq.lpl.univ-paris13.fr\/wp-content\/uploads\/2025\/01\/GraphiqueMolecules.jpg\" alt=\"\" class=\"wp-image-1416\" style=\"box-shadow:var(--wp--preset--shadow--sharp);object-fit:cover;width:650px;height:400px\" srcset=\"https:\/\/mastertechq.lpl.univ-paris13.fr\/wp-content\/uploads\/2025\/01\/GraphiqueMolecules.jpg 854w, https:\/\/mastertechq.lpl.univ-paris13.fr\/wp-content\/uploads\/2025\/01\/GraphiqueMolecules-300x169.jpg 300w, https:\/\/mastertechq.lpl.univ-paris13.fr\/wp-content\/uploads\/2025\/01\/GraphiqueMolecules-768x432.jpg 768w\" sizes=\"(max-width: 854px) 100vw, 854px\" \/><\/figure>\n<\/div>\n<\/div>\n\n\n\n<h4 class=\"wp-block-heading\">Quelques articles choisis<\/h4>\n\n\n\n<blockquote class=\"wp-block-quote is-style-default is-layout-flow wp-block-quote-is-layout-flow\">\n<ul class=\"wp-block-list\">\n<li>Guadalupe Garcia Arellano, Joao Carlos de Aquino Carvalho, Hippolyte Mouhanna, Esther Butery, Thierry Billeton, Frederic Du-Burck, Benoit Darqui\u00e9, Isabelle Maurin, and Athanasios Laliotis, \u00ab<em>Probing molecules in gas cells of subwavelength thickness with high frequency resolution<\/em>\u00bb, <em>Nat. Commun<\/em>. <strong>15<\/strong>, 1862 (2024).<br>DOI: <a href=\"http:\/\/doi.org\/10.1038\/s41467-024-45830-x\" target=\"_blank\" rel=\"noreferrer noopener\">10.1038\/s41467-024-45830-x<\/a><\/li>\n\n\n\n<li>J.\u2009C. de Aquino Carvalho, I. Maurin, P. Chaves de Souza Segundo, A. Laliotis, D. de Sousa Meneses, and D. Bloch, \u00ab<em>Spectrally Sharp Near-Field Thermal Emission: Revealing Some Disagreements between a Casimir-Polder Sensor and Predictions from Far-Field Emittance<\/em>\u00bb, Phys. Rev. Lett. <strong>131<\/strong>, 143801 (2023).<br>DOI: <a data-type=\"link\" data-id=\"doi.org\/10.1364\/AO.435274\" href=\"http:\/\/doi.org\/10.1103\/PhysRevLett.127.203402\" target=\"_blank\" rel=\"noreferrer noopener\"><\/a><a href=\"https:\/\/doi.org\/10.1103\/PhysRevLett.131.143801\" target=\"_blank\" rel=\"noreferrer noopener\"><\/a><a href=\"https:\/\/doi.org\/10.1103\/PhysRevLett.131.143801\" target=\"_blank\" rel=\"noreferrer noopener\">10.1103\/PhysRevLett.131.143801<\/a><\/li>\n<\/ul>\n<\/blockquote>\n\n\n\n<div style=\"height:52px\" aria-hidden=\"true\" class=\"wp-block-spacer\"><\/div>\n<\/div>\n<\/div><\/div>\n","protected":false},"excerpt":{"rendered":"","protected":false},"author":2,"featured_media":0,"parent":374,"menu_order":0,"comment_status":"closed","ping_status":"closed","template":"","meta":{"_themeisle_gutenberg_block_has_review":false,"footnotes":""},"class_list":["post-1411","page","type-page","status-publish","hentry"],"blocksy_meta":[],"yoast_head":"<!-- This site is optimized with the Yoast SEO plugin v27.2 - https:\/\/yoast.com\/product\/yoast-seo-wordpress\/ -->\n<title>Athanasios Laliotis - fr - Master TechQ<\/title>\n<meta name=\"robots\" content=\"index, follow, max-snippet:-1, max-image-preview:large, max-video-preview:-1\" \/>\n<link rel=\"canonical\" href=\"https:\/\/mastertechq.lpl.univ-paris13.fr\/?page_id=1411\" \/>\n<meta property=\"og:locale\" content=\"fr_FR\" \/>\n<meta property=\"og:type\" content=\"article\" \/>\n<meta property=\"og:title\" content=\"Athanasios Laliotis - fr - Master TechQ\" \/>\n<meta property=\"og:url\" content=\"https:\/\/mastertechq.lpl.univ-paris13.fr\/?page_id=1411\" \/>\n<meta property=\"og:site_name\" content=\"Master TechQ\" \/>\n<meta property=\"article:modified_time\" content=\"2025-01-20T16:46:31+00:00\" \/>\n<meta property=\"og:image\" content=\"https:\/\/mastertechq.lpl.univ-paris13.fr\/wp-content\/uploads\/2025\/01\/Profil-Athanasios-Laliotis-e1737102622755.jpg\" \/>\n\t<meta property=\"og:image:width\" content=\"254\" \/>\n\t<meta property=\"og:image:height\" content=\"381\" \/>\n\t<meta property=\"og:image:type\" content=\"image\/jpeg\" \/>\n<meta name=\"twitter:card\" content=\"summary_large_image\" \/>\n<meta name=\"twitter:label1\" content=\"Dur\u00e9e de lecture estim\u00e9e\" \/>\n\t<meta name=\"twitter:data1\" content=\"3 minutes\" \/>\n<script type=\"application\/ld+json\" class=\"yoast-schema-graph\">{\"@context\":\"https:\/\/schema.org\",\"@graph\":[{\"@type\":\"WebPage\",\"@id\":\"https:\/\/mastertechq.lpl.univ-paris13.fr\/?page_id=1411\",\"url\":\"https:\/\/mastertechq.lpl.univ-paris13.fr\/?page_id=1411\",\"name\":\"Athanasios Laliotis - fr - Master TechQ\",\"isPartOf\":{\"@id\":\"https:\/\/mastertechq.lpl.univ-paris13.fr\/#website\"},\"primaryImageOfPage\":{\"@id\":\"https:\/\/mastertechq.lpl.univ-paris13.fr\/?page_id=1411#primaryimage\"},\"image\":{\"@id\":\"https:\/\/mastertechq.lpl.univ-paris13.fr\/?page_id=1411#primaryimage\"},\"thumbnailUrl\":\"https:\/\/mastertechq.lpl.univ-paris13.fr\/wp-content\/uploads\/2025\/01\/Profil-Athanasios-Laliotis-e1737102622755.jpg\",\"datePublished\":\"2025-01-15T19:58:02+00:00\",\"dateModified\":\"2025-01-20T16:46:31+00:00\",\"breadcrumb\":{\"@id\":\"https:\/\/mastertechq.lpl.univ-paris13.fr\/?page_id=1411#breadcrumb\"},\"inLanguage\":\"fr-FR\",\"potentialAction\":[{\"@type\":\"ReadAction\",\"target\":[\"https:\/\/mastertechq.lpl.univ-paris13.fr\/?page_id=1411\"]}]},{\"@type\":\"ImageObject\",\"inLanguage\":\"fr-FR\",\"@id\":\"https:\/\/mastertechq.lpl.univ-paris13.fr\/?page_id=1411#primaryimage\",\"url\":\"https:\/\/mastertechq.lpl.univ-paris13.fr\/wp-content\/uploads\/2025\/01\/Profil-Athanasios-Laliotis-e1737102622755.jpg\",\"contentUrl\":\"https:\/\/mastertechq.lpl.univ-paris13.fr\/wp-content\/uploads\/2025\/01\/Profil-Athanasios-Laliotis-e1737102622755.jpg\",\"width\":254,\"height\":381},{\"@type\":\"BreadcrumbList\",\"@id\":\"https:\/\/mastertechq.lpl.univ-paris13.fr\/?page_id=1411#breadcrumb\",\"itemListElement\":[{\"@type\":\"ListItem\",\"position\":1,\"name\":\"Home\",\"item\":\"https:\/\/mastertechq.lpl.univ-paris13.fr\/\"},{\"@type\":\"ListItem\",\"position\":2,\"name\":\"\u00c9quipe enseignante\",\"item\":\"https:\/\/mastertechq.lpl.univ-paris13.fr\/?page_id=374\"},{\"@type\":\"ListItem\",\"position\":3,\"name\":\"Athanasios Laliotis &#8211; fr\"}]},{\"@type\":\"WebSite\",\"@id\":\"https:\/\/mastertechq.lpl.univ-paris13.fr\/#website\",\"url\":\"https:\/\/mastertechq.lpl.univ-paris13.fr\/\",\"name\":\"Master TechQ\",\"description\":\"Quantum technologies in motion\",\"publisher\":{\"@id\":\"https:\/\/mastertechq.lpl.univ-paris13.fr\/#organization\"},\"potentialAction\":[{\"@type\":\"SearchAction\",\"target\":{\"@type\":\"EntryPoint\",\"urlTemplate\":\"https:\/\/mastertechq.lpl.univ-paris13.fr\/?s={search_term_string}\"},\"query-input\":{\"@type\":\"PropertyValueSpecification\",\"valueRequired\":true,\"valueName\":\"search_term_string\"}}],\"inLanguage\":\"fr-FR\"},{\"@type\":\"Organization\",\"@id\":\"https:\/\/mastertechq.lpl.univ-paris13.fr\/#organization\",\"name\":\"Master TechQ\",\"alternateName\":\"Master Technologies Quantiques\",\"url\":\"https:\/\/mastertechq.lpl.univ-paris13.fr\/\",\"logo\":{\"@type\":\"ImageObject\",\"inLanguage\":\"fr-FR\",\"@id\":\"https:\/\/mastertechq.lpl.univ-paris13.fr\/#\/schema\/logo\/image\/\",\"url\":\"https:\/\/mastertechq.lpl.univ-paris13.fr\/wp-content\/uploads\/2025\/01\/Logo-MTQ.png\",\"contentUrl\":\"https:\/\/mastertechq.lpl.univ-paris13.fr\/wp-content\/uploads\/2025\/01\/Logo-MTQ.png\",\"width\":500,\"height\":500,\"caption\":\"Master TechQ\"},\"image\":{\"@id\":\"https:\/\/mastertechq.lpl.univ-paris13.fr\/#\/schema\/logo\/image\/\"}}]}<\/script>\n<!-- \/ Yoast SEO plugin. -->","yoast_head_json":{"title":"Athanasios Laliotis - fr - Master TechQ","robots":{"index":"index","follow":"follow","max-snippet":"max-snippet:-1","max-image-preview":"max-image-preview:large","max-video-preview":"max-video-preview:-1"},"canonical":"https:\/\/mastertechq.lpl.univ-paris13.fr\/?page_id=1411","og_locale":"fr_FR","og_type":"article","og_title":"Athanasios Laliotis - fr - Master TechQ","og_url":"https:\/\/mastertechq.lpl.univ-paris13.fr\/?page_id=1411","og_site_name":"Master TechQ","article_modified_time":"2025-01-20T16:46:31+00:00","og_image":[{"width":254,"height":381,"url":"https:\/\/mastertechq.lpl.univ-paris13.fr\/wp-content\/uploads\/2025\/01\/Profil-Athanasios-Laliotis-e1737102622755.jpg","type":"image\/jpeg"}],"twitter_card":"summary_large_image","twitter_misc":{"Dur\u00e9e de lecture estim\u00e9e":"3 minutes"},"schema":{"@context":"https:\/\/schema.org","@graph":[{"@type":"WebPage","@id":"https:\/\/mastertechq.lpl.univ-paris13.fr\/?page_id=1411","url":"https:\/\/mastertechq.lpl.univ-paris13.fr\/?page_id=1411","name":"Athanasios Laliotis - fr - Master TechQ","isPartOf":{"@id":"https:\/\/mastertechq.lpl.univ-paris13.fr\/#website"},"primaryImageOfPage":{"@id":"https:\/\/mastertechq.lpl.univ-paris13.fr\/?page_id=1411#primaryimage"},"image":{"@id":"https:\/\/mastertechq.lpl.univ-paris13.fr\/?page_id=1411#primaryimage"},"thumbnailUrl":"https:\/\/mastertechq.lpl.univ-paris13.fr\/wp-content\/uploads\/2025\/01\/Profil-Athanasios-Laliotis-e1737102622755.jpg","datePublished":"2025-01-15T19:58:02+00:00","dateModified":"2025-01-20T16:46:31+00:00","breadcrumb":{"@id":"https:\/\/mastertechq.lpl.univ-paris13.fr\/?page_id=1411#breadcrumb"},"inLanguage":"fr-FR","potentialAction":[{"@type":"ReadAction","target":["https:\/\/mastertechq.lpl.univ-paris13.fr\/?page_id=1411"]}]},{"@type":"ImageObject","inLanguage":"fr-FR","@id":"https:\/\/mastertechq.lpl.univ-paris13.fr\/?page_id=1411#primaryimage","url":"https:\/\/mastertechq.lpl.univ-paris13.fr\/wp-content\/uploads\/2025\/01\/Profil-Athanasios-Laliotis-e1737102622755.jpg","contentUrl":"https:\/\/mastertechq.lpl.univ-paris13.fr\/wp-content\/uploads\/2025\/01\/Profil-Athanasios-Laliotis-e1737102622755.jpg","width":254,"height":381},{"@type":"BreadcrumbList","@id":"https:\/\/mastertechq.lpl.univ-paris13.fr\/?page_id=1411#breadcrumb","itemListElement":[{"@type":"ListItem","position":1,"name":"Home","item":"https:\/\/mastertechq.lpl.univ-paris13.fr\/"},{"@type":"ListItem","position":2,"name":"\u00c9quipe enseignante","item":"https:\/\/mastertechq.lpl.univ-paris13.fr\/?page_id=374"},{"@type":"ListItem","position":3,"name":"Athanasios Laliotis &#8211; fr"}]},{"@type":"WebSite","@id":"https:\/\/mastertechq.lpl.univ-paris13.fr\/#website","url":"https:\/\/mastertechq.lpl.univ-paris13.fr\/","name":"Master TechQ","description":"Quantum technologies in motion","publisher":{"@id":"https:\/\/mastertechq.lpl.univ-paris13.fr\/#organization"},"potentialAction":[{"@type":"SearchAction","target":{"@type":"EntryPoint","urlTemplate":"https:\/\/mastertechq.lpl.univ-paris13.fr\/?s={search_term_string}"},"query-input":{"@type":"PropertyValueSpecification","valueRequired":true,"valueName":"search_term_string"}}],"inLanguage":"fr-FR"},{"@type":"Organization","@id":"https:\/\/mastertechq.lpl.univ-paris13.fr\/#organization","name":"Master TechQ","alternateName":"Master Technologies Quantiques","url":"https:\/\/mastertechq.lpl.univ-paris13.fr\/","logo":{"@type":"ImageObject","inLanguage":"fr-FR","@id":"https:\/\/mastertechq.lpl.univ-paris13.fr\/#\/schema\/logo\/image\/","url":"https:\/\/mastertechq.lpl.univ-paris13.fr\/wp-content\/uploads\/2025\/01\/Logo-MTQ.png","contentUrl":"https:\/\/mastertechq.lpl.univ-paris13.fr\/wp-content\/uploads\/2025\/01\/Logo-MTQ.png","width":500,"height":500,"caption":"Master TechQ"},"image":{"@id":"https:\/\/mastertechq.lpl.univ-paris13.fr\/#\/schema\/logo\/image\/"}}]}},"jetpack_sharing_enabled":true,"_links":{"self":[{"href":"https:\/\/mastertechq.lpl.univ-paris13.fr\/index.php?rest_route=\/wp\/v2\/pages\/1411","targetHints":{"allow":["GET"]}}],"collection":[{"href":"https:\/\/mastertechq.lpl.univ-paris13.fr\/index.php?rest_route=\/wp\/v2\/pages"}],"about":[{"href":"https:\/\/mastertechq.lpl.univ-paris13.fr\/index.php?rest_route=\/wp\/v2\/types\/page"}],"author":[{"embeddable":true,"href":"https:\/\/mastertechq.lpl.univ-paris13.fr\/index.php?rest_route=\/wp\/v2\/users\/2"}],"replies":[{"embeddable":true,"href":"https:\/\/mastertechq.lpl.univ-paris13.fr\/index.php?rest_route=%2Fwp%2Fv2%2Fcomments&post=1411"}],"version-history":[{"count":23,"href":"https:\/\/mastertechq.lpl.univ-paris13.fr\/index.php?rest_route=\/wp\/v2\/pages\/1411\/revisions"}],"predecessor-version":[{"id":1700,"href":"https:\/\/mastertechq.lpl.univ-paris13.fr\/index.php?rest_route=\/wp\/v2\/pages\/1411\/revisions\/1700"}],"up":[{"embeddable":true,"href":"https:\/\/mastertechq.lpl.univ-paris13.fr\/index.php?rest_route=\/wp\/v2\/pages\/374"}],"wp:attachment":[{"href":"https:\/\/mastertechq.lpl.univ-paris13.fr\/index.php?rest_route=%2Fwp%2Fv2%2Fmedia&parent=1411"}],"curies":[{"name":"wp","href":"https:\/\/api.w.org\/{rel}","templated":true}]}}