{"id":1922,"date":"2025-01-30T20:57:30","date_gmt":"2025-01-30T19:57:30","guid":{"rendered":"https:\/\/mastertechq.lpl.univ-paris13.fr\/?page_id=1922"},"modified":"2025-02-05T22:32:22","modified_gmt":"2025-02-05T21:32:22","slug":"adele-hilico-en","status":"publish","type":"page","link":"https:\/\/mastertechq.lpl.univ-paris13.fr\/?page_id=1922","title":{"rendered":"Ad\u00e8le Hilico &#8211; en"},"content":{"rendered":"\n<div id=\"wp-block-themeisle-blocks-advanced-columns-07f9e39b\" class=\"wp-block-themeisle-blocks-advanced-columns alignfull has-1-columns has-desktop-equal-layout has-tablet-equal-layout has-mobile-collapsedRows-layout has-vertical-center ticss-c00aadba\"><div class=\"wp-block-themeisle-blocks-advanced-columns-overlay\"><\/div><div class=\"innerblocks-wrap\">\n<div id=\"wp-block-themeisle-blocks-advanced-column-9bce96d7\" class=\"wp-block-themeisle-blocks-advanced-column\">\n<div id=\"wp-block-themeisle-blocks-advanced-columns-aeb872df\" class=\"wp-block-themeisle-blocks-advanced-columns has-2-columns has-desktop-oneTwo-layout has-tablet-equal-layout has-mobile-collapsedRows-layout has-vertical-unset\"><div class=\"wp-block-themeisle-blocks-advanced-columns-overlay\"><\/div><div class=\"innerblocks-wrap\">\n<div id=\"wp-block-themeisle-blocks-advanced-column-04b60404\" class=\"wp-block-themeisle-blocks-advanced-column\">\n<div class=\"wp-block-group is-vertical is-content-justification-center is-layout-flex wp-container-core-group-is-layout-b6c1f246 wp-block-group-is-layout-flex\">\n<figure class=\"wp-block-image aligncenter size-full is-resized has-custom-border is-style-default wp-duotone-unset-1\" id=\"wp-block-themeisle-blocks-image-a43dd267\"><img decoding=\"async\" src=\"https:\/\/mastertechq.lpl.univ-paris13.fr\/wp-content\/uploads\/2025\/01\/Profil-Adele-Hilico-e1736425038888.jpeg\" alt=\"\" class=\"wp-image-592\" style=\"border-radius:20px;width:240px;height:auto\"\/><\/figure>\n\n\n\n<h2 id=\"wp-block-themeisle-blocks-advanced-heading-bbda2e30\" class=\"wp-block-themeisle-blocks-advanced-heading wp-block-themeisle-blocks-advanced-heading-bbda2e30\">Ad\u00e8le Hilico<\/h2>\n\n\n\n<h5 class=\"wp-block-heading has-text-align-center\"><mark style=\"background-color:rgba(0, 0, 0, 0)\" class=\"has-inline-color has-palette-color-3-color\">ASSOCIATE PROFESSOR<\/mark><\/h5>\n\n\n\n<div class=\"wp-block-group is-content-justification-center is-nowrap is-layout-flex wp-container-core-group-is-layout-23441af8 wp-block-group-is-layout-flex\">\n<div class=\"wp-block-outermost-icon-block items-justified-center\"><a class=\"icon-container\" href=\"https:\/\/orcid.org\/0000-0001-6831-6843\" target=\"_blank\" rel=\"noreferrer noopener\" style=\"width:32px;transform:rotate(0deg) scaleX(1) scaleY(1)\"><svg xmlns=\"http:\/\/www.w3.org\/2000\/svg\" width=\"32\" height=\"32\" fill=\"none\"><path fill-rule=\"evenodd\" clip-rule=\"evenodd\" d=\"M32 16c0 8.837-7.163 16-16 16-8.838 0-16-7.163-16-16C0 7.162 7.162 0 16 0c8.837 0 16 7.162 16 16Z\" fill=\"#A6CE39\"><\/path><path fill-rule=\"evenodd\" clip-rule=\"evenodd\" d=\"M18.813 9.637h-5.45v13.9h5.474c4.555 0 7.35-3.378 7.35-6.95 0-1.635-.562-3.372-1.77-4.704-1.215-1.336-3.065-2.246-5.605-2.246ZM18.6 21.3h-2.813v-9.425H18.5c1.823 0 3.12.552 3.96 1.4.842.849 1.252 2.021 1.252 3.312 0 .784-.239 1.967-.993 2.948-.745.969-2.01 1.765-4.119 1.765Zm5.311-4.026c-.251 1.74-1.494 4.276-5.311 4.276h-3.063H18.6c3.817 0 5.06-2.536 5.311-4.276Zm1.812-2.405c-.657-2.601-2.85-4.982-6.91-4.982h-5.2 5.2c4.06 0 6.253 2.38 6.91 4.982Zm.215 1.718ZM8.363 9.675v13.887h2.425V9.675H8.363Zm2.175 13.637H8.612h1.925ZM9.575 8.65c.84 0 1.513-.689 1.513-1.513 0-.823-.673-1.512-1.513-1.512-.838 0-1.512.674-1.512 1.513 0 .823.672 1.512 1.512 1.512Z\" fill=\"#fff\"><\/path><\/svg><\/a><\/div>\n\n\n\n<div class=\"wp-block-outermost-icon-block\"><a class=\"icon-container\" href=\"mailto:adele.hilico@univ-paris13.fr\" target=\"_blank\" rel=\"noreferrer noopener\" style=\"width:48px;transform:rotate(0deg) scaleX(1) scaleY(1)\"><svg xmlns=\"http:\/\/www.w3.org\/2000\/svg\" viewBox=\"0 0 24 24\" aria-hidden=\"true\"><path d=\"M20,4H4C2.895,4,2,4.895,2,6v12c0,1.105,0.895,2,2,2h16c1.105,0,2-0.895,2-2V6C22,4.895,21.105,4,20,4z M20,8.236l-8,4.882 L4,8.236V6h16V8.236z\"><\/path><\/svg><\/a><\/div>\n<\/div>\n\n\n\n<p class=\"has-text-align-left\"><strong>Office:<\/strong> B002, Campus Villetaneuse<\/p>\n\n\n\n<p class=\"has-text-align-center\">Research group <a href=\"https:\/\/www.lpl.univ-paris13.fr\/transfert-de-frequences-par-lien-optique\/\" target=\"_blank\" rel=\"noreferrer noopener\">website<\/a><br>Laboratory <a href=\"https:\/\/www.lpl.univ-paris13.fr\/\" target=\"_blank\" rel=\"noreferrer noopener\">website<\/a><\/p>\n<\/div>\n<\/div>\n\n\n\n<div id=\"wp-block-themeisle-blocks-advanced-column-abd8dd7d\" class=\"wp-block-themeisle-blocks-advanced-column\">\n<div class=\"wp-block-group is-nowrap is-layout-flex wp-container-core-group-is-layout-6c531013 wp-block-group-is-layout-flex\">\n<hr class=\"wp-block-separator has-alpha-channel-opacity\"\/>\n\n\n\n<div class=\"wp-block-group is-vertical is-layout-flex wp-container-core-group-is-layout-fe9cc265 wp-block-group-is-layout-flex\">\n<h4 class=\"wp-block-heading\"><em>My research background:<\/em><\/h4>\n\n\n\n<p class=\"has-text-align-left\">Ad\u00e8le Hilico obtained her PhD in 2014 from the SYRTE laboratory at Paris Observatory, for her work on an atomic physics experiment to measure the short-range forces between an atom and a surface using atom interferometry methods. She then completed a postdoctoral fellowship at the Vienna University of Technology (Austria) working on an experiment studying light-matter interaction at the scale of the atom and the single photon, where she helped demonstrate the first quantum optical circulator. In 2018, she was recruited as an associate professor at the University of Bordeaux to work on the development of laser systems for quantum technologies, and in particular the realization of low-noise power laser amplifiers in the infrared and high-power generation in the visible. She recently joined the Laboratoire de Physique des Lasers at Sorbonne Paris Nord University to work within the Metrology and Fundamental Tests team on the realization of low-noise frequency lasers and the distribution of frequency and time references via fiber links, and possible applications to quantum key distribution infrastructures.<\/p>\n\n\n\n<h4 class=\"wp-block-heading\"><em>Courses taught:<\/em><\/h4>\n\n\n\n<ul class=\"wp-block-list\">\n<li>Physique pour les Technologies Quantiques 1 : Harmonisation microcontr\u00f4leurs <a href=\"https:\/\/mastertechq.lpl.univ-paris13.fr\/?page_id=811\"><img decoding=\"async\" width=\"25\" height=\"25\" class=\"wp-image-258\" style=\"width: 25px;\" src=\"https:\/\/mastertechq.lpl.univ-paris13.fr\/wp-content\/uploads\/2024\/12\/Arrow-fe2f47.svg\" alt=\"\"><\/a><\/li>\n\n\n\n<li>Physique de la Cha\u00eene de Mesure 2 : Microcontr\u00f4leurs <a href=\"https:\/\/mastertechq.lpl.univ-paris13.fr\/?page_id=1572\"><img decoding=\"async\" width=\"25\" height=\"25\" class=\"wp-image-258\" style=\"width: 25px;\" src=\"https:\/\/mastertechq.lpl.univ-paris13.fr\/wp-content\/uploads\/2024\/12\/Arrow-fe2f47.svg\" alt=\"\"><\/a><\/li>\n<\/ul>\n\n\n\n<h4 class=\"wp-block-heading\"><em>Research themes:<\/em><\/h4>\n\n\n\n<ul class=\"wp-block-list\">\n<li>Metrology<\/li>\n\n\n\n<li>Cold atoms<\/li>\n\n\n\n<li>Lasers for quantum technologies<\/li>\n<\/ul>\n<\/div>\n<\/div>\n<\/div>\n<\/div><\/div>\n\n\n\n<div style=\"height:52px\" aria-hidden=\"true\" class=\"wp-block-spacer\"><\/div>\n\n\n\n<figure class=\"wp-block-image aligncenter size-large is-resized\"><img decoding=\"async\" width=\"1024\" height=\"576\" src=\"https:\/\/mastertechq.lpl.univ-paris13.fr\/wp-content\/uploads\/2025\/01\/nnIIrpMMfgQmshpu-1024x576.png\" alt=\"\" class=\"wp-image-445\" style=\"box-shadow:var(--wp--preset--shadow--sharp);width:648px;height:auto\" srcset=\"https:\/\/mastertechq.lpl.univ-paris13.fr\/wp-content\/uploads\/2025\/01\/nnIIrpMMfgQmshpu-1024x576.png 1024w, https:\/\/mastertechq.lpl.univ-paris13.fr\/wp-content\/uploads\/2025\/01\/nnIIrpMMfgQmshpu-300x169.png 300w, https:\/\/mastertechq.lpl.univ-paris13.fr\/wp-content\/uploads\/2025\/01\/nnIIrpMMfgQmshpu-768x432.png 768w, https:\/\/mastertechq.lpl.univ-paris13.fr\/wp-content\/uploads\/2025\/01\/nnIIrpMMfgQmshpu.png 1280w\" sizes=\"(max-width: 1024px) 100vw, 1024px\" \/><figcaption class=\"wp-element-caption\"><em>High-power laser<\/em><\/figcaption><\/figure>\n\n\n\n<h4 class=\"wp-block-heading\">A few selected articles<\/h4>\n\n\n\n<blockquote class=\"wp-block-quote is-style-default is-layout-flow wp-block-quote-is-layout-flow\">\n<ul class=\"wp-block-list\">\n<li>Dia Darwich, Yves-Vincent Bardin, Mathieu Goeppner, Cl\u00e9ment Dixneuf, Germain Guiraud, Nicholas Traynor, Giorgio Santarelli, and Ad\u00e8le Hilico, \u00ab<em>Ultralow-intensity noise, 10\u2009W all-fiber single-frequency tunable laser system around 1550\u2009nm<\/em>\u00bb, Appl. Opt. <strong>60<\/strong>, 8550 (2021).<br>DOI: <a href=\"http:\/\/doi.org\/10.1364\/AO.435274\" data-type=\"link\" data-id=\"doi.org\/10.1364\/AO.435274\" target=\"_blank\" rel=\"noreferrer noopener\">10.1364\/AO.435274<\/a><\/li>\n\n\n\n<li>Michael Scheucher, Ad\u00e8le Hilico, Elisa Will, J\u00fcrgen Volz , and Arno Rauschenbeutel, \u00ab<em>Quantum optical circulator controlled by a single chirally coupled atom<\/em>\u00bb, Science<strong> 354<\/strong>, 1577 (2016).<br>DOI: <a href=\"https:\/\/doi.org\/10.1126\/science.aaj2118\" target=\"_blank\" rel=\"noreferrer noopener\">10.1126\/science.aaj2118<\/a><\/li>\n<\/ul>\n<\/blockquote>\n\n\n\n<div style=\"height:52px\" aria-hidden=\"true\" class=\"wp-block-spacer\"><\/div>\n\n\n<div id=\"wphal-content\"><div id=\"meta\">\n        <div class=\"display\" id=\"wphal-contact\" style=\"display: none\">\n            <h3 class=\"wphal-titre\">Contact<\/h3>\n\n            <ul id=\"wphal-cont\" style=\"list-style-type: none\"><\/ul>\n        <\/div>\n        <div class=\"display\" id=\"wphal-disciplines\" style=\"display: none\">\n            <h3 class=\"wphal-titre\">Disciplines<\/h3><\/div>\n        <div class=\"display\" id=\"wphal-keywords\" style=\"display: none\">\n            <h3 class=\"wphal-titre\">Mots-clefs<\/h3><\/div>\n        <div class=\"display\" id=\"wphal-auteurs\" style=\"display: none\">\n            <h3 class=\"wphal-titre\">Auteurs<\/h3><\/div>\n        <div class=\"display\" id=\"wphal-affiliated\" style=\"display: none\">\n            <h3 class=\"wphal-titre\">Auteurs de la structure<\/h3><\/div>\n        <div class=\"display\" id=\"wphal-revues\" style=\"display: none\">\n            <h3 class=\"wphal-titre\">Revues<\/h3><\/div>\n        <div class=\"display\" id=\"wphal-annees\" style=\"display: none\">\n            <h3 class=\"wphal-titre\">Ann\u00e9e de production<\/h3><\/div>\n        <div class=\"display\" id=\"wphal-insts\" style=\"display: none\">\n            <h3 class=\"wphal-titre\">Institutions<\/h3><\/div>\n       <div class=\"display\" id=\"wphal-labs\" style=\"display: none\">\n            <h3 class=\"wphal-titre\">Laboratoires<\/h3><\/div>\n       <div class=\"display\" id=\"wphal-depts\" style=\"display: none\">\n            <h3 class=\"wphal-titre\">D\u00e9partements<\/h3><\/div>\n       <div class=\"display\" id=\"wphal-equipes\" style=\"display: none\">\n            <h3 class=\"wphal-titre\">\u00c9quipes de recherche<\/h3><\/div>\n    <div class=\"display\" id=\"publications\"><div class=\"counter-doc\"><span class=\"wphal-nbtot\">41 <\/span>documents<\/div><br><ul><li>Ruizhe Gu, Dia Darwich, Germain Guiraud, Mathieu Chauvet, Coline Mahob, et al.. Continuous wave tunable laser from 616 nm to 637 nm based on a compact sum frequency generation setup. <i>Optics Express<\/i>, 2025, 33 (16), pp.34281. <a target=\"_blank\" href=\"https:\/\/dx.doi.org\/10.1364\/oe.569986\">&#x27E8;10.1364\/oe.569986&#x27E9;<\/a>. <a target=\"_blank\" href=\"https:\/\/hal.science\/hal-05314376v1\">&#x27E8;hal-05314376&#x27E9;<\/a><\/li><li>Coline Mahob, G\u00e9rard Ancellet, Ariane Bazureau, Marie-Ren\u00e9e de Backer, Hadj Elandaloussi, et al.. Towards Highly Accurate Absorption Cross Sections Around 308 Nm For Remote Sensing Of Atmospheric Ozone. <i>QOS 2024 (Quadrennial Ozone Symposium)<\/i>, Jul 2024, Boulder (CO), United States. <a target=\"_blank\" href=\"https:\/\/qos2024.colorado.edu\/\"><\/a>. <a target=\"_blank\" href=\"https:\/\/hal.science\/hal-04673028v1\">&#x27E8;hal-04673028&#x27E9;<\/a><\/li><li>Coline Mahob, Hadj Elandaloussi, Kentin Poncelet, Ruizhe Gu, Ad\u00e8le Hilico, et al.. Characterization Of A Tunable UV Laser Source At 308 Nm For Ozone Spectroscopy. <i>GDR EMIE - r\u00e9union pl\u00e9ni\u00e8re 2024<\/i>, Jun 2024, Biarritz, France. <a target=\"_blank\" href=\"https:\/\/emie2024.sciencesconf.org\/\"><\/a>. <a target=\"_blank\" href=\"https:\/\/hal.science\/hal-04672971v1\">&#x27E8;hal-04672971&#x27E9;<\/a><\/li><li>Roopa Prakash, Dia Darwich, Cl\u00e9ment Dixneuf, Germain Guiraud, Nicholas Traynor, et al.. Neodymium laser-pumped ultra-low noise tunable Brillouin fiber laser around 920\u2005nm. <i>Optics Express<\/i>, 2023, 31 (25), pp.42495. <a target=\"_blank\" href=\"https:\/\/dx.doi.org\/10.1364\/OE.506410\">&#x27E8;10.1364\/OE.506410&#x27E9;<\/a>. <a target=\"_blank\" href=\"https:\/\/hal.science\/hal-04321693v1\">&#x27E8;hal-04321693&#x27E9;<\/a><\/li><li>Dia Darwich, Yves-Vincent Bardin, Mathieu Goeppner, Clement Dixneuf, Germain Guiraud, et al.. Influence of Pump Properties on the Tunability of 1.5 \u03bcm Low-Noise Single Frequency Fiber Amplifier. <i>IEEE Photonics Technology Letters<\/i>, 2022, 34 (1), pp.27-30. <a target=\"_blank\" href=\"https:\/\/dx.doi.org\/10.1109\/LPT.2021.3132689\">&#x27E8;10.1109\/LPT.2021.3132689&#x27E9;<\/a>. <a target=\"_blank\" href=\"https:\/\/hal.science\/hal-03589486v1\">&#x27E8;hal-03589486&#x27E9;<\/a><\/li><li>Dia Darwich, Roopa Prakash, Cl\u00e9ment Dixneuf, Yves-Vincent Bardin, Mathieu Goeppner, et al.. High power ultralow-intensity noise continuous wave laser tunable from orange to red. <i>Optics Express<\/i>, 2022, 30 (8), pp.12867. <a target=\"_blank\" href=\"https:\/\/dx.doi.org\/10.1364\/OE.455218\">&#x27E8;10.1364\/OE.455218&#x27E9;<\/a>. <a target=\"_blank\" href=\"https:\/\/hal.science\/hal-04690846v1\">&#x27E8;hal-04690846&#x27E9;<\/a><\/li><li>T Billotte, G Baclet, J H Os\u00f3rio, F Delahaye, V Man\u00e7ois, et al.. Single-mode inhibited-coupling fiber for sub-Doppler spectroscopy. <i>CLEO: Conference on Lasers and Electro-Optics 2021 US<\/i>, May 2021, San Jos\u00e9 (virtual), United States. pp.STh1A.6. <a target=\"_blank\" href=\"https:\/\/hal.science\/hal-03285548v1\">&#x27E8;hal-03285548&#x27E9;<\/a><\/li><li>Dia Darwich, Yves-Vincent Bardin, Mathieu Goeppner, Cl\u00e9ment Dixneuf, Germain Guiraud, et al.. Ultralow-intensity noise, 10 W all-fiber single-frequency tunable laser system around 1550 nm. <i>Applied optics<\/i>, 2021, 60 (27), pp.8550-8555. <a target=\"_blank\" href=\"https:\/\/dx.doi.org\/10.1364\/AO.435274\">&#x27E8;10.1364\/AO.435274&#x27E9;<\/a>. <a target=\"_blank\" href=\"https:\/\/hal.science\/hal-04690841v1\">&#x27E8;hal-04690841&#x27E9;<\/a><\/li><li>Guillaume Baclet, Ad\u00e8le Hilico, Vincent Man\u00e7ois, Romain Veyron, Philippe Bouyer, et al.. Molecular gas spectroscopy in hollow core fibers for atomic cooling using Telecom laser systems. <i>Cold-atom On-Line Meeting<\/i>, Nov 2020, Paris, France. <a target=\"_blank\" href=\"https:\/\/hal.science\/hal-03005651v1\">&#x27E8;hal-03005651&#x27E9;<\/a><\/li><li>Romain Veyron, Vincent Mancois, Jean-Baptiste Gerent, Guillaume Baclet, Maxime Bellouvet, et al.. Imaging ultra-cold atoms in sub-wavelength optical potentials.. <i>Journ\u00e9e de l'EDSPI-Universit\u00e9 de Bordeaux<\/i>, Mar 2020, Talence, France. <a target=\"_blank\" href=\"https:\/\/hal.science\/hal-03005120v1\">&#x27E8;hal-03005120&#x27E9;<\/a><\/li><\/ul><ul class=\"wphal-pagination\"><li class=\"active\"><a href=\"#\">1<\/a><\/li> <li><a href=\"https:\/\/mastertechq.lpl.univ-paris13.fr\/index.php?rest_route=\/wp\/v2\/pages\/1922&amp;hal_page=2\">2<\/a><\/li>  <li><a href=\"https:\/\/mastertechq.lpl.univ-paris13.fr\/index.php?rest_route=\/wp\/v2\/pages\/1922&amp;hal_page=3\">3<\/a><\/li>  <li><a href=\"https:\/\/mastertechq.lpl.univ-paris13.fr\/index.php?rest_route=\/wp\/v2\/pages\/1922&amp;hal_page=4\">4<\/a><\/li>  <li><a href=\"https:\/\/mastertechq.lpl.univ-paris13.fr\/index.php?rest_route=\/wp\/v2\/pages\/1922&amp;hal_page=5\">5<\/a><\/li> <li><a href=\"https:\/\/mastertechq.lpl.univ-paris13.fr\/index.php?rest_route=\/wp\/v2\/pages\/1922&amp;hal_page=2\">&raquo;<\/a><\/li><\/ul><\/div>\n    <\/div>\n<\/div><div class=\"wphal-footer\"><p style=\"color:#B3B2B0\">Documents r\u00e9cup\u00e9r\u00e9s de l'archive ouverte HAL&nbsp;<a href=\"https:\/\/hal.science\/\" target=\"_blank\"><img decoding=\"async\" alt=\"logo\" src=\"https:\/\/mastertechq.lpl.univ-paris13.fr\/wp-content\/plugins\/hal\/img\/logo-hal.png\" style=\"width:90px\"><\/a><\/p><\/div>\n<\/div>\n<\/div><\/div>\n","protected":false},"excerpt":{"rendered":"","protected":false},"author":2,"featured_media":0,"parent":92,"menu_order":0,"comment_status":"closed","ping_status":"closed","template":"","meta":{"_themeisle_gutenberg_block_has_review":false,"footnotes":""},"class_list":["post-1922","page","type-page","status-publish","hentry"],"blocksy_meta":[],"yoast_head":"<!-- This site is optimized with the Yoast SEO plugin v27.2 - https:\/\/yoast.com\/product\/yoast-seo-wordpress\/ -->\n<title>Ad\u00e8le Hilico - en - Master TechQ<\/title>\n<meta name=\"robots\" content=\"index, follow, max-snippet:-1, max-image-preview:large, max-video-preview:-1\" \/>\n<link rel=\"canonical\" href=\"https:\/\/mastertechq.lpl.univ-paris13.fr\/?page_id=1922\" \/>\n<meta property=\"og:locale\" content=\"fr_FR\" \/>\n<meta property=\"og:type\" content=\"article\" \/>\n<meta property=\"og:title\" content=\"Ad\u00e8le Hilico - en - Master TechQ\" \/>\n<meta property=\"og:url\" content=\"https:\/\/mastertechq.lpl.univ-paris13.fr\/?page_id=1922\" \/>\n<meta property=\"og:site_name\" content=\"Master TechQ\" \/>\n<meta property=\"article:modified_time\" content=\"2025-02-05T21:32:22+00:00\" \/>\n<meta property=\"og:image\" content=\"https:\/\/mastertechq.lpl.univ-paris13.fr\/wp-content\/uploads\/2025\/01\/Profil-Adele-Hilico-e1736426102398.jpeg\" \/>\n\t<meta property=\"og:image:width\" content=\"410\" \/>\n\t<meta property=\"og:image:height\" content=\"615\" \/>\n\t<meta property=\"og:image:type\" content=\"image\/jpeg\" \/>\n<meta name=\"twitter:card\" content=\"summary_large_image\" \/>\n<meta name=\"twitter:label1\" content=\"Dur\u00e9e de lecture estim\u00e9e\" \/>\n\t<meta name=\"twitter:data1\" content=\"2 minutes\" \/>\n<script type=\"application\/ld+json\" class=\"yoast-schema-graph\">{\"@context\":\"https:\/\/schema.org\",\"@graph\":[{\"@type\":\"WebPage\",\"@id\":\"https:\/\/mastertechq.lpl.univ-paris13.fr\/?page_id=1922\",\"url\":\"https:\/\/mastertechq.lpl.univ-paris13.fr\/?page_id=1922\",\"name\":\"Ad\u00e8le Hilico - en - Master TechQ\",\"isPartOf\":{\"@id\":\"https:\/\/mastertechq.lpl.univ-paris13.fr\/#website\"},\"primaryImageOfPage\":{\"@id\":\"https:\/\/mastertechq.lpl.univ-paris13.fr\/?page_id=1922#primaryimage\"},\"image\":{\"@id\":\"https:\/\/mastertechq.lpl.univ-paris13.fr\/?page_id=1922#primaryimage\"},\"thumbnailUrl\":\"https:\/\/mastertechq.lpl.univ-paris13.fr\/wp-content\/uploads\/2025\/01\/Profil-Adele-Hilico-e1736425038888.jpeg\",\"datePublished\":\"2025-01-30T19:57:30+00:00\",\"dateModified\":\"2025-02-05T21:32:22+00:00\",\"breadcrumb\":{\"@id\":\"https:\/\/mastertechq.lpl.univ-paris13.fr\/?page_id=1922#breadcrumb\"},\"inLanguage\":\"fr-FR\",\"potentialAction\":[{\"@type\":\"ReadAction\",\"target\":[\"https:\/\/mastertechq.lpl.univ-paris13.fr\/?page_id=1922\"]}]},{\"@type\":\"ImageObject\",\"inLanguage\":\"fr-FR\",\"@id\":\"https:\/\/mastertechq.lpl.univ-paris13.fr\/?page_id=1922#primaryimage\",\"url\":\"https:\/\/mastertechq.lpl.univ-paris13.fr\/wp-content\/uploads\/2025\/01\/Profil-Adele-Hilico-e1736426102398.jpeg\",\"contentUrl\":\"https:\/\/mastertechq.lpl.univ-paris13.fr\/wp-content\/uploads\/2025\/01\/Profil-Adele-Hilico-e1736426102398.jpeg\",\"width\":410,\"height\":615},{\"@type\":\"BreadcrumbList\",\"@id\":\"https:\/\/mastertechq.lpl.univ-paris13.fr\/?page_id=1922#breadcrumb\",\"itemListElement\":[{\"@type\":\"ListItem\",\"position\":1,\"name\":\"Home\",\"item\":\"https:\/\/mastertechq.lpl.univ-paris13.fr\/\"},{\"@type\":\"ListItem\",\"position\":2,\"name\":\"Teaching team\",\"item\":\"https:\/\/mastertechq.lpl.univ-paris13.fr\/?page_id=92\"},{\"@type\":\"ListItem\",\"position\":3,\"name\":\"Ad\u00e8le Hilico &#8211; en\"}]},{\"@type\":\"WebSite\",\"@id\":\"https:\/\/mastertechq.lpl.univ-paris13.fr\/#website\",\"url\":\"https:\/\/mastertechq.lpl.univ-paris13.fr\/\",\"name\":\"Master TechQ\",\"description\":\"Quantum technologies in motion\",\"publisher\":{\"@id\":\"https:\/\/mastertechq.lpl.univ-paris13.fr\/#organization\"},\"potentialAction\":[{\"@type\":\"SearchAction\",\"target\":{\"@type\":\"EntryPoint\",\"urlTemplate\":\"https:\/\/mastertechq.lpl.univ-paris13.fr\/?s={search_term_string}\"},\"query-input\":{\"@type\":\"PropertyValueSpecification\",\"valueRequired\":true,\"valueName\":\"search_term_string\"}}],\"inLanguage\":\"fr-FR\"},{\"@type\":\"Organization\",\"@id\":\"https:\/\/mastertechq.lpl.univ-paris13.fr\/#organization\",\"name\":\"Master TechQ\",\"alternateName\":\"Master Technologies Quantiques\",\"url\":\"https:\/\/mastertechq.lpl.univ-paris13.fr\/\",\"logo\":{\"@type\":\"ImageObject\",\"inLanguage\":\"fr-FR\",\"@id\":\"https:\/\/mastertechq.lpl.univ-paris13.fr\/#\/schema\/logo\/image\/\",\"url\":\"https:\/\/mastertechq.lpl.univ-paris13.fr\/wp-content\/uploads\/2025\/01\/Logo-MTQ.png\",\"contentUrl\":\"https:\/\/mastertechq.lpl.univ-paris13.fr\/wp-content\/uploads\/2025\/01\/Logo-MTQ.png\",\"width\":500,\"height\":500,\"caption\":\"Master TechQ\"},\"image\":{\"@id\":\"https:\/\/mastertechq.lpl.univ-paris13.fr\/#\/schema\/logo\/image\/\"}}]}<\/script>\n<!-- \/ Yoast SEO plugin. -->","yoast_head_json":{"title":"Ad\u00e8le Hilico - en - Master TechQ","robots":{"index":"index","follow":"follow","max-snippet":"max-snippet:-1","max-image-preview":"max-image-preview:large","max-video-preview":"max-video-preview:-1"},"canonical":"https:\/\/mastertechq.lpl.univ-paris13.fr\/?page_id=1922","og_locale":"fr_FR","og_type":"article","og_title":"Ad\u00e8le Hilico - en - Master TechQ","og_url":"https:\/\/mastertechq.lpl.univ-paris13.fr\/?page_id=1922","og_site_name":"Master TechQ","article_modified_time":"2025-02-05T21:32:22+00:00","og_image":[{"width":410,"height":615,"url":"https:\/\/mastertechq.lpl.univ-paris13.fr\/wp-content\/uploads\/2025\/01\/Profil-Adele-Hilico-e1736426102398.jpeg","type":"image\/jpeg"}],"twitter_card":"summary_large_image","twitter_misc":{"Dur\u00e9e de lecture estim\u00e9e":"2 minutes"},"schema":{"@context":"https:\/\/schema.org","@graph":[{"@type":"WebPage","@id":"https:\/\/mastertechq.lpl.univ-paris13.fr\/?page_id=1922","url":"https:\/\/mastertechq.lpl.univ-paris13.fr\/?page_id=1922","name":"Ad\u00e8le Hilico - en - Master TechQ","isPartOf":{"@id":"https:\/\/mastertechq.lpl.univ-paris13.fr\/#website"},"primaryImageOfPage":{"@id":"https:\/\/mastertechq.lpl.univ-paris13.fr\/?page_id=1922#primaryimage"},"image":{"@id":"https:\/\/mastertechq.lpl.univ-paris13.fr\/?page_id=1922#primaryimage"},"thumbnailUrl":"https:\/\/mastertechq.lpl.univ-paris13.fr\/wp-content\/uploads\/2025\/01\/Profil-Adele-Hilico-e1736425038888.jpeg","datePublished":"2025-01-30T19:57:30+00:00","dateModified":"2025-02-05T21:32:22+00:00","breadcrumb":{"@id":"https:\/\/mastertechq.lpl.univ-paris13.fr\/?page_id=1922#breadcrumb"},"inLanguage":"fr-FR","potentialAction":[{"@type":"ReadAction","target":["https:\/\/mastertechq.lpl.univ-paris13.fr\/?page_id=1922"]}]},{"@type":"ImageObject","inLanguage":"fr-FR","@id":"https:\/\/mastertechq.lpl.univ-paris13.fr\/?page_id=1922#primaryimage","url":"https:\/\/mastertechq.lpl.univ-paris13.fr\/wp-content\/uploads\/2025\/01\/Profil-Adele-Hilico-e1736426102398.jpeg","contentUrl":"https:\/\/mastertechq.lpl.univ-paris13.fr\/wp-content\/uploads\/2025\/01\/Profil-Adele-Hilico-e1736426102398.jpeg","width":410,"height":615},{"@type":"BreadcrumbList","@id":"https:\/\/mastertechq.lpl.univ-paris13.fr\/?page_id=1922#breadcrumb","itemListElement":[{"@type":"ListItem","position":1,"name":"Home","item":"https:\/\/mastertechq.lpl.univ-paris13.fr\/"},{"@type":"ListItem","position":2,"name":"Teaching team","item":"https:\/\/mastertechq.lpl.univ-paris13.fr\/?page_id=92"},{"@type":"ListItem","position":3,"name":"Ad\u00e8le Hilico &#8211; en"}]},{"@type":"WebSite","@id":"https:\/\/mastertechq.lpl.univ-paris13.fr\/#website","url":"https:\/\/mastertechq.lpl.univ-paris13.fr\/","name":"Master TechQ","description":"Quantum technologies in motion","publisher":{"@id":"https:\/\/mastertechq.lpl.univ-paris13.fr\/#organization"},"potentialAction":[{"@type":"SearchAction","target":{"@type":"EntryPoint","urlTemplate":"https:\/\/mastertechq.lpl.univ-paris13.fr\/?s={search_term_string}"},"query-input":{"@type":"PropertyValueSpecification","valueRequired":true,"valueName":"search_term_string"}}],"inLanguage":"fr-FR"},{"@type":"Organization","@id":"https:\/\/mastertechq.lpl.univ-paris13.fr\/#organization","name":"Master TechQ","alternateName":"Master Technologies Quantiques","url":"https:\/\/mastertechq.lpl.univ-paris13.fr\/","logo":{"@type":"ImageObject","inLanguage":"fr-FR","@id":"https:\/\/mastertechq.lpl.univ-paris13.fr\/#\/schema\/logo\/image\/","url":"https:\/\/mastertechq.lpl.univ-paris13.fr\/wp-content\/uploads\/2025\/01\/Logo-MTQ.png","contentUrl":"https:\/\/mastertechq.lpl.univ-paris13.fr\/wp-content\/uploads\/2025\/01\/Logo-MTQ.png","width":500,"height":500,"caption":"Master TechQ"},"image":{"@id":"https:\/\/mastertechq.lpl.univ-paris13.fr\/#\/schema\/logo\/image\/"}}]}},"jetpack_sharing_enabled":true,"_links":{"self":[{"href":"https:\/\/mastertechq.lpl.univ-paris13.fr\/index.php?rest_route=\/wp\/v2\/pages\/1922","targetHints":{"allow":["GET"]}}],"collection":[{"href":"https:\/\/mastertechq.lpl.univ-paris13.fr\/index.php?rest_route=\/wp\/v2\/pages"}],"about":[{"href":"https:\/\/mastertechq.lpl.univ-paris13.fr\/index.php?rest_route=\/wp\/v2\/types\/page"}],"author":[{"embeddable":true,"href":"https:\/\/mastertechq.lpl.univ-paris13.fr\/index.php?rest_route=\/wp\/v2\/users\/2"}],"replies":[{"embeddable":true,"href":"https:\/\/mastertechq.lpl.univ-paris13.fr\/index.php?rest_route=%2Fwp%2Fv2%2Fcomments&post=1922"}],"version-history":[{"count":5,"href":"https:\/\/mastertechq.lpl.univ-paris13.fr\/index.php?rest_route=\/wp\/v2\/pages\/1922\/revisions"}],"predecessor-version":[{"id":2058,"href":"https:\/\/mastertechq.lpl.univ-paris13.fr\/index.php?rest_route=\/wp\/v2\/pages\/1922\/revisions\/2058"}],"up":[{"embeddable":true,"href":"https:\/\/mastertechq.lpl.univ-paris13.fr\/index.php?rest_route=\/wp\/v2\/pages\/92"}],"wp:attachment":[{"href":"https:\/\/mastertechq.lpl.univ-paris13.fr\/index.php?rest_route=%2Fwp%2Fv2%2Fmedia&parent=1922"}],"curies":[{"name":"wp","href":"https:\/\/api.w.org\/{rel}","templated":true}]}}