{"id":283,"date":"2025-01-06T20:39:17","date_gmt":"2025-01-06T19:39:17","guid":{"rendered":"https:\/\/mastertechq.lpl.univ-paris13.fr\/?page_id=283"},"modified":"2026-01-15T20:34:41","modified_gmt":"2026-01-15T19:34:41","slug":"physique-quantique-1-1","status":"publish","type":"page","link":"https:\/\/mastertechq.lpl.univ-paris13.fr\/?page_id=283","title":{"rendered":"Physique Quantique 1-1"},"content":{"rendered":"\n<h2 class=\"wp-block-heading\">Physique Quantique 1<\/h2>\n\n\n\n<h3 class=\"wp-block-heading\"><mark style=\"background-color:rgba(0, 0, 0, 0)\" class=\"has-inline-color has-palette-color-1-color\">Onde de mati\u00e8re et statistique quantique<\/mark><\/h3>\n\n\n\n<div id=\"wp-block-themeisle-blocks-advanced-columns-d885d8ee\" class=\"wp-block-themeisle-blocks-advanced-columns has-2-columns has-desktop-twoOne-layout has-tablet-equal-layout has-mobile-collapsedRows-layout has-vertical-unset\"><div class=\"wp-block-themeisle-blocks-advanced-columns-overlay\"><\/div><div class=\"innerblocks-wrap\">\n<div id=\"wp-block-themeisle-blocks-advanced-column-ec83570e\" class=\"wp-block-themeisle-blocks-advanced-column\">\n<h5 class=\"wp-block-heading\">Descriptif de l&rsquo;enseignement :<\/h5>\n\n\n\n<h6 class=\"wp-block-heading\">I &#8211;  Le &nbsp;Photon<\/h6>\n\n\n\n<p>Caract\u00e9ristiques du photon&nbsp;: fr\u00e9quence, longueur d\u2019onde, \u00e9nergie, quantit\u00e9 de mouvement, moment cin\u00e9tique.<br>Effet Photo\u00e9lectrique.<br>Rayonnement du corps noir&nbsp;; Statistique de Bose.<\/p>\n\n\n\n<h6 class=\"wp-block-heading\">II &#8211; Particules mat\u00e9rielles<\/h6>\n\n\n\n<p>Formules de Planck-Einstein et de Louis de Broglie.<br>Exp\u00e9riences d\u2019interf\u00e9rences et diffraction avec des particules mat\u00e9rielles.<br>Bosons et fermions &#8211; Statistiques de Bose Einstein et Fermi Dirac.<\/p>\n\n\n\n<h5 class=\"wp-block-heading\"><strong>Pr\u00e9-requis :<\/strong><\/h5>\n\n\n\n<ul class=\"wp-block-list\">\n<li>Bases de m\u00e9canique du point (\u00e9nergie potentielle, conservation de l\u2019\u00e9nergie m\u00e9canique)<\/li>\n\n\n\n<li>Bases de physique des ondes&nbsp;: diffraction \u00e0 l\u2019infini, interf\u00e9rences \u00e0 2 ondes<\/li>\n\n\n\n<li>Statistique de Maxwell- Boltzmann<\/li>\n<\/ul>\n\n\n\n<h5 class=\"wp-block-heading\"><strong>Objectifs (savoirs et comp\u00e9tences acquis) :<\/strong><\/h5>\n\n\n\n<ul class=\"wp-block-list\">\n<li>Conna\u00eetre parfaitement les caract\u00e9ristiques du photon<\/li>\n\n\n\n<li>Comprendre le r\u00f4le jou\u00e9 par la longueur d\u2019onde de Broglie<\/li>\n\n\n\n<li>Comprendre que les statistiques suivies par les particules mat\u00e9rielles s\u2019\u00e9cartent de celles de Maxwell Boltzmann \u00e0 basse temp\u00e9rature.<\/li>\n<\/ul>\n\n\n\n<h5 class=\"wp-block-heading\"><strong>Bibliographie :<\/strong><\/h5>\n\n\n\n<p><a href=\"https:\/\/www.cnrseditions.fr\/catalogue\/physique-et-astrophysique\/quantique-rudiments\/\" target=\"_blank\" rel=\"noreferrer noopener\">Quantique, Rudiments<\/a> &#8211; <em>Jean Marc L\u00e9vy Leblond, Fran\u00e7oise Balibar<\/em> &#8211; Inter Editions du CNRS.<br>Relativit\u00e9 et quantification &#8211; <em>P\u00e9rez, Saint Cricq Ch\u00e9ry<\/em> &#8211; Masson.<br><a href=\"https:\/\/www.cnrseditions.fr\/catalogue\/physique-et-astrophysique\/physique-quantique\/\" target=\"_blank\" rel=\"noreferrer noopener\">Physique Quantique<\/a> \u2013 <em>Le Bellac<\/em> &#8211; CNRS Editions.<\/p>\n\n\n\n<div style=\"height:34px\" aria-hidden=\"true\" class=\"wp-block-spacer\"><\/div>\n\n\n\n<p><strong>Enseignant :<\/strong> <a href=\"https:\/\/mastertechq.lpl.univ-paris13.fr\/?page_id=1250\">Laurent Longchambon<\/a><\/p>\n<\/div>\n\n\n\n<div id=\"wp-block-themeisle-blocks-advanced-column-75b1f3ce\" class=\"wp-block-themeisle-blocks-advanced-column\">\n<div id=\"wp-block-themeisle-blocks-slider-4d728d3d\" class=\"wp-block-themeisle-blocks-slider glide\" data-per-view=\"1\" data-gap=\"0\" data-peek=\"0\" data-autoplay=\"4000\" data-height=\"400px\" data-hide-arrows=\"true\" data-transition=\"ease-in\"><div class=\"glide__track\" data-glide-el=\"track\"><div class=\"glide__slides\"><div class=\"wp-block-themeisle-blocks-slider-item-wrapper glide__slide\" tabindex=\"0\"><figure><img decoding=\"async\" class=\"wp-block-themeisle-blocks-slider-item\" src=\"https:\/\/mastertechq.lpl.univ-paris13.fr\/wp-content\/uploads\/2025\/02\/TPphotoel2-scaled.jpg\" alt=\"\" title=\"\" data-id=\"2129\"\/><figcaption>Le TP effet photo-\u00e9lectrique illustre l&rsquo;exp\u00e9rience fondatrice de la physique quantique, et permet de mesurer la constante de Planck<\/figcaption><\/figure><\/div><div class=\"wp-block-themeisle-blocks-slider-item-wrapper glide__slide\" tabindex=\"0\"><figure><img decoding=\"async\" class=\"wp-block-themeisle-blocks-slider-item\" src=\"https:\/\/mastertechq.lpl.univ-paris13.fr\/wp-content\/uploads\/2025\/01\/Bose_Einstein_condensate.png\" alt=\"\" title=\"\" data-id=\"1321\"\/><figcaption>Premier condensat de Bose Einstein (fait \u00e0 JILA, 1995)<\/figcaption><\/figure><\/div><div class=\"wp-block-themeisle-blocks-slider-item-wrapper glide__slide\" tabindex=\"0\"><figure><img decoding=\"async\" class=\"wp-block-themeisle-blocks-slider-item\" src=\"https:\/\/mastertechq.lpl.univ-paris13.fr\/wp-content\/uploads\/2025\/02\/TPphotoel1-scaled.jpg\" alt=\"\" title=\"\" data-id=\"2128\"\/><figcaption>Le TP effet photo-\u00e9lectrique illustre l&rsquo;exp\u00e9rience fondatrice de la physique quantique, et permet de mesurer la constante de Planck<\/figcaption><\/figure><\/div><\/div><div class=\"glide__bullets\" data-glide-el=\"controls[nav]\"><button class=\"glide__bullet\" data-glide-dir=\"=0\"><\/button><button class=\"glide__bullet\" data-glide-dir=\"=1\"><\/button><button class=\"glide__bullet\" data-glide-dir=\"=2\"><\/button><\/div><\/div><\/div>\n\n\n\n<div style=\"height:80px\" aria-hidden=\"true\" class=\"wp-block-spacer\"><\/div>\n\n\n\n<figure class=\"wp-block-table is-style-stripes\" style=\"font-style:normal;font-weight:400\"><table class=\"has-background has-fixed-layout\" style=\"background-color:#e7b5c3;border-width:2px\"><tbody><tr><td>CM<\/td><td>12 H<\/td><\/tr><tr><td>TD<\/td><td>12 H<\/td><\/tr><tr><td>TP<\/td><td>6 H<\/td><\/tr><tr><td>ECTS<\/td><td>3<\/td><\/tr><tr><td>Lieu<\/td><td>Villetaneuse<\/td><\/tr><tr><td>Langue<\/td><td>French<\/td><\/tr><\/tbody><\/table><\/figure>\n<\/div>\n<\/div><\/div>\n","protected":false},"excerpt":{"rendered":"<p>Physique Quantique 1 Onde de mati\u00e8re et statistique quantique<\/p>\n","protected":false},"author":2,"featured_media":0,"parent":302,"menu_order":0,"comment_status":"closed","ping_status":"closed","template":"","meta":{"_themeisle_gutenberg_block_has_review":false,"footnotes":""},"class_list":["post-283","page","type-page","status-publish","hentry"],"blocksy_meta":[],"yoast_head":"<!-- This site is optimized with the Yoast SEO plugin v27.2 - https:\/\/yoast.com\/product\/yoast-seo-wordpress\/ -->\n<title>Physique Quantique 1-1 - Master TechQ<\/title>\n<meta name=\"robots\" content=\"index, follow, max-snippet:-1, max-image-preview:large, max-video-preview:-1\" \/>\n<link rel=\"canonical\" href=\"https:\/\/mastertechq.lpl.univ-paris13.fr\/?page_id=283\" \/>\n<meta property=\"og:locale\" content=\"fr_FR\" \/>\n<meta property=\"og:type\" content=\"article\" \/>\n<meta property=\"og:title\" content=\"Physique Quantique 1-1 - Master TechQ\" \/>\n<meta property=\"og:description\" content=\"Physique Quantique 1 Onde de mati\u00e8re et statistique quantique\" \/>\n<meta property=\"og:url\" content=\"https:\/\/mastertechq.lpl.univ-paris13.fr\/?page_id=283\" \/>\n<meta property=\"og:site_name\" content=\"Master TechQ\" \/>\n<meta property=\"article:modified_time\" content=\"2026-01-15T19:34:41+00:00\" \/>\n<meta property=\"og:image\" content=\"https:\/\/mastertechq.lpl.univ-paris13.fr\/wp-content\/uploads\/2025\/02\/TPphotoel2-scaled.jpg\" \/>\n<meta name=\"twitter:card\" content=\"summary_large_image\" \/>\n<meta name=\"twitter:label1\" content=\"Dur\u00e9e de lecture estim\u00e9e\" \/>\n\t<meta name=\"twitter:data1\" content=\"2 minutes\" \/>\n<script type=\"application\/ld+json\" class=\"yoast-schema-graph\">{\"@context\":\"https:\/\/schema.org\",\"@graph\":[{\"@type\":\"WebPage\",\"@id\":\"https:\/\/mastertechq.lpl.univ-paris13.fr\/?page_id=283\",\"url\":\"https:\/\/mastertechq.lpl.univ-paris13.fr\/?page_id=283\",\"name\":\"Physique Quantique 1-1 - Master TechQ\",\"isPartOf\":{\"@id\":\"https:\/\/mastertechq.lpl.univ-paris13.fr\/#website\"},\"primaryImageOfPage\":{\"@id\":\"https:\/\/mastertechq.lpl.univ-paris13.fr\/?page_id=283#primaryimage\"},\"image\":{\"@id\":\"https:\/\/mastertechq.lpl.univ-paris13.fr\/?page_id=283#primaryimage\"},\"thumbnailUrl\":\"https:\/\/mastertechq.lpl.univ-paris13.fr\/wp-content\/uploads\/2025\/02\/TPphotoel2-scaled.jpg\",\"datePublished\":\"2025-01-06T19:39:17+00:00\",\"dateModified\":\"2026-01-15T19:34:41+00:00\",\"breadcrumb\":{\"@id\":\"https:\/\/mastertechq.lpl.univ-paris13.fr\/?page_id=283#breadcrumb\"},\"inLanguage\":\"fr-FR\",\"potentialAction\":[{\"@type\":\"ReadAction\",\"target\":[\"https:\/\/mastertechq.lpl.univ-paris13.fr\/?page_id=283\"]}]},{\"@type\":\"ImageObject\",\"inLanguage\":\"fr-FR\",\"@id\":\"https:\/\/mastertechq.lpl.univ-paris13.fr\/?page_id=283#primaryimage\",\"url\":\"https:\/\/mastertechq.lpl.univ-paris13.fr\/wp-content\/uploads\/2025\/02\/TPphotoel2-scaled.jpg\",\"contentUrl\":\"https:\/\/mastertechq.lpl.univ-paris13.fr\/wp-content\/uploads\/2025\/02\/TPphotoel2-scaled.jpg\",\"width\":2560,\"height\":1456,\"caption\":\"Le TP effet photo-\u00e9lectrique illustre l'exp\u00e9rience fondatrice de la physique quantique, et permet de mesurer la constante de Planck\"},{\"@type\":\"BreadcrumbList\",\"@id\":\"https:\/\/mastertechq.lpl.univ-paris13.fr\/?page_id=283#breadcrumb\",\"itemListElement\":[{\"@type\":\"ListItem\",\"position\":1,\"name\":\"Home\",\"item\":\"https:\/\/mastertechq.lpl.univ-paris13.fr\/\"},{\"@type\":\"ListItem\",\"position\":2,\"name\":\"Formation\",\"item\":\"https:\/\/mastertechq.lpl.univ-paris13.fr\/?page_id=302\"},{\"@type\":\"ListItem\",\"position\":3,\"name\":\"Physique Quantique 1-1\"}]},{\"@type\":\"WebSite\",\"@id\":\"https:\/\/mastertechq.lpl.univ-paris13.fr\/#website\",\"url\":\"https:\/\/mastertechq.lpl.univ-paris13.fr\/\",\"name\":\"Master TechQ\",\"description\":\"Quantum technologies in motion\",\"publisher\":{\"@id\":\"https:\/\/mastertechq.lpl.univ-paris13.fr\/#organization\"},\"potentialAction\":[{\"@type\":\"SearchAction\",\"target\":{\"@type\":\"EntryPoint\",\"urlTemplate\":\"https:\/\/mastertechq.lpl.univ-paris13.fr\/?s={search_term_string}\"},\"query-input\":{\"@type\":\"PropertyValueSpecification\",\"valueRequired\":true,\"valueName\":\"search_term_string\"}}],\"inLanguage\":\"fr-FR\"},{\"@type\":\"Organization\",\"@id\":\"https:\/\/mastertechq.lpl.univ-paris13.fr\/#organization\",\"name\":\"Master TechQ\",\"alternateName\":\"Master Technologies Quantiques\",\"url\":\"https:\/\/mastertechq.lpl.univ-paris13.fr\/\",\"logo\":{\"@type\":\"ImageObject\",\"inLanguage\":\"fr-FR\",\"@id\":\"https:\/\/mastertechq.lpl.univ-paris13.fr\/#\/schema\/logo\/image\/\",\"url\":\"https:\/\/mastertechq.lpl.univ-paris13.fr\/wp-content\/uploads\/2025\/01\/Logo-MTQ.png\",\"contentUrl\":\"https:\/\/mastertechq.lpl.univ-paris13.fr\/wp-content\/uploads\/2025\/01\/Logo-MTQ.png\",\"width\":500,\"height\":500,\"caption\":\"Master TechQ\"},\"image\":{\"@id\":\"https:\/\/mastertechq.lpl.univ-paris13.fr\/#\/schema\/logo\/image\/\"}}]}<\/script>\n<!-- \/ Yoast SEO plugin. -->","yoast_head_json":{"title":"Physique Quantique 1-1 - Master TechQ","robots":{"index":"index","follow":"follow","max-snippet":"max-snippet:-1","max-image-preview":"max-image-preview:large","max-video-preview":"max-video-preview:-1"},"canonical":"https:\/\/mastertechq.lpl.univ-paris13.fr\/?page_id=283","og_locale":"fr_FR","og_type":"article","og_title":"Physique Quantique 1-1 - Master TechQ","og_description":"Physique Quantique 1 Onde de mati\u00e8re et statistique quantique","og_url":"https:\/\/mastertechq.lpl.univ-paris13.fr\/?page_id=283","og_site_name":"Master TechQ","article_modified_time":"2026-01-15T19:34:41+00:00","og_image":[{"url":"https:\/\/mastertechq.lpl.univ-paris13.fr\/wp-content\/uploads\/2025\/02\/TPphotoel2-scaled.jpg","type":"","width":"","height":""}],"twitter_card":"summary_large_image","twitter_misc":{"Dur\u00e9e de lecture estim\u00e9e":"2 minutes"},"schema":{"@context":"https:\/\/schema.org","@graph":[{"@type":"WebPage","@id":"https:\/\/mastertechq.lpl.univ-paris13.fr\/?page_id=283","url":"https:\/\/mastertechq.lpl.univ-paris13.fr\/?page_id=283","name":"Physique Quantique 1-1 - Master TechQ","isPartOf":{"@id":"https:\/\/mastertechq.lpl.univ-paris13.fr\/#website"},"primaryImageOfPage":{"@id":"https:\/\/mastertechq.lpl.univ-paris13.fr\/?page_id=283#primaryimage"},"image":{"@id":"https:\/\/mastertechq.lpl.univ-paris13.fr\/?page_id=283#primaryimage"},"thumbnailUrl":"https:\/\/mastertechq.lpl.univ-paris13.fr\/wp-content\/uploads\/2025\/02\/TPphotoel2-scaled.jpg","datePublished":"2025-01-06T19:39:17+00:00","dateModified":"2026-01-15T19:34:41+00:00","breadcrumb":{"@id":"https:\/\/mastertechq.lpl.univ-paris13.fr\/?page_id=283#breadcrumb"},"inLanguage":"fr-FR","potentialAction":[{"@type":"ReadAction","target":["https:\/\/mastertechq.lpl.univ-paris13.fr\/?page_id=283"]}]},{"@type":"ImageObject","inLanguage":"fr-FR","@id":"https:\/\/mastertechq.lpl.univ-paris13.fr\/?page_id=283#primaryimage","url":"https:\/\/mastertechq.lpl.univ-paris13.fr\/wp-content\/uploads\/2025\/02\/TPphotoel2-scaled.jpg","contentUrl":"https:\/\/mastertechq.lpl.univ-paris13.fr\/wp-content\/uploads\/2025\/02\/TPphotoel2-scaled.jpg","width":2560,"height":1456,"caption":"Le TP effet photo-\u00e9lectrique illustre l'exp\u00e9rience fondatrice de la physique quantique, et permet de mesurer la constante de Planck"},{"@type":"BreadcrumbList","@id":"https:\/\/mastertechq.lpl.univ-paris13.fr\/?page_id=283#breadcrumb","itemListElement":[{"@type":"ListItem","position":1,"name":"Home","item":"https:\/\/mastertechq.lpl.univ-paris13.fr\/"},{"@type":"ListItem","position":2,"name":"Formation","item":"https:\/\/mastertechq.lpl.univ-paris13.fr\/?page_id=302"},{"@type":"ListItem","position":3,"name":"Physique Quantique 1-1"}]},{"@type":"WebSite","@id":"https:\/\/mastertechq.lpl.univ-paris13.fr\/#website","url":"https:\/\/mastertechq.lpl.univ-paris13.fr\/","name":"Master TechQ","description":"Quantum technologies in motion","publisher":{"@id":"https:\/\/mastertechq.lpl.univ-paris13.fr\/#organization"},"potentialAction":[{"@type":"SearchAction","target":{"@type":"EntryPoint","urlTemplate":"https:\/\/mastertechq.lpl.univ-paris13.fr\/?s={search_term_string}"},"query-input":{"@type":"PropertyValueSpecification","valueRequired":true,"valueName":"search_term_string"}}],"inLanguage":"fr-FR"},{"@type":"Organization","@id":"https:\/\/mastertechq.lpl.univ-paris13.fr\/#organization","name":"Master TechQ","alternateName":"Master Technologies Quantiques","url":"https:\/\/mastertechq.lpl.univ-paris13.fr\/","logo":{"@type":"ImageObject","inLanguage":"fr-FR","@id":"https:\/\/mastertechq.lpl.univ-paris13.fr\/#\/schema\/logo\/image\/","url":"https:\/\/mastertechq.lpl.univ-paris13.fr\/wp-content\/uploads\/2025\/01\/Logo-MTQ.png","contentUrl":"https:\/\/mastertechq.lpl.univ-paris13.fr\/wp-content\/uploads\/2025\/01\/Logo-MTQ.png","width":500,"height":500,"caption":"Master TechQ"},"image":{"@id":"https:\/\/mastertechq.lpl.univ-paris13.fr\/#\/schema\/logo\/image\/"}}]}},"jetpack_sharing_enabled":true,"_links":{"self":[{"href":"https:\/\/mastertechq.lpl.univ-paris13.fr\/index.php?rest_route=\/wp\/v2\/pages\/283","targetHints":{"allow":["GET"]}}],"collection":[{"href":"https:\/\/mastertechq.lpl.univ-paris13.fr\/index.php?rest_route=\/wp\/v2\/pages"}],"about":[{"href":"https:\/\/mastertechq.lpl.univ-paris13.fr\/index.php?rest_route=\/wp\/v2\/types\/page"}],"author":[{"embeddable":true,"href":"https:\/\/mastertechq.lpl.univ-paris13.fr\/index.php?rest_route=\/wp\/v2\/users\/2"}],"replies":[{"embeddable":true,"href":"https:\/\/mastertechq.lpl.univ-paris13.fr\/index.php?rest_route=%2Fwp%2Fv2%2Fcomments&post=283"}],"version-history":[{"count":24,"href":"https:\/\/mastertechq.lpl.univ-paris13.fr\/index.php?rest_route=\/wp\/v2\/pages\/283\/revisions"}],"predecessor-version":[{"id":2210,"href":"https:\/\/mastertechq.lpl.univ-paris13.fr\/index.php?rest_route=\/wp\/v2\/pages\/283\/revisions\/2210"}],"up":[{"embeddable":true,"href":"https:\/\/mastertechq.lpl.univ-paris13.fr\/index.php?rest_route=\/wp\/v2\/pages\/302"}],"wp:attachment":[{"href":"https:\/\/mastertechq.lpl.univ-paris13.fr\/index.php?rest_route=%2Fwp%2Fv2%2Fmedia&parent=283"}],"curies":[{"name":"wp","href":"https:\/\/api.w.org\/{rel}","templated":true}]}}