{"id":343,"date":"2025-01-06T22:18:26","date_gmt":"2025-01-06T21:18:26","guid":{"rendered":"https:\/\/mastertechq.lpl.univ-paris13.fr\/?page_id=343"},"modified":"2025-12-03T13:27:26","modified_gmt":"2025-12-03T12:27:26","slug":"ecosysteme-du-quantique-startups-capteurs-ordinateurs","status":"publish","type":"page","link":"https:\/\/mastertechq.lpl.univ-paris13.fr\/?page_id=343","title":{"rendered":"\u00c9cosyst\u00e8me du quantique"},"content":{"rendered":"\n<div id=\"wp-block-themeisle-blocks-advanced-columns-b57ae4a1\" class=\"wp-block-themeisle-blocks-advanced-columns has-2-columns has-desktop-equal-layout has-tablet-equal-layout has-mobile-collapsedRows-layout has-vertical-unset\"><div class=\"wp-block-themeisle-blocks-advanced-columns-overlay\"><\/div><div class=\"innerblocks-wrap\">\n<div id=\"wp-block-themeisle-blocks-advanced-column-7a4969bb\" class=\"wp-block-themeisle-blocks-advanced-column\">\n<h3 class=\"wp-block-heading\"><strong>Startups fran\u00e7aises travaillant sur l\u2019ordinateur quantique<\/strong><\/h3>\n\n\n\n<h5 class=\"wp-block-heading\"><strong>Pasqal<\/strong><\/h5>\n\n\n\n<p>Simulation analogiques gr\u00e2ce \u00e0 des atomes neutres, pi\u00e9g\u00e9s par pinces optiques.<\/p>\n\n\n<div class=\"vlp-link-container vlp-layout-basic wp-block-visual-link-preview-link\"><a href=\"https:\/\/www.pasqal.com\/fr\/\" class=\"vlp-link\" title=\"Page d\u2019accueil - Pasqal\" rel=\"nofollow\" target=\"_blank\"><\/a><div class=\"vlp-layout-zone-main\"><div class=\"vlp-block-0 vlp-link-title\">Page d\u2019accueil &#8211; Pasqal<\/div><div class=\"vlp-block-1 vlp-link-summary\">Fort d\u2019une technologie r\u00e9compens\u00e9e par un prix Nobel et d\u2019une approche globale, Pasqal propose des solutions quantiques de pointe \u00e0 l\u2019\u00e9chelle mondiale.<\/div><\/div><\/div>\n\n\n<h5 class=\"wp-block-heading\"><strong>Quandela<\/strong><\/h5>\n\n\n\n<p>Photons uniques g\u00e9n\u00e9r\u00e9s par quantum dots. Technologies photoniques (fibres, semi-conducteurs,&#8230;).<\/p>\n\n\n<div class=\"vlp-link-container vlp-layout-basic wp-block-visual-link-preview-link\"><a href=\"https:\/\/www.quandela.com\/\" class=\"vlp-link\" title=\"Quandela | Leading Photonic Quantum Computing Solutions\" rel=\"nofollow\" target=\"_blank\"><\/a><div class=\"vlp-layout-zone-main\"><div class=\"vlp-block-0 vlp-link-title\">Quandela | Leading Photonic Quantum Computing Solutions<\/div><div class=\"vlp-block-1 vlp-link-summary\">Discover Quandela\u2019s revolutionary photonic quantum computers and cloud platform, trusted by 950+ users worldwide. From hardware to software, we deliver scalable quantum solutions for energy, finance, and cybersecurity challenges. Experience the future of computing today.<\/div><\/div><\/div>\n\n\n<h5 class=\"wp-block-heading\"><strong>Alice &amp; Bob<\/strong><\/h5>\n\n\n\n<p>Circuits sur puces de supra-conducteurs.<\/p>\n\n\n<div class=\"vlp-link-container vlp-layout-basic wp-block-visual-link-preview-link\"><a href=\"https:\/\/alice-bob.com\/\" class=\"vlp-link\" title=\"Building the First Universal Quantum Computer\u3021Alice &amp; Bob\" rel=\"nofollow\" target=\"_blank\"><\/a><div class=\"vlp-layout-zone-side\"><div class=\"vlp-block-2 vlp-link-image\"><img decoding=\"async\" style=\"max-width: 150px;\" width=\"150\" height=\"79\" src=\"https:\/\/mastertechq.lpl.univ-paris13.fr\/wp-content\/uploads\/2025\/12\/AB-share_image-1.jpg\" class=\"attachment-150x999 size-150x999\" alt=\"\" srcset=\"https:\/\/mastertechq.lpl.univ-paris13.fr\/wp-content\/uploads\/2025\/12\/AB-share_image-1.jpg 2400w, https:\/\/mastertechq.lpl.univ-paris13.fr\/wp-content\/uploads\/2025\/12\/AB-share_image-1-300x158.jpg 300w, https:\/\/mastertechq.lpl.univ-paris13.fr\/wp-content\/uploads\/2025\/12\/AB-share_image-1-1024x538.jpg 1024w, https:\/\/mastertechq.lpl.univ-paris13.fr\/wp-content\/uploads\/2025\/12\/AB-share_image-1-768x403.jpg 768w, https:\/\/mastertechq.lpl.univ-paris13.fr\/wp-content\/uploads\/2025\/12\/AB-share_image-1-1536x806.jpg 1536w, https:\/\/mastertechq.lpl.univ-paris13.fr\/wp-content\/uploads\/2025\/12\/AB-share_image-1-2048x1075.jpg 2048w\" sizes=\"(max-width: 150px) 100vw, 150px\" \/><\/div><\/div><div class=\"vlp-layout-zone-main\"><div class=\"vlp-block-0 vlp-link-title\">Building the First Universal Quantum Computer\u3021Alice &amp; Bob<\/div><div class=\"vlp-block-1 vlp-link-summary\">At Alice &amp; Bob, we\u2019re building the first universal quantum computer. This is humanity\u2019s next challenge.<\/div><\/div><\/div>\n\n\n<h5 class=\"wp-block-heading\"><strong>C12<\/strong><\/h5>\n\n\n\n<p>Nanotubes de carbone et qubits via microonde. <\/p>\n\n\n<div class=\"vlp-link-container vlp-layout-basic wp-block-visual-link-preview-link\"><a href=\"https:\/\/www.c12qe.com\/\" class=\"vlp-link\" title=\"C12 | Leading the Next Materials Leap in Quantum Computing\" rel=\"nofollow\" target=\"_blank\"><\/a><div class=\"vlp-layout-zone-main\"><div class=\"vlp-block-0 vlp-link-title\">C12 | Leading the Next Materials Leap in Quantum Computing<\/div><div class=\"vlp-block-1 vlp-link-summary\">Explore C12\u2019s innovative quantum technology solutions using carbon nanotubes. Discover how our advancements in quantum computing are shaping the future of technology.<\/div><\/div><\/div>\n\n\n<h5 class=\"wp-block-heading\"><strong>Quobly<\/strong><\/h5>\n\n\n\n<p>Technologie silicium et \u00e9lectronique de spin.<\/p>\n\n\n<div class=\"vlp-link-container vlp-layout-basic wp-block-visual-link-preview-link\"><a href=\"https:\/\/quobly.io\/\" class=\"vlp-link\" title=\"Quobly, shaping a better digital future\" rel=\"nofollow\" target=\"_blank\"><\/a><div class=\"vlp-layout-zone-side\"><div class=\"vlp-block-2 vlp-link-image\"><img decoding=\"async\" style=\"max-width: 150px;\" width=\"150\" height=\"96\" src=\"https:\/\/mastertechq.lpl.univ-paris13.fr\/wp-content\/uploads\/2025\/12\/Mask-group-1-1.png\" class=\"attachment-150x999 size-150x999\" alt=\"\" srcset=\"https:\/\/mastertechq.lpl.univ-paris13.fr\/wp-content\/uploads\/2025\/12\/Mask-group-1-1.png 1244w, https:\/\/mastertechq.lpl.univ-paris13.fr\/wp-content\/uploads\/2025\/12\/Mask-group-1-1-300x193.png 300w, https:\/\/mastertechq.lpl.univ-paris13.fr\/wp-content\/uploads\/2025\/12\/Mask-group-1-1-1024x659.png 1024w, https:\/\/mastertechq.lpl.univ-paris13.fr\/wp-content\/uploads\/2025\/12\/Mask-group-1-1-768x494.png 768w\" sizes=\"(max-width: 150px) 100vw, 150px\" \/><\/div><\/div><div class=\"vlp-layout-zone-main\"><div class=\"vlp-block-0 vlp-link-title\">Quobly, shaping a better digital future<\/div><div class=\"vlp-block-1 vlp-link-summary\">Universal Quantum Computing leveraging European Semiconductor Industry.<\/div><\/div><\/div>\n\n\n<h5 class=\"wp-block-heading\"><strong>Welinq<\/strong><\/h5>\n\n\n\n<p>Photons synchronis\u00e9s \u00e0 des m\u00e9moires quantiques.<\/p>\n\n\n<div class=\"vlp-link-container vlp-layout-basic wp-block-visual-link-preview-link\"><a href=\"https:\/\/welinq.fr\/\" class=\"vlp-link\" title=\"Welinq \u2013 Provides quantum links\" rel=\"nofollow\" target=\"_blank\"><\/a><div class=\"vlp-layout-zone-main\"><div class=\"vlp-block-0 vlp-link-title\">Welinq \u2013 Provides quantum links<\/div><div class=\"vlp-block-1 vlp-link-summary\">Universal Quantum Computing leveraging European Semiconductor Industry.<\/div><\/div><\/div><\/div>\n\n\n\n<div id=\"wp-block-themeisle-blocks-advanced-column-670246cd\" class=\"wp-block-themeisle-blocks-advanced-column\">\n<h3 class=\"wp-block-heading\"><strong>Startups fran\u00e7aises travaillant sur des capteurs quantiques<\/strong><\/h3>\n\n\n\n<h5 class=\"wp-block-heading\"><strong>Muquans<\/strong><\/h5>\n\n\n\n<p>Senseur inertiels quantiques (gravim\u00e8tres, horloges \u00e0 atomes froids et solutions lasers avanc\u00e9es.<\/p>\n\n\n<div class=\"vlp-link-container vlp-layout-basic wp-block-visual-link-preview-link\"><a href=\"https:\/\/www.muquans.com\/\" class=\"vlp-link\" title=\"Muquans - Precision Quantum Sensors\" rel=\"nofollow\" target=\"_blank\"><\/a><div class=\"vlp-layout-zone-side\"><div class=\"vlp-block-2 vlp-link-image\"><img decoding=\"async\" style=\"max-width: 150px;\" width=\"150\" height=\"96\" src=\"https:\/\/mastertechq.lpl.univ-paris13.fr\/wp-content\/uploads\/2025\/12\/AQG.jpg\" class=\"attachment-150x999 size-150x999\" alt=\"\" srcset=\"https:\/\/mastertechq.lpl.univ-paris13.fr\/wp-content\/uploads\/2025\/12\/AQG.jpg 1146w, https:\/\/mastertechq.lpl.univ-paris13.fr\/wp-content\/uploads\/2025\/12\/AQG-300x193.jpg 300w, https:\/\/mastertechq.lpl.univ-paris13.fr\/wp-content\/uploads\/2025\/12\/AQG-1024x658.jpg 1024w, https:\/\/mastertechq.lpl.univ-paris13.fr\/wp-content\/uploads\/2025\/12\/AQG-768x493.jpg 768w\" sizes=\"(max-width: 150px) 100vw, 150px\" \/><\/div><\/div><div class=\"vlp-layout-zone-main\"><div class=\"vlp-block-0 vlp-link-title\">Muquans &#8211; Precision Quantum Sensors<\/div><div class=\"vlp-block-1 vlp-link-summary\">Muquans is a leading supplier of integrated quantum solutions. Our company has developed a broad product line and a unique technological capability in the field of quantum inertial sensing, high performance time &amp; frequency applications, and advanced laser solutions.<\/div><\/div><\/div>\n\n\n<h5 class=\"wp-block-heading\"><strong>Chipiron<\/strong><\/h5>\n\n\n\n<p>Technologie IRM \u00e0 bas champ magn\u00e9tique.<\/p>\n\n\n<div class=\"vlp-link-container vlp-layout-basic wp-block-visual-link-preview-link\"><a href=\"https:\/\/www.chipiron.co\" class=\"vlp-link\" title=\"Chipiron \u2022 Making MRI accessible everywhere\" rel=\"nofollow\" target=\"_blank\"><\/a><div class=\"vlp-layout-zone-side\"><div class=\"vlp-block-2 vlp-link-image\"><img decoding=\"async\" style=\"max-width: 150px;\" width=\"150\" height=\"150\" src=\"https:\/\/mastertechq.lpl.univ-paris13.fr\/wp-content\/uploads\/2025\/12\/video-cover.jpg\" class=\"attachment-150x999 size-150x999\" alt=\"\" srcset=\"https:\/\/mastertechq.lpl.univ-paris13.fr\/wp-content\/uploads\/2025\/12\/video-cover.jpg 898w, https:\/\/mastertechq.lpl.univ-paris13.fr\/wp-content\/uploads\/2025\/12\/video-cover-300x300.jpg 300w, https:\/\/mastertechq.lpl.univ-paris13.fr\/wp-content\/uploads\/2025\/12\/video-cover-150x150.jpg 150w, https:\/\/mastertechq.lpl.univ-paris13.fr\/wp-content\/uploads\/2025\/12\/video-cover-768x768.jpg 768w\" sizes=\"(max-width: 150px) 100vw, 150px\" \/><\/div><\/div><div class=\"vlp-layout-zone-main\"><div class=\"vlp-block-0 vlp-link-title\">Chipiron \u2022 Making MRI accessible everywhere<\/div><div class=\"vlp-block-1 vlp-link-summary\">At Chipiron, we are on a mission to end cancer through scalable MRI technologies. We are building the first light, inexpensive, and open full-body MRI machine that doesn\u2019t compromise image quality.<\/div><\/div><\/div>\n\n\n<h5 class=\"wp-block-heading\"><strong>Kwan-Tek<\/strong><\/h5>\n\n\n\n<p>Senseurs de champs magn\u00e9tiques bas\u00e9s sur des centres lacune-azote (nitrogen vacancy, NV).<\/p>\n\n\n<div class=\"vlp-link-container vlp-layout-basic wp-block-visual-link-preview-link\"><a href=\"https:\/\/www.kwan-tek.com\/\" class=\"vlp-link\" title=\"KWAN-TEK \u2013 Diamond Quantum Sensors - Kwan-tek\" rel=\"nofollow\" target=\"_blank\"><\/a><div class=\"vlp-layout-zone-main\"><div class=\"vlp-block-0 vlp-link-title\">KWAN-TEK \u2013 Diamond Quantum Sensors &#8211; Kwan-tek<\/div><div class=\"vlp-block-1 vlp-link-summary\">KWAN-TEK offers solutions of diamond quantum sensor technology applied to high-precision instrumentation, autonomous navigation, and industrial control.<\/div><\/div><\/div><\/div>\n<\/div><\/div>\n\n\n\n<h3 class=\"wp-block-heading\"><strong>Opportunit\u00e9s de carri\u00e8res apr\u00e8s le Master TechQ<\/strong><\/h3>\n\n\n\n<h5 class=\"wp-block-heading\"><strong>Les m\u00e9tiers :<\/strong><\/h5>\n\n\n\n<p>Le master TechQ est con\u00e7u sp\u00e9cifiquement pour r\u00e9pondre aux attentes des entreprises et start-ups des nouvelles technologies quantiques (cf. ci-dessus).<\/p>\n\n\n\n<ul class=\"wp-block-list\">\n<li>Charg\u00e9\u00b7e \/ chef\u00b7fe de projet de recherche et d\u00e9veloppement, consultant<\/li>\n\n\n\n<li>Ing\u00e9nieur\u00b7e de recherche dans les grands organismes (CNRS, ONERA, LNE)<\/li>\n\n\n\n<li>Chercheur\u00b7e ou Enseignant\u00b7e chercheur apr\u00e8s l\u2019obtention d\u2019un doctorat.<\/li>\n<\/ul>\n\n\n\n<h5 class=\"wp-block-heading\"><strong>Poursuite d\u2019\u00e9tudes :<\/strong><\/h5>\n\n\n\n<p>\u00c0 l\u2019issue de la <a href=\"https:\/\/mastertechq.lpl.univ-paris13.fr\/?page_id=302\">formation<\/a>, les \u00e9tudiants sont qualifi\u00e9s pour effectuer un doctorat en entreprise, ou en laboratoire (par exemple au Laboratoire de Physique des Lasers, ou dans l&rsquo;un des 36 autres laboratoires partenaires de <a href=\"https:\/\/quantip.org\/\" target=\"_blank\" rel=\"noreferrer noopener\">QuanTiP<\/a>).<\/p>\n","protected":false},"excerpt":{"rendered":"<p>Opportunit\u00e9s de carri\u00e8res apr\u00e8s le Master TechQ Les m\u00e9tiers : Le master TechQ est con\u00e7u sp\u00e9cifiquement pour r\u00e9pondre aux attentes des entreprises et start-ups des nouvelles technologies quantiques (cf. ci-dessus). Poursuite d\u2019\u00e9tudes : \u00c0 l\u2019issue de la formation, les \u00e9tudiants sont qualifi\u00e9s pour effectuer un doctorat en entreprise, ou en laboratoire (par exemple au Laboratoire [&hellip;]<\/p>\n","protected":false},"author":2,"featured_media":0,"parent":2,"menu_order":0,"comment_status":"closed","ping_status":"closed","template":"","meta":{"_themeisle_gutenberg_block_has_review":false,"footnotes":""},"class_list":["post-343","page","type-page","status-publish","hentry"],"blocksy_meta":[],"yoast_head":"<!-- This site is optimized with the Yoast SEO plugin v27.2 - https:\/\/yoast.com\/product\/yoast-seo-wordpress\/ -->\n<title>\u00c9cosyst\u00e8me du quantique - Startups ordinateurs - capteurs - quantique<\/title>\n<meta name=\"description\" content=\"Le dipl\u00f4me Master TechQ permet de rejoindre les startups fran\u00e7aises qui inventent les ordinateurs et capteurs quantiques de demain.\" \/>\n<meta name=\"robots\" content=\"index, follow, max-snippet:-1, max-image-preview:large, max-video-preview:-1\" \/>\n<link rel=\"canonical\" href=\"https:\/\/mastertechq.lpl.univ-paris13.fr\/?page_id=343\" \/>\n<meta property=\"og:locale\" content=\"fr_FR\" \/>\n<meta property=\"og:type\" content=\"article\" \/>\n<meta property=\"og:title\" content=\"\u00c9cosyst\u00e8me du quantique - Startups ordinateurs - capteurs - quantique\" \/>\n<meta property=\"og:description\" content=\"Le dipl\u00f4me Master TechQ permet de rejoindre les startups fran\u00e7aises qui inventent les ordinateurs et capteurs quantiques de demain.\" \/>\n<meta property=\"og:url\" content=\"https:\/\/mastertechq.lpl.univ-paris13.fr\/?page_id=343\" \/>\n<meta property=\"og:site_name\" content=\"Master TechQ\" \/>\n<meta property=\"article:modified_time\" content=\"2025-12-03T12:27:26+00:00\" \/>\n<meta property=\"og:image\" content=\"https:\/\/mastertechq.lpl.univ-paris13.fr\/wp-content\/uploads\/2025\/12\/AB-share_image-1.jpg\" \/>\n<meta name=\"twitter:card\" content=\"summary_large_image\" \/>\n<meta name=\"twitter:label1\" content=\"Dur\u00e9e de lecture estim\u00e9e\" \/>\n\t<meta name=\"twitter:data1\" content=\"4 minutes\" \/>\n<script type=\"application\/ld+json\" class=\"yoast-schema-graph\">{\"@context\":\"https:\/\/schema.org\",\"@graph\":[{\"@type\":\"WebPage\",\"@id\":\"https:\/\/mastertechq.lpl.univ-paris13.fr\/?page_id=343\",\"url\":\"https:\/\/mastertechq.lpl.univ-paris13.fr\/?page_id=343\",\"name\":\"\u00c9cosyst\u00e8me du quantique - Startups ordinateurs - capteurs - quantique\",\"isPartOf\":{\"@id\":\"https:\/\/mastertechq.lpl.univ-paris13.fr\/#website\"},\"primaryImageOfPage\":{\"@id\":\"https:\/\/mastertechq.lpl.univ-paris13.fr\/?page_id=343#primaryimage\"},\"image\":{\"@id\":\"https:\/\/mastertechq.lpl.univ-paris13.fr\/?page_id=343#primaryimage\"},\"thumbnailUrl\":\"https:\/\/mastertechq.lpl.univ-paris13.fr\/wp-content\/uploads\/2025\/12\/AB-share_image-1.jpg\",\"datePublished\":\"2025-01-06T21:18:26+00:00\",\"dateModified\":\"2025-12-03T12:27:26+00:00\",\"description\":\"Le dipl\u00f4me Master TechQ permet de rejoindre les startups fran\u00e7aises qui inventent les ordinateurs et capteurs quantiques de demain.\",\"breadcrumb\":{\"@id\":\"https:\/\/mastertechq.lpl.univ-paris13.fr\/?page_id=343#breadcrumb\"},\"inLanguage\":\"fr-FR\",\"potentialAction\":[{\"@type\":\"ReadAction\",\"target\":[\"https:\/\/mastertechq.lpl.univ-paris13.fr\/?page_id=343\"]}]},{\"@type\":\"ImageObject\",\"inLanguage\":\"fr-FR\",\"@id\":\"https:\/\/mastertechq.lpl.univ-paris13.fr\/?page_id=343#primaryimage\",\"url\":\"https:\/\/mastertechq.lpl.univ-paris13.fr\/wp-content\/uploads\/2025\/12\/AB-share_image-1.jpg\",\"contentUrl\":\"https:\/\/mastertechq.lpl.univ-paris13.fr\/wp-content\/uploads\/2025\/12\/AB-share_image-1.jpg\",\"width\":2400,\"height\":1260},{\"@type\":\"BreadcrumbList\",\"@id\":\"https:\/\/mastertechq.lpl.univ-paris13.fr\/?page_id=343#breadcrumb\",\"itemListElement\":[{\"@type\":\"ListItem\",\"position\":1,\"name\":\"Home\",\"item\":\"https:\/\/mastertechq.lpl.univ-paris13.fr\/\"},{\"@type\":\"ListItem\",\"position\":2,\"name\":\"Page d&rsquo;accueil\",\"item\":\"https:\/\/mastertechq.lpl.univ-paris13.fr\/\"},{\"@type\":\"ListItem\",\"position\":3,\"name\":\"\u00c9cosyst\u00e8me du quantique\"}]},{\"@type\":\"WebSite\",\"@id\":\"https:\/\/mastertechq.lpl.univ-paris13.fr\/#website\",\"url\":\"https:\/\/mastertechq.lpl.univ-paris13.fr\/\",\"name\":\"Master TechQ\",\"description\":\"Quantum technologies in motion\",\"publisher\":{\"@id\":\"https:\/\/mastertechq.lpl.univ-paris13.fr\/#organization\"},\"potentialAction\":[{\"@type\":\"SearchAction\",\"target\":{\"@type\":\"EntryPoint\",\"urlTemplate\":\"https:\/\/mastertechq.lpl.univ-paris13.fr\/?s={search_term_string}\"},\"query-input\":{\"@type\":\"PropertyValueSpecification\",\"valueRequired\":true,\"valueName\":\"search_term_string\"}}],\"inLanguage\":\"fr-FR\"},{\"@type\":\"Organization\",\"@id\":\"https:\/\/mastertechq.lpl.univ-paris13.fr\/#organization\",\"name\":\"Master TechQ\",\"alternateName\":\"Master Technologies Quantiques\",\"url\":\"https:\/\/mastertechq.lpl.univ-paris13.fr\/\",\"logo\":{\"@type\":\"ImageObject\",\"inLanguage\":\"fr-FR\",\"@id\":\"https:\/\/mastertechq.lpl.univ-paris13.fr\/#\/schema\/logo\/image\/\",\"url\":\"https:\/\/mastertechq.lpl.univ-paris13.fr\/wp-content\/uploads\/2025\/01\/Logo-MTQ.png\",\"contentUrl\":\"https:\/\/mastertechq.lpl.univ-paris13.fr\/wp-content\/uploads\/2025\/01\/Logo-MTQ.png\",\"width\":500,\"height\":500,\"caption\":\"Master TechQ\"},\"image\":{\"@id\":\"https:\/\/mastertechq.lpl.univ-paris13.fr\/#\/schema\/logo\/image\/\"}}]}<\/script>\n<!-- \/ Yoast SEO plugin. -->","yoast_head_json":{"title":"\u00c9cosyst\u00e8me du quantique - Startups ordinateurs - capteurs - quantique","description":"Le dipl\u00f4me Master TechQ permet de rejoindre les startups fran\u00e7aises qui inventent les ordinateurs et capteurs quantiques de demain.","robots":{"index":"index","follow":"follow","max-snippet":"max-snippet:-1","max-image-preview":"max-image-preview:large","max-video-preview":"max-video-preview:-1"},"canonical":"https:\/\/mastertechq.lpl.univ-paris13.fr\/?page_id=343","og_locale":"fr_FR","og_type":"article","og_title":"\u00c9cosyst\u00e8me du quantique - Startups ordinateurs - capteurs - quantique","og_description":"Le dipl\u00f4me Master TechQ permet de rejoindre les startups fran\u00e7aises qui inventent les ordinateurs et capteurs quantiques de demain.","og_url":"https:\/\/mastertechq.lpl.univ-paris13.fr\/?page_id=343","og_site_name":"Master TechQ","article_modified_time":"2025-12-03T12:27:26+00:00","og_image":[{"url":"https:\/\/mastertechq.lpl.univ-paris13.fr\/wp-content\/uploads\/2025\/12\/AB-share_image-1.jpg","type":"","width":"","height":""}],"twitter_card":"summary_large_image","twitter_misc":{"Dur\u00e9e de lecture estim\u00e9e":"4 minutes"},"schema":{"@context":"https:\/\/schema.org","@graph":[{"@type":"WebPage","@id":"https:\/\/mastertechq.lpl.univ-paris13.fr\/?page_id=343","url":"https:\/\/mastertechq.lpl.univ-paris13.fr\/?page_id=343","name":"\u00c9cosyst\u00e8me du quantique - Startups ordinateurs - capteurs - quantique","isPartOf":{"@id":"https:\/\/mastertechq.lpl.univ-paris13.fr\/#website"},"primaryImageOfPage":{"@id":"https:\/\/mastertechq.lpl.univ-paris13.fr\/?page_id=343#primaryimage"},"image":{"@id":"https:\/\/mastertechq.lpl.univ-paris13.fr\/?page_id=343#primaryimage"},"thumbnailUrl":"https:\/\/mastertechq.lpl.univ-paris13.fr\/wp-content\/uploads\/2025\/12\/AB-share_image-1.jpg","datePublished":"2025-01-06T21:18:26+00:00","dateModified":"2025-12-03T12:27:26+00:00","description":"Le dipl\u00f4me Master TechQ permet de rejoindre les startups fran\u00e7aises qui inventent les ordinateurs et capteurs quantiques de demain.","breadcrumb":{"@id":"https:\/\/mastertechq.lpl.univ-paris13.fr\/?page_id=343#breadcrumb"},"inLanguage":"fr-FR","potentialAction":[{"@type":"ReadAction","target":["https:\/\/mastertechq.lpl.univ-paris13.fr\/?page_id=343"]}]},{"@type":"ImageObject","inLanguage":"fr-FR","@id":"https:\/\/mastertechq.lpl.univ-paris13.fr\/?page_id=343#primaryimage","url":"https:\/\/mastertechq.lpl.univ-paris13.fr\/wp-content\/uploads\/2025\/12\/AB-share_image-1.jpg","contentUrl":"https:\/\/mastertechq.lpl.univ-paris13.fr\/wp-content\/uploads\/2025\/12\/AB-share_image-1.jpg","width":2400,"height":1260},{"@type":"BreadcrumbList","@id":"https:\/\/mastertechq.lpl.univ-paris13.fr\/?page_id=343#breadcrumb","itemListElement":[{"@type":"ListItem","position":1,"name":"Home","item":"https:\/\/mastertechq.lpl.univ-paris13.fr\/"},{"@type":"ListItem","position":2,"name":"Page d&rsquo;accueil","item":"https:\/\/mastertechq.lpl.univ-paris13.fr\/"},{"@type":"ListItem","position":3,"name":"\u00c9cosyst\u00e8me du quantique"}]},{"@type":"WebSite","@id":"https:\/\/mastertechq.lpl.univ-paris13.fr\/#website","url":"https:\/\/mastertechq.lpl.univ-paris13.fr\/","name":"Master TechQ","description":"Quantum technologies in motion","publisher":{"@id":"https:\/\/mastertechq.lpl.univ-paris13.fr\/#organization"},"potentialAction":[{"@type":"SearchAction","target":{"@type":"EntryPoint","urlTemplate":"https:\/\/mastertechq.lpl.univ-paris13.fr\/?s={search_term_string}"},"query-input":{"@type":"PropertyValueSpecification","valueRequired":true,"valueName":"search_term_string"}}],"inLanguage":"fr-FR"},{"@type":"Organization","@id":"https:\/\/mastertechq.lpl.univ-paris13.fr\/#organization","name":"Master TechQ","alternateName":"Master Technologies Quantiques","url":"https:\/\/mastertechq.lpl.univ-paris13.fr\/","logo":{"@type":"ImageObject","inLanguage":"fr-FR","@id":"https:\/\/mastertechq.lpl.univ-paris13.fr\/#\/schema\/logo\/image\/","url":"https:\/\/mastertechq.lpl.univ-paris13.fr\/wp-content\/uploads\/2025\/01\/Logo-MTQ.png","contentUrl":"https:\/\/mastertechq.lpl.univ-paris13.fr\/wp-content\/uploads\/2025\/01\/Logo-MTQ.png","width":500,"height":500,"caption":"Master TechQ"},"image":{"@id":"https:\/\/mastertechq.lpl.univ-paris13.fr\/#\/schema\/logo\/image\/"}}]}},"jetpack_sharing_enabled":true,"_links":{"self":[{"href":"https:\/\/mastertechq.lpl.univ-paris13.fr\/index.php?rest_route=\/wp\/v2\/pages\/343","targetHints":{"allow":["GET"]}}],"collection":[{"href":"https:\/\/mastertechq.lpl.univ-paris13.fr\/index.php?rest_route=\/wp\/v2\/pages"}],"about":[{"href":"https:\/\/mastertechq.lpl.univ-paris13.fr\/index.php?rest_route=\/wp\/v2\/types\/page"}],"author":[{"embeddable":true,"href":"https:\/\/mastertechq.lpl.univ-paris13.fr\/index.php?rest_route=\/wp\/v2\/users\/2"}],"replies":[{"embeddable":true,"href":"https:\/\/mastertechq.lpl.univ-paris13.fr\/index.php?rest_route=%2Fwp%2Fv2%2Fcomments&post=343"}],"version-history":[{"count":37,"href":"https:\/\/mastertechq.lpl.univ-paris13.fr\/index.php?rest_route=\/wp\/v2\/pages\/343\/revisions"}],"predecessor-version":[{"id":2199,"href":"https:\/\/mastertechq.lpl.univ-paris13.fr\/index.php?rest_route=\/wp\/v2\/pages\/343\/revisions\/2199"}],"up":[{"embeddable":true,"href":"https:\/\/mastertechq.lpl.univ-paris13.fr\/index.php?rest_route=\/wp\/v2\/pages\/2"}],"wp:attachment":[{"href":"https:\/\/mastertechq.lpl.univ-paris13.fr\/index.php?rest_route=%2Fwp%2Fv2%2Fmedia&parent=343"}],"curies":[{"name":"wp","href":"https:\/\/api.w.org\/{rel}","templated":true}]}}