{"id":356,"date":"2025-01-07T21:31:01","date_gmt":"2025-01-07T20:31:01","guid":{"rendered":"https:\/\/mastertechq.lpl.univ-paris13.fr\/?page_id=356"},"modified":"2025-01-21T21:01:13","modified_gmt":"2025-01-21T20:01:13","slug":"laurent-vernac-fr","status":"publish","type":"page","link":"https:\/\/mastertechq.lpl.univ-paris13.fr\/?page_id=356","title":{"rendered":"Laurent Vernac &#8211; fr"},"content":{"rendered":"\n<div id=\"wp-block-themeisle-blocks-advanced-columns-07f9e39b\" class=\"wp-block-themeisle-blocks-advanced-columns alignfull has-1-columns has-desktop-equal-layout has-tablet-equal-layout has-mobile-collapsedRows-layout has-vertical-center ticss-c00aadba\"><div class=\"wp-block-themeisle-blocks-advanced-columns-overlay\"><\/div><div class=\"innerblocks-wrap\">\n<div id=\"wp-block-themeisle-blocks-advanced-column-9bce96d7\" class=\"wp-block-themeisle-blocks-advanced-column\">\n<div id=\"wp-block-themeisle-blocks-advanced-columns-aeb872df\" class=\"wp-block-themeisle-blocks-advanced-columns has-2-columns has-desktop-oneTwo-layout has-tablet-equal-layout has-mobile-collapsedRows-layout has-vertical-unset\"><div class=\"wp-block-themeisle-blocks-advanced-columns-overlay\"><\/div><div class=\"innerblocks-wrap\">\n<div id=\"wp-block-themeisle-blocks-advanced-column-04b60404\" class=\"wp-block-themeisle-blocks-advanced-column\">\n<div class=\"wp-block-group is-vertical is-content-justification-center is-layout-flex wp-container-core-group-is-layout-b6c1f246 wp-block-group-is-layout-flex\">\n<figure class=\"wp-block-image aligncenter size-full is-resized has-custom-border is-style-default wp-duotone-unset-1\" id=\"wp-block-themeisle-blocks-image-eb2081a8\"><img decoding=\"async\" src=\"https:\/\/mastertechq.lpl.univ-paris13.fr\/wp-content\/uploads\/2025\/01\/Profil-Laurent-Vernac-e1736420389142.jpg\" alt=\"\" class=\"wp-image-586\" style=\"border-radius:20px;width:240px;height:auto\"\/><\/figure>\n\n\n\n<h2 id=\"wp-block-themeisle-blocks-advanced-heading-bbda2e30\" class=\"wp-block-themeisle-blocks-advanced-heading wp-block-themeisle-blocks-advanced-heading-bbda2e30\">Laurent Vernac<\/h2>\n\n\n\n<h5 class=\"wp-block-heading has-text-align-center\"><mark style=\"background-color:rgba(0, 0, 0, 0)\" class=\"has-inline-color has-palette-color-3-color\">MA\u00ceTRE DE CONF\u00c9RENCE<\/mark><\/h5>\n\n\n\n<div class=\"wp-block-group is-content-justification-center is-nowrap is-layout-flex wp-container-core-group-is-layout-23441af8 wp-block-group-is-layout-flex\">\n<div class=\"wp-block-outermost-icon-block items-justified-center\"><a class=\"icon-container\" href=\"https:\/\/orcid.org\/0000-0002-3156-8358\" target=\"_blank\" rel=\"noreferrer noopener\" style=\"width:32px;transform:rotate(0deg) scaleX(1) scaleY(1)\"><svg xmlns=\"http:\/\/www.w3.org\/2000\/svg\" width=\"32\" height=\"32\" fill=\"none\"><path fill-rule=\"evenodd\" clip-rule=\"evenodd\" d=\"M32 16c0 8.837-7.163 16-16 16-8.838 0-16-7.163-16-16C0 7.162 7.162 0 16 0c8.837 0 16 7.162 16 16Z\" fill=\"#A6CE39\"><\/path><path fill-rule=\"evenodd\" clip-rule=\"evenodd\" d=\"M18.813 9.637h-5.45v13.9h5.474c4.555 0 7.35-3.378 7.35-6.95 0-1.635-.562-3.372-1.77-4.704-1.215-1.336-3.065-2.246-5.605-2.246ZM18.6 21.3h-2.813v-9.425H18.5c1.823 0 3.12.552 3.96 1.4.842.849 1.252 2.021 1.252 3.312 0 .784-.239 1.967-.993 2.948-.745.969-2.01 1.765-4.119 1.765Zm5.311-4.026c-.251 1.74-1.494 4.276-5.311 4.276h-3.063H18.6c3.817 0 5.06-2.536 5.311-4.276Zm1.812-2.405c-.657-2.601-2.85-4.982-6.91-4.982h-5.2 5.2c4.06 0 6.253 2.38 6.91 4.982Zm.215 1.718ZM8.363 9.675v13.887h2.425V9.675H8.363Zm2.175 13.637H8.612h1.925ZM9.575 8.65c.84 0 1.513-.689 1.513-1.513 0-.823-.673-1.512-1.513-1.512-.838 0-1.512.674-1.512 1.513 0 .823.672 1.512 1.512 1.512Z\" fill=\"#fff\"><\/path><\/svg><\/a><\/div>\n\n\n\n<div class=\"wp-block-outermost-icon-block\"><a class=\"icon-container\" href=\"mailto:laurent.vernac@univ-paris13.fr\" target=\"_blank\" rel=\"noreferrer noopener\" style=\"width:48px;transform:rotate(0deg) scaleX(1) scaleY(1)\"><svg xmlns=\"http:\/\/www.w3.org\/2000\/svg\" viewBox=\"0 0 24 24\" aria-hidden=\"true\"><path d=\"M20,4H4C2.895,4,2,4.895,2,6v12c0,1.105,0.895,2,2,2h16c1.105,0,2-0.895,2-2V6C22,4.895,21.105,4,20,4z M20,8.236l-8,4.882 L4,8.236V6h16V8.236z\"><\/path><\/svg><\/a><\/div>\n<\/div>\n\n\n\n<p class=\"has-text-align-left\"><strong>Bureau:<\/strong> E019, Campus Villetaneuse<\/p>\n\n\n\n<p class=\"has-text-align-center\">Site <a href=\"https:\/\/gqm.lpl.univ-paris13.fr\/\" data-type=\"link\" data-id=\"https:\/\/gqm.lpl.univ-paris13.fr\/\" target=\"_blank\" rel=\"noreferrer noopener\">web<\/a> du groupe de recherche<br>Site <a href=\"https:\/\/www.lpl.univ-paris13.fr\/\" data-type=\"link\" data-id=\"https:\/\/www.lpl.univ-paris13.fr\/\" target=\"_blank\" rel=\"noreferrer noopener\">web<\/a> du laboratoire<\/p>\n<\/div>\n<\/div>\n\n\n\n<div id=\"wp-block-themeisle-blocks-advanced-column-abd8dd7d\" class=\"wp-block-themeisle-blocks-advanced-column\">\n<div class=\"wp-block-group is-nowrap is-layout-flex wp-container-core-group-is-layout-6c531013 wp-block-group-is-layout-flex\">\n<hr class=\"wp-block-separator has-alpha-channel-opacity\"\/>\n\n\n\n<div class=\"wp-block-group is-vertical is-layout-flex wp-container-core-group-is-layout-fe9cc265 wp-block-group-is-layout-flex\">\n<h4 class=\"wp-block-heading\"><em>Mon parcours recherche :<\/em><\/h4>\n\n\n\n<p class=\"has-text-align-left\">J\u2019ai fait ma th\u00e8se au Laboratoire Kastler Brossel en optique quantique, en \u00e9tudiant le couplage d\u2019atomes de C\u00e9sium et d\u2019un laser dans une cavit\u00e9 optique, pour modifier les propri\u00e9t\u00e9s quantiques du laser et des atomes. J\u2019ai fait un post-doctorat \u00e0 Harvard o\u00f9 j\u2019ai construit une exp\u00e9rience produisant un jet intense d\u2019atomes de Rubidium ultra-froids. J\u2019ai \u00e9t\u00e9 recrut\u00e9 au Laboratoire de Physique des Lasers pour construire une exp\u00e9rience produisant des gaz quantiques de chrome&nbsp;: condensat de Bose Einstein et Mer de Fermi. Les atomes de chrome poss\u00e8dent un moment magn\u00e9tique important qui leur permet d\u2019interagir \u00e0 distance, avec des interactions dipolaires magn\u00e9tiques. Ma recherche porte actuellement sur l\u2019\u00e9tude d\u2019atomes de chrome pi\u00e9g\u00e9s dans un r\u00e9seau optique&nbsp;: nous cherchons \u00e0 mesurer les propri\u00e9t\u00e9s quantiques li\u00e9es au spin de ces atomes.<\/p>\n\n\n\n<h4 class=\"wp-block-heading\"><em>Les cours enseign\u00e9s :<\/em><\/h4>\n\n\n\n<ul class=\"wp-block-list\">\n<li>Physique Quantique 1&nbsp;: \u00c9quation de Schr\u00f6dinger <a href=\"https:\/\/mastertechq.lpl.univ-paris13.fr\/?page_id=486\"><img decoding=\"async\" width=\"25\" height=\"25\" class=\"wp-image-258\" style=\"width: 25px;\" src=\"https:\/\/mastertechq.lpl.univ-paris13.fr\/wp-content\/uploads\/2024\/12\/Arrow-fe2f47.svg\" alt=\"\"><\/a><\/li>\n\n\n\n<li>Physique Quantique 2&nbsp;: Oscillateur Harmonique &#8211; Moments cin\u00e9tiques <a href=\"https:\/\/mastertechq.lpl.univ-paris13.fr\/?page_id=606\"><img decoding=\"async\" width=\"25\" height=\"25\" class=\"wp-image-258\" style=\"width: 25px;\" src=\"https:\/\/mastertechq.lpl.univ-paris13.fr\/wp-content\/uploads\/2024\/12\/Arrow-fe2f47.svg\" alt=\"\"><\/a><\/li>\n\n\n\n<li>Physique pour les Technologies Quantiques 3 : Technologies quantiques et Applications <a href=\"https:\/\/mastertechq.lpl.univ-paris13.fr\/?page_id=843\"><img decoding=\"async\" width=\"25\" height=\"25\" class=\"wp-image-258\" style=\"width: 25px;\" src=\"https:\/\/mastertechq.lpl.univ-paris13.fr\/wp-content\/uploads\/2024\/12\/Arrow-fe2f47.svg\" alt=\"\"><\/a><\/li>\n\n\n\n<li>Physique pour les Technologies Quantiques 4&nbsp;: Physique Atomique et Mol\u00e9culaire <a href=\"https:\/\/mastertechq.lpl.univ-paris13.fr\/?page_id=660\"><img decoding=\"async\" width=\"25\" height=\"25\" class=\"wp-image-258\" style=\"width: 25px;\" src=\"https:\/\/mastertechq.lpl.univ-paris13.fr\/wp-content\/uploads\/2024\/12\/Arrow-fe2f47.svg\" alt=\"\"><\/a><\/li>\n<\/ul>\n\n\n\n<h4 class=\"wp-block-heading\"><em>Th\u00e9matiques de recherche :<\/em><\/h4>\n\n\n\n<ul class=\"wp-block-list\">\n<li>Gaz quantiques dipolaires<\/li>\n\n\n\n<li>Intrication et thermalisation quantique d\u2019un syst\u00e8me de spins coupl\u00e9s<\/li>\n<\/ul>\n<\/div>\n<\/div>\n<\/div>\n<\/div><\/div>\n\n\n\n<div style=\"height:41px\" aria-hidden=\"true\" class=\"wp-block-spacer\"><\/div>\n\n\n\n<figure class=\"wp-block-image aligncenter size-large is-resized is-style-default\"><img decoding=\"async\" width=\"1024\" height=\"681\" src=\"https:\/\/mastertechq.lpl.univ-paris13.fr\/wp-content\/uploads\/2025\/01\/BRA9662-1024x681.jpg\" alt=\"\" class=\"wp-image-904\" style=\"box-shadow:var(--wp--preset--shadow--sharp);width:678px;height:auto\" srcset=\"https:\/\/mastertechq.lpl.univ-paris13.fr\/wp-content\/uploads\/2025\/01\/BRA9662-1024x681.jpg 1024w, https:\/\/mastertechq.lpl.univ-paris13.fr\/wp-content\/uploads\/2025\/01\/BRA9662-300x200.jpg 300w, https:\/\/mastertechq.lpl.univ-paris13.fr\/wp-content\/uploads\/2025\/01\/BRA9662-768x511.jpg 768w, https:\/\/mastertechq.lpl.univ-paris13.fr\/wp-content\/uploads\/2025\/01\/BRA9662-1536x1022.jpg 1536w, https:\/\/mastertechq.lpl.univ-paris13.fr\/wp-content\/uploads\/2025\/01\/BRA9662-2048x1363.jpg 2048w\" sizes=\"(max-width: 1024px) 100vw, 1024px\" \/><figcaption class=\"wp-element-caption\"><em>Condensation de Bose-Einstein du chrome au LPL<\/em><\/figcaption><\/figure>\n\n\n\n<h4 class=\"wp-block-heading\">Quelques articles choisis<\/h4>\n\n\n\n<blockquote class=\"wp-block-quote is-layout-flow wp-block-quote-is-layout-flow\">\n<ul class=\"wp-block-list\">\n<li>Youssef Aziz Alaoui, Sean R. Muleady, Edwin Chaparro, Youssef Trifa, Ana Maria Rey, Tommaso Roscilde, Bruno Laburthe-Tolra, and Laurent Vernac, \u00ab<em>Measuring Bipartite Spin Correlations of Lattice-Trapped Dipolar Atoms<\/em>\u00bb, Phys. Rev. Lett. <strong>133<\/strong>, 203401 (2024).<br>DOI: <a href=\"http:\/\/doi.org\/10.1103\/PhysRevLett.133.203401\" data-type=\"link\" data-id=\"doi.org\/10.1103\/PhysRevLett.133.203401\" target=\"_blank\" rel=\"noreferrer noopener\">10.1103\/PhysRevLett.133.203401<\/a><\/li>\n\n\n\n<li>S. Lepoutre, J. Schachenmayer, L. Gabardos, B. Zhu, B. Naylor, E. Mar\u00e9chal, O. Gorceix, A. M. Rey, L. Vernac, and B. Laburthe-Tolra, \u00ab<em>Out-of-equilibrium quantum magnetism and thermalization in a spin-3 many-body dipolar lattice system<\/em>\u00bb, Nat Commun <strong>10<\/strong>, 1714 (2019).<br>DOI: <a data-type=\"link\" data-id=\"doi.org\/10.1038\/s41467-019-09699-5\" href=\"http:\/\/doi.org\/10.1038\/s41467-019-09699-5\" target=\"_blank\" rel=\"noreferrer noopener\">10.1038\/s41467-019-09699-5<\/a><\/li>\n<\/ul>\n<\/blockquote>\n<\/div>\n<\/div><\/div>\n","protected":false},"excerpt":{"rendered":"","protected":false},"author":2,"featured_media":0,"parent":374,"menu_order":0,"comment_status":"closed","ping_status":"closed","template":"","meta":{"_themeisle_gutenberg_block_has_review":false,"footnotes":""},"class_list":["post-356","page","type-page","status-publish","hentry"],"blocksy_meta":[],"yoast_head":"<!-- This site is optimized with the Yoast SEO plugin v27.2 - https:\/\/yoast.com\/product\/yoast-seo-wordpress\/ -->\n<title>Laurent Vernac - fr - Master TechQ<\/title>\n<meta name=\"robots\" content=\"index, follow, max-snippet:-1, max-image-preview:large, max-video-preview:-1\" \/>\n<link rel=\"canonical\" href=\"https:\/\/mastertechq.lpl.univ-paris13.fr\/?page_id=356\" \/>\n<meta property=\"og:locale\" content=\"fr_FR\" \/>\n<meta property=\"og:type\" content=\"article\" \/>\n<meta property=\"og:title\" content=\"Laurent Vernac - fr - Master TechQ\" \/>\n<meta property=\"og:url\" content=\"https:\/\/mastertechq.lpl.univ-paris13.fr\/?page_id=356\" \/>\n<meta property=\"og:site_name\" content=\"Master TechQ\" \/>\n<meta property=\"article:modified_time\" content=\"2025-01-21T20:01:13+00:00\" \/>\n<meta property=\"og:image\" content=\"https:\/\/mastertechq.lpl.univ-paris13.fr\/wp-content\/uploads\/2025\/01\/Profil-Laurent-Vernac-e1736426365936.jpg\" \/>\n\t<meta property=\"og:image:width\" content=\"194\" \/>\n\t<meta property=\"og:image:height\" content=\"291\" \/>\n\t<meta property=\"og:image:type\" content=\"image\/jpeg\" \/>\n<meta name=\"twitter:card\" content=\"summary_large_image\" \/>\n<meta name=\"twitter:label1\" content=\"Dur\u00e9e de lecture estim\u00e9e\" \/>\n\t<meta name=\"twitter:data1\" content=\"3 minutes\" \/>\n<script type=\"application\/ld+json\" class=\"yoast-schema-graph\">{\"@context\":\"https:\/\/schema.org\",\"@graph\":[{\"@type\":\"WebPage\",\"@id\":\"https:\/\/mastertechq.lpl.univ-paris13.fr\/?page_id=356\",\"url\":\"https:\/\/mastertechq.lpl.univ-paris13.fr\/?page_id=356\",\"name\":\"Laurent Vernac - fr - Master TechQ\",\"isPartOf\":{\"@id\":\"https:\/\/mastertechq.lpl.univ-paris13.fr\/#website\"},\"primaryImageOfPage\":{\"@id\":\"https:\/\/mastertechq.lpl.univ-paris13.fr\/?page_id=356#primaryimage\"},\"image\":{\"@id\":\"https:\/\/mastertechq.lpl.univ-paris13.fr\/?page_id=356#primaryimage\"},\"thumbnailUrl\":\"https:\/\/mastertechq.lpl.univ-paris13.fr\/wp-content\/uploads\/2025\/01\/Profil-Laurent-Vernac-e1736420389142.jpg\",\"datePublished\":\"2025-01-07T20:31:01+00:00\",\"dateModified\":\"2025-01-21T20:01:13+00:00\",\"breadcrumb\":{\"@id\":\"https:\/\/mastertechq.lpl.univ-paris13.fr\/?page_id=356#breadcrumb\"},\"inLanguage\":\"fr-FR\",\"potentialAction\":[{\"@type\":\"ReadAction\",\"target\":[\"https:\/\/mastertechq.lpl.univ-paris13.fr\/?page_id=356\"]}]},{\"@type\":\"ImageObject\",\"inLanguage\":\"fr-FR\",\"@id\":\"https:\/\/mastertechq.lpl.univ-paris13.fr\/?page_id=356#primaryimage\",\"url\":\"https:\/\/mastertechq.lpl.univ-paris13.fr\/wp-content\/uploads\/2025\/01\/Profil-Laurent-Vernac-e1736426365936.jpg\",\"contentUrl\":\"https:\/\/mastertechq.lpl.univ-paris13.fr\/wp-content\/uploads\/2025\/01\/Profil-Laurent-Vernac-e1736426365936.jpg\",\"width\":194,\"height\":291},{\"@type\":\"BreadcrumbList\",\"@id\":\"https:\/\/mastertechq.lpl.univ-paris13.fr\/?page_id=356#breadcrumb\",\"itemListElement\":[{\"@type\":\"ListItem\",\"position\":1,\"name\":\"Home\",\"item\":\"https:\/\/mastertechq.lpl.univ-paris13.fr\/\"},{\"@type\":\"ListItem\",\"position\":2,\"name\":\"\u00c9quipe enseignante\",\"item\":\"https:\/\/mastertechq.lpl.univ-paris13.fr\/?page_id=374\"},{\"@type\":\"ListItem\",\"position\":3,\"name\":\"Laurent Vernac &#8211; fr\"}]},{\"@type\":\"WebSite\",\"@id\":\"https:\/\/mastertechq.lpl.univ-paris13.fr\/#website\",\"url\":\"https:\/\/mastertechq.lpl.univ-paris13.fr\/\",\"name\":\"Master TechQ\",\"description\":\"Quantum technologies in motion\",\"publisher\":{\"@id\":\"https:\/\/mastertechq.lpl.univ-paris13.fr\/#organization\"},\"potentialAction\":[{\"@type\":\"SearchAction\",\"target\":{\"@type\":\"EntryPoint\",\"urlTemplate\":\"https:\/\/mastertechq.lpl.univ-paris13.fr\/?s={search_term_string}\"},\"query-input\":{\"@type\":\"PropertyValueSpecification\",\"valueRequired\":true,\"valueName\":\"search_term_string\"}}],\"inLanguage\":\"fr-FR\"},{\"@type\":\"Organization\",\"@id\":\"https:\/\/mastertechq.lpl.univ-paris13.fr\/#organization\",\"name\":\"Master TechQ\",\"alternateName\":\"Master Technologies Quantiques\",\"url\":\"https:\/\/mastertechq.lpl.univ-paris13.fr\/\",\"logo\":{\"@type\":\"ImageObject\",\"inLanguage\":\"fr-FR\",\"@id\":\"https:\/\/mastertechq.lpl.univ-paris13.fr\/#\/schema\/logo\/image\/\",\"url\":\"https:\/\/mastertechq.lpl.univ-paris13.fr\/wp-content\/uploads\/2025\/01\/Logo-MTQ.png\",\"contentUrl\":\"https:\/\/mastertechq.lpl.univ-paris13.fr\/wp-content\/uploads\/2025\/01\/Logo-MTQ.png\",\"width\":500,\"height\":500,\"caption\":\"Master TechQ\"},\"image\":{\"@id\":\"https:\/\/mastertechq.lpl.univ-paris13.fr\/#\/schema\/logo\/image\/\"}}]}<\/script>\n<!-- \/ Yoast SEO plugin. -->","yoast_head_json":{"title":"Laurent Vernac - fr - Master TechQ","robots":{"index":"index","follow":"follow","max-snippet":"max-snippet:-1","max-image-preview":"max-image-preview:large","max-video-preview":"max-video-preview:-1"},"canonical":"https:\/\/mastertechq.lpl.univ-paris13.fr\/?page_id=356","og_locale":"fr_FR","og_type":"article","og_title":"Laurent Vernac - fr - Master TechQ","og_url":"https:\/\/mastertechq.lpl.univ-paris13.fr\/?page_id=356","og_site_name":"Master TechQ","article_modified_time":"2025-01-21T20:01:13+00:00","og_image":[{"width":194,"height":291,"url":"https:\/\/mastertechq.lpl.univ-paris13.fr\/wp-content\/uploads\/2025\/01\/Profil-Laurent-Vernac-e1736426365936.jpg","type":"image\/jpeg"}],"twitter_card":"summary_large_image","twitter_misc":{"Dur\u00e9e de lecture estim\u00e9e":"3 minutes"},"schema":{"@context":"https:\/\/schema.org","@graph":[{"@type":"WebPage","@id":"https:\/\/mastertechq.lpl.univ-paris13.fr\/?page_id=356","url":"https:\/\/mastertechq.lpl.univ-paris13.fr\/?page_id=356","name":"Laurent Vernac - fr - Master TechQ","isPartOf":{"@id":"https:\/\/mastertechq.lpl.univ-paris13.fr\/#website"},"primaryImageOfPage":{"@id":"https:\/\/mastertechq.lpl.univ-paris13.fr\/?page_id=356#primaryimage"},"image":{"@id":"https:\/\/mastertechq.lpl.univ-paris13.fr\/?page_id=356#primaryimage"},"thumbnailUrl":"https:\/\/mastertechq.lpl.univ-paris13.fr\/wp-content\/uploads\/2025\/01\/Profil-Laurent-Vernac-e1736420389142.jpg","datePublished":"2025-01-07T20:31:01+00:00","dateModified":"2025-01-21T20:01:13+00:00","breadcrumb":{"@id":"https:\/\/mastertechq.lpl.univ-paris13.fr\/?page_id=356#breadcrumb"},"inLanguage":"fr-FR","potentialAction":[{"@type":"ReadAction","target":["https:\/\/mastertechq.lpl.univ-paris13.fr\/?page_id=356"]}]},{"@type":"ImageObject","inLanguage":"fr-FR","@id":"https:\/\/mastertechq.lpl.univ-paris13.fr\/?page_id=356#primaryimage","url":"https:\/\/mastertechq.lpl.univ-paris13.fr\/wp-content\/uploads\/2025\/01\/Profil-Laurent-Vernac-e1736426365936.jpg","contentUrl":"https:\/\/mastertechq.lpl.univ-paris13.fr\/wp-content\/uploads\/2025\/01\/Profil-Laurent-Vernac-e1736426365936.jpg","width":194,"height":291},{"@type":"BreadcrumbList","@id":"https:\/\/mastertechq.lpl.univ-paris13.fr\/?page_id=356#breadcrumb","itemListElement":[{"@type":"ListItem","position":1,"name":"Home","item":"https:\/\/mastertechq.lpl.univ-paris13.fr\/"},{"@type":"ListItem","position":2,"name":"\u00c9quipe enseignante","item":"https:\/\/mastertechq.lpl.univ-paris13.fr\/?page_id=374"},{"@type":"ListItem","position":3,"name":"Laurent Vernac &#8211; fr"}]},{"@type":"WebSite","@id":"https:\/\/mastertechq.lpl.univ-paris13.fr\/#website","url":"https:\/\/mastertechq.lpl.univ-paris13.fr\/","name":"Master TechQ","description":"Quantum technologies in motion","publisher":{"@id":"https:\/\/mastertechq.lpl.univ-paris13.fr\/#organization"},"potentialAction":[{"@type":"SearchAction","target":{"@type":"EntryPoint","urlTemplate":"https:\/\/mastertechq.lpl.univ-paris13.fr\/?s={search_term_string}"},"query-input":{"@type":"PropertyValueSpecification","valueRequired":true,"valueName":"search_term_string"}}],"inLanguage":"fr-FR"},{"@type":"Organization","@id":"https:\/\/mastertechq.lpl.univ-paris13.fr\/#organization","name":"Master TechQ","alternateName":"Master Technologies Quantiques","url":"https:\/\/mastertechq.lpl.univ-paris13.fr\/","logo":{"@type":"ImageObject","inLanguage":"fr-FR","@id":"https:\/\/mastertechq.lpl.univ-paris13.fr\/#\/schema\/logo\/image\/","url":"https:\/\/mastertechq.lpl.univ-paris13.fr\/wp-content\/uploads\/2025\/01\/Logo-MTQ.png","contentUrl":"https:\/\/mastertechq.lpl.univ-paris13.fr\/wp-content\/uploads\/2025\/01\/Logo-MTQ.png","width":500,"height":500,"caption":"Master TechQ"},"image":{"@id":"https:\/\/mastertechq.lpl.univ-paris13.fr\/#\/schema\/logo\/image\/"}}]}},"jetpack_sharing_enabled":true,"_links":{"self":[{"href":"https:\/\/mastertechq.lpl.univ-paris13.fr\/index.php?rest_route=\/wp\/v2\/pages\/356","targetHints":{"allow":["GET"]}}],"collection":[{"href":"https:\/\/mastertechq.lpl.univ-paris13.fr\/index.php?rest_route=\/wp\/v2\/pages"}],"about":[{"href":"https:\/\/mastertechq.lpl.univ-paris13.fr\/index.php?rest_route=\/wp\/v2\/types\/page"}],"author":[{"embeddable":true,"href":"https:\/\/mastertechq.lpl.univ-paris13.fr\/index.php?rest_route=\/wp\/v2\/users\/2"}],"replies":[{"embeddable":true,"href":"https:\/\/mastertechq.lpl.univ-paris13.fr\/index.php?rest_route=%2Fwp%2Fv2%2Fcomments&post=356"}],"version-history":[{"count":39,"href":"https:\/\/mastertechq.lpl.univ-paris13.fr\/index.php?rest_route=\/wp\/v2\/pages\/356\/revisions"}],"predecessor-version":[{"id":1810,"href":"https:\/\/mastertechq.lpl.univ-paris13.fr\/index.php?rest_route=\/wp\/v2\/pages\/356\/revisions\/1810"}],"up":[{"embeddable":true,"href":"https:\/\/mastertechq.lpl.univ-paris13.fr\/index.php?rest_route=\/wp\/v2\/pages\/374"}],"wp:attachment":[{"href":"https:\/\/mastertechq.lpl.univ-paris13.fr\/index.php?rest_route=%2Fwp%2Fv2%2Fmedia&parent=356"}],"curies":[{"name":"wp","href":"https:\/\/api.w.org\/{rel}","templated":true}]}}