{"id":486,"date":"2025-01-08T21:30:27","date_gmt":"2025-01-08T20:30:27","guid":{"rendered":"https:\/\/mastertechq.lpl.univ-paris13.fr\/?page_id=486"},"modified":"2025-01-20T17:29:06","modified_gmt":"2025-01-20T16:29:06","slug":"physique-quantique-1-2","status":"publish","type":"page","link":"https:\/\/mastertechq.lpl.univ-paris13.fr\/?page_id=486","title":{"rendered":"Physique Quantique 1-2"},"content":{"rendered":"\n<h2 class=\"wp-block-heading\">Physique Quantique 1<\/h2>\n\n\n\n<h3 class=\"wp-block-heading\"><mark style=\"background-color:rgba(0, 0, 0, 0)\" class=\"has-inline-color has-palette-color-1-color\">\u00c9quation de Schr\u00f6dinger<\/mark><\/h3>\n\n\n\n<div id=\"wp-block-themeisle-blocks-advanced-columns-d885d8ee\" class=\"wp-block-themeisle-blocks-advanced-columns has-2-columns has-desktop-twoOne-layout has-tablet-equal-layout has-mobile-collapsedRows-layout has-vertical-unset\"><div class=\"wp-block-themeisle-blocks-advanced-columns-overlay\"><\/div><div class=\"innerblocks-wrap\">\n<div id=\"wp-block-themeisle-blocks-advanced-column-ec83570e\" class=\"wp-block-themeisle-blocks-advanced-column\">\n<h5 class=\"wp-block-heading\">Descriptif de l&rsquo;enseignement :<\/h5>\n\n\n\n<h6 class=\"wp-block-heading\">I &#8211; Bases de la mesure en physique quantique<\/h6>\n\n\n\n<p>Notion de dispersion, aspect probabiliste.<\/p>\n\n\n\n<h6 class=\"wp-block-heading\">II &#8211; In\u00e9galit\u00e9s d\u2019Heisenberg<\/h6>\n\n\n\n<p>Notion d\u2019\u00e9nergie de localisation \u2013 \u00e9tats propres, valeurs propres.<\/p>\n\n\n\n<h6 class=\"wp-block-heading\">III &#8211; Notion de fonctions d\u2019onde<\/h6>\n\n\n\n<h6 class=\"wp-block-heading\">IV &#8211; R\u00e9solution de l\u2019\u00e9quation de Schr\u00f6dinger dans quelques cas simples \u00e0 1D<\/h6>\n\n\n\n<p>Puits de potentiel carr\u00e9.<br>Marche et barri\u00e8re de potentiels.<\/p>\n\n\n\n<h6 class=\"wp-block-heading\">V &#8211; Applications<\/h6>\n\n\n\n<p>Puits quantiques.<br>Microscope \u00e0 effet tunnel.<\/p>\n\n\n\n<h5 class=\"wp-block-heading\"><strong>Pr\u00e9-requis :<\/strong><\/h5>\n\n\n\n<ul class=\"wp-block-list\">\n<li>Ma\u00eetrise des nombres complexes<\/li>\n<\/ul>\n\n\n\n<h5 class=\"wp-block-heading\"><strong>Objectifs (savoirs et comp\u00e9tences acquis) :<\/strong><\/h5>\n\n\n\n<ul class=\"wp-block-list\">\n<li>Comprendre les relations d\u2019Heisenberg spatiales<\/li>\n\n\n\n<li>Savoir r\u00e9soudre l\u2019\u00e9quation de Schr\u00f6dinger \u00e0 une dimension et \u00e9crire les fonctions d\u2019onde<\/li>\n<\/ul>\n\n\n\n<h5 class=\"wp-block-heading\"><strong>Bibliographie :<\/strong><\/h5>\n\n\n\n<p><a href=\"https:\/\/www.cnrseditions.fr\/catalogue\/physique-et-astrophysique\/quantique-rudiments\/\" target=\"_blank\" rel=\"noreferrer noopener\">Quantique, Rudiments<\/a> &#8211; <em>Jean Marc L\u00e9vy Leblond, Fran\u00e7oise Balibar<\/em> &#8211; Inter Editions du CNRS.<br>M\u00e9canique Quantique Tome I&nbsp; &#8211; <em>Cohen-Tannoudji, Lalo\u00eb, Diu<\/em> &#8211; Hermann<br>Relativit\u00e9 et quantification &#8211; <em>P\u00e9rez, Saint Cricq Ch\u00e9ry<\/em> &#8211; Masson.<br><a href=\"https:\/\/www.cnrseditions.fr\/catalogue\/physique-et-astrophysique\/physique-quantique\/\" target=\"_blank\" rel=\"noreferrer noopener\">Physique Quantique<\/a> \u2013 <em>Le Bellac<\/em> &#8211; CNRS Editions.<\/p>\n\n\n\n<div style=\"height:34px\" aria-hidden=\"true\" class=\"wp-block-spacer\"><\/div>\n\n\n\n<p><strong>Enseignant :<\/strong> <a href=\"https:\/\/mastertechq.lpl.univ-paris13.fr\/?page_id=356\">Laurent Vernac<\/a><\/p>\n<\/div>\n\n\n\n<div id=\"wp-block-themeisle-blocks-advanced-column-75b1f3ce\" class=\"wp-block-themeisle-blocks-advanced-column\">\n<figure class=\"wp-block-image size-full has-custom-border is-style-default\" id=\"wp-block-themeisle-blocks-image-a737ada0\" style=\"margin-top:0;margin-right:0;margin-bottom:0;margin-left:0\"><img decoding=\"async\" width=\"502\" height=\"169\" src=\"https:\/\/mastertechq.lpl.univ-paris13.fr\/wp-content\/uploads\/2025\/01\/Schoedinger.png\" alt=\"\" class=\"wp-image-1330\" style=\"border-width:1px;border-radius:11px\" srcset=\"https:\/\/mastertechq.lpl.univ-paris13.fr\/wp-content\/uploads\/2025\/01\/Schoedinger.png 502w, https:\/\/mastertechq.lpl.univ-paris13.fr\/wp-content\/uploads\/2025\/01\/Schoedinger-300x101.png 300w\" sizes=\"(max-width: 502px) 100vw, 502px\" \/><\/figure>\n\n\n\n<div style=\"height:80px\" aria-hidden=\"true\" class=\"wp-block-spacer\"><\/div>\n\n\n\n<figure class=\"wp-block-table is-style-stripes\" style=\"font-style:normal;font-weight:400\"><table class=\"has-background has-fixed-layout\" style=\"background-color:#e7b5c3;border-width:2px\"><tbody><tr><td>CM<\/td><td>15 H<\/td><\/tr><tr><td>TD<\/td><td>15 H<\/td><\/tr><tr><td>ECTS<\/td><td>3<\/td><\/tr><tr><td>Lieu<\/td><td>Villetaneuse<\/td><\/tr><tr><td>Langue<\/td><td>French<\/td><\/tr><\/tbody><\/table><\/figure>\n<\/div>\n<\/div><\/div>\n","protected":false},"excerpt":{"rendered":"<p>Physique Quantique 1 \u00c9quation de Schr\u00f6dinger<\/p>\n","protected":false},"author":2,"featured_media":0,"parent":302,"menu_order":0,"comment_status":"closed","ping_status":"closed","template":"","meta":{"_themeisle_gutenberg_block_has_review":false,"footnotes":""},"class_list":["post-486","page","type-page","status-publish","hentry"],"blocksy_meta":[],"yoast_head":"<!-- This site is optimized with the Yoast SEO plugin v27.2 - https:\/\/yoast.com\/product\/yoast-seo-wordpress\/ -->\n<title>Physique Quantique 1-2 - Master TechQ<\/title>\n<meta name=\"robots\" content=\"index, follow, max-snippet:-1, max-image-preview:large, max-video-preview:-1\" \/>\n<link rel=\"canonical\" href=\"https:\/\/mastertechq.lpl.univ-paris13.fr\/?page_id=486\" \/>\n<meta property=\"og:locale\" content=\"fr_FR\" \/>\n<meta property=\"og:type\" content=\"article\" \/>\n<meta property=\"og:title\" content=\"Physique Quantique 1-2 - Master TechQ\" \/>\n<meta property=\"og:description\" content=\"Physique Quantique 1 \u00c9quation de Schr\u00f6dinger\" \/>\n<meta property=\"og:url\" content=\"https:\/\/mastertechq.lpl.univ-paris13.fr\/?page_id=486\" \/>\n<meta property=\"og:site_name\" content=\"Master TechQ\" \/>\n<meta property=\"article:modified_time\" content=\"2025-01-20T16:29:06+00:00\" \/>\n<meta property=\"og:image\" content=\"https:\/\/mastertechq.lpl.univ-paris13.fr\/wp-content\/uploads\/2025\/01\/Schoedinger.png\" \/>\n\t<meta property=\"og:image:width\" content=\"502\" \/>\n\t<meta property=\"og:image:height\" content=\"169\" \/>\n\t<meta property=\"og:image:type\" content=\"image\/png\" \/>\n<meta name=\"twitter:card\" content=\"summary_large_image\" \/>\n<meta name=\"twitter:label1\" content=\"Dur\u00e9e de lecture estim\u00e9e\" \/>\n\t<meta name=\"twitter:data1\" content=\"1 minute\" \/>\n<script type=\"application\/ld+json\" class=\"yoast-schema-graph\">{\"@context\":\"https:\/\/schema.org\",\"@graph\":[{\"@type\":\"WebPage\",\"@id\":\"https:\/\/mastertechq.lpl.univ-paris13.fr\/?page_id=486\",\"url\":\"https:\/\/mastertechq.lpl.univ-paris13.fr\/?page_id=486\",\"name\":\"Physique Quantique 1-2 - Master TechQ\",\"isPartOf\":{\"@id\":\"https:\/\/mastertechq.lpl.univ-paris13.fr\/#website\"},\"primaryImageOfPage\":{\"@id\":\"https:\/\/mastertechq.lpl.univ-paris13.fr\/?page_id=486#primaryimage\"},\"image\":{\"@id\":\"https:\/\/mastertechq.lpl.univ-paris13.fr\/?page_id=486#primaryimage\"},\"thumbnailUrl\":\"https:\/\/mastertechq.lpl.univ-paris13.fr\/wp-content\/uploads\/2025\/01\/Schoedinger.png\",\"datePublished\":\"2025-01-08T20:30:27+00:00\",\"dateModified\":\"2025-01-20T16:29:06+00:00\",\"breadcrumb\":{\"@id\":\"https:\/\/mastertechq.lpl.univ-paris13.fr\/?page_id=486#breadcrumb\"},\"inLanguage\":\"fr-FR\",\"potentialAction\":[{\"@type\":\"ReadAction\",\"target\":[\"https:\/\/mastertechq.lpl.univ-paris13.fr\/?page_id=486\"]}]},{\"@type\":\"ImageObject\",\"inLanguage\":\"fr-FR\",\"@id\":\"https:\/\/mastertechq.lpl.univ-paris13.fr\/?page_id=486#primaryimage\",\"url\":\"https:\/\/mastertechq.lpl.univ-paris13.fr\/wp-content\/uploads\/2025\/01\/Schoedinger.png\",\"contentUrl\":\"https:\/\/mastertechq.lpl.univ-paris13.fr\/wp-content\/uploads\/2025\/01\/Schoedinger.png\",\"width\":502,\"height\":169},{\"@type\":\"BreadcrumbList\",\"@id\":\"https:\/\/mastertechq.lpl.univ-paris13.fr\/?page_id=486#breadcrumb\",\"itemListElement\":[{\"@type\":\"ListItem\",\"position\":1,\"name\":\"Home\",\"item\":\"https:\/\/mastertechq.lpl.univ-paris13.fr\/\"},{\"@type\":\"ListItem\",\"position\":2,\"name\":\"Formation\",\"item\":\"https:\/\/mastertechq.lpl.univ-paris13.fr\/?page_id=302\"},{\"@type\":\"ListItem\",\"position\":3,\"name\":\"Physique Quantique 1-2\"}]},{\"@type\":\"WebSite\",\"@id\":\"https:\/\/mastertechq.lpl.univ-paris13.fr\/#website\",\"url\":\"https:\/\/mastertechq.lpl.univ-paris13.fr\/\",\"name\":\"Master TechQ\",\"description\":\"Quantum technologies in motion\",\"publisher\":{\"@id\":\"https:\/\/mastertechq.lpl.univ-paris13.fr\/#organization\"},\"potentialAction\":[{\"@type\":\"SearchAction\",\"target\":{\"@type\":\"EntryPoint\",\"urlTemplate\":\"https:\/\/mastertechq.lpl.univ-paris13.fr\/?s={search_term_string}\"},\"query-input\":{\"@type\":\"PropertyValueSpecification\",\"valueRequired\":true,\"valueName\":\"search_term_string\"}}],\"inLanguage\":\"fr-FR\"},{\"@type\":\"Organization\",\"@id\":\"https:\/\/mastertechq.lpl.univ-paris13.fr\/#organization\",\"name\":\"Master TechQ\",\"alternateName\":\"Master Technologies Quantiques\",\"url\":\"https:\/\/mastertechq.lpl.univ-paris13.fr\/\",\"logo\":{\"@type\":\"ImageObject\",\"inLanguage\":\"fr-FR\",\"@id\":\"https:\/\/mastertechq.lpl.univ-paris13.fr\/#\/schema\/logo\/image\/\",\"url\":\"https:\/\/mastertechq.lpl.univ-paris13.fr\/wp-content\/uploads\/2025\/01\/Logo-MTQ.png\",\"contentUrl\":\"https:\/\/mastertechq.lpl.univ-paris13.fr\/wp-content\/uploads\/2025\/01\/Logo-MTQ.png\",\"width\":500,\"height\":500,\"caption\":\"Master TechQ\"},\"image\":{\"@id\":\"https:\/\/mastertechq.lpl.univ-paris13.fr\/#\/schema\/logo\/image\/\"}}]}<\/script>\n<!-- \/ Yoast SEO plugin. -->","yoast_head_json":{"title":"Physique Quantique 1-2 - Master TechQ","robots":{"index":"index","follow":"follow","max-snippet":"max-snippet:-1","max-image-preview":"max-image-preview:large","max-video-preview":"max-video-preview:-1"},"canonical":"https:\/\/mastertechq.lpl.univ-paris13.fr\/?page_id=486","og_locale":"fr_FR","og_type":"article","og_title":"Physique Quantique 1-2 - Master TechQ","og_description":"Physique Quantique 1 \u00c9quation de Schr\u00f6dinger","og_url":"https:\/\/mastertechq.lpl.univ-paris13.fr\/?page_id=486","og_site_name":"Master TechQ","article_modified_time":"2025-01-20T16:29:06+00:00","og_image":[{"width":502,"height":169,"url":"https:\/\/mastertechq.lpl.univ-paris13.fr\/wp-content\/uploads\/2025\/01\/Schoedinger.png","type":"image\/png"}],"twitter_card":"summary_large_image","twitter_misc":{"Dur\u00e9e de lecture estim\u00e9e":"1 minute"},"schema":{"@context":"https:\/\/schema.org","@graph":[{"@type":"WebPage","@id":"https:\/\/mastertechq.lpl.univ-paris13.fr\/?page_id=486","url":"https:\/\/mastertechq.lpl.univ-paris13.fr\/?page_id=486","name":"Physique Quantique 1-2 - Master TechQ","isPartOf":{"@id":"https:\/\/mastertechq.lpl.univ-paris13.fr\/#website"},"primaryImageOfPage":{"@id":"https:\/\/mastertechq.lpl.univ-paris13.fr\/?page_id=486#primaryimage"},"image":{"@id":"https:\/\/mastertechq.lpl.univ-paris13.fr\/?page_id=486#primaryimage"},"thumbnailUrl":"https:\/\/mastertechq.lpl.univ-paris13.fr\/wp-content\/uploads\/2025\/01\/Schoedinger.png","datePublished":"2025-01-08T20:30:27+00:00","dateModified":"2025-01-20T16:29:06+00:00","breadcrumb":{"@id":"https:\/\/mastertechq.lpl.univ-paris13.fr\/?page_id=486#breadcrumb"},"inLanguage":"fr-FR","potentialAction":[{"@type":"ReadAction","target":["https:\/\/mastertechq.lpl.univ-paris13.fr\/?page_id=486"]}]},{"@type":"ImageObject","inLanguage":"fr-FR","@id":"https:\/\/mastertechq.lpl.univ-paris13.fr\/?page_id=486#primaryimage","url":"https:\/\/mastertechq.lpl.univ-paris13.fr\/wp-content\/uploads\/2025\/01\/Schoedinger.png","contentUrl":"https:\/\/mastertechq.lpl.univ-paris13.fr\/wp-content\/uploads\/2025\/01\/Schoedinger.png","width":502,"height":169},{"@type":"BreadcrumbList","@id":"https:\/\/mastertechq.lpl.univ-paris13.fr\/?page_id=486#breadcrumb","itemListElement":[{"@type":"ListItem","position":1,"name":"Home","item":"https:\/\/mastertechq.lpl.univ-paris13.fr\/"},{"@type":"ListItem","position":2,"name":"Formation","item":"https:\/\/mastertechq.lpl.univ-paris13.fr\/?page_id=302"},{"@type":"ListItem","position":3,"name":"Physique Quantique 1-2"}]},{"@type":"WebSite","@id":"https:\/\/mastertechq.lpl.univ-paris13.fr\/#website","url":"https:\/\/mastertechq.lpl.univ-paris13.fr\/","name":"Master TechQ","description":"Quantum technologies in motion","publisher":{"@id":"https:\/\/mastertechq.lpl.univ-paris13.fr\/#organization"},"potentialAction":[{"@type":"SearchAction","target":{"@type":"EntryPoint","urlTemplate":"https:\/\/mastertechq.lpl.univ-paris13.fr\/?s={search_term_string}"},"query-input":{"@type":"PropertyValueSpecification","valueRequired":true,"valueName":"search_term_string"}}],"inLanguage":"fr-FR"},{"@type":"Organization","@id":"https:\/\/mastertechq.lpl.univ-paris13.fr\/#organization","name":"Master TechQ","alternateName":"Master Technologies Quantiques","url":"https:\/\/mastertechq.lpl.univ-paris13.fr\/","logo":{"@type":"ImageObject","inLanguage":"fr-FR","@id":"https:\/\/mastertechq.lpl.univ-paris13.fr\/#\/schema\/logo\/image\/","url":"https:\/\/mastertechq.lpl.univ-paris13.fr\/wp-content\/uploads\/2025\/01\/Logo-MTQ.png","contentUrl":"https:\/\/mastertechq.lpl.univ-paris13.fr\/wp-content\/uploads\/2025\/01\/Logo-MTQ.png","width":500,"height":500,"caption":"Master TechQ"},"image":{"@id":"https:\/\/mastertechq.lpl.univ-paris13.fr\/#\/schema\/logo\/image\/"}}]}},"jetpack_sharing_enabled":true,"_links":{"self":[{"href":"https:\/\/mastertechq.lpl.univ-paris13.fr\/index.php?rest_route=\/wp\/v2\/pages\/486","targetHints":{"allow":["GET"]}}],"collection":[{"href":"https:\/\/mastertechq.lpl.univ-paris13.fr\/index.php?rest_route=\/wp\/v2\/pages"}],"about":[{"href":"https:\/\/mastertechq.lpl.univ-paris13.fr\/index.php?rest_route=\/wp\/v2\/types\/page"}],"author":[{"embeddable":true,"href":"https:\/\/mastertechq.lpl.univ-paris13.fr\/index.php?rest_route=\/wp\/v2\/users\/2"}],"replies":[{"embeddable":true,"href":"https:\/\/mastertechq.lpl.univ-paris13.fr\/index.php?rest_route=%2Fwp%2Fv2%2Fcomments&post=486"}],"version-history":[{"count":15,"href":"https:\/\/mastertechq.lpl.univ-paris13.fr\/index.php?rest_route=\/wp\/v2\/pages\/486\/revisions"}],"predecessor-version":[{"id":1676,"href":"https:\/\/mastertechq.lpl.univ-paris13.fr\/index.php?rest_route=\/wp\/v2\/pages\/486\/revisions\/1676"}],"up":[{"embeddable":true,"href":"https:\/\/mastertechq.lpl.univ-paris13.fr\/index.php?rest_route=\/wp\/v2\/pages\/302"}],"wp:attachment":[{"href":"https:\/\/mastertechq.lpl.univ-paris13.fr\/index.php?rest_route=%2Fwp%2Fv2%2Fmedia&parent=486"}],"curies":[{"name":"wp","href":"https:\/\/api.w.org\/{rel}","templated":true}]}}