{"id":680,"date":"2025-01-09T22:06:17","date_gmt":"2025-01-09T21:06:17","guid":{"rendered":"https:\/\/mastertechq.lpl.univ-paris13.fr\/?page_id=680"},"modified":"2025-01-20T17:40:43","modified_gmt":"2025-01-20T16:40:43","slug":"physique-pour-les-technologies-quantiques-3-1","status":"publish","type":"page","link":"https:\/\/mastertechq.lpl.univ-paris13.fr\/?page_id=680","title":{"rendered":"Physique pour les Technologies Quantiques 3-1"},"content":{"rendered":"\n<h2 class=\"wp-block-heading\">Physique pour les Technologies Quantiques 3<\/h2>\n\n\n\n<h3 class=\"wp-block-heading\"><mark style=\"background-color:rgba(0, 0, 0, 0)\" class=\"has-inline-color has-palette-color-1-color\">Photonique pour les technologies quantiques<\/mark><\/h3>\n\n\n\n<div id=\"wp-block-themeisle-blocks-advanced-columns-d885d8ee\" class=\"wp-block-themeisle-blocks-advanced-columns has-2-columns has-desktop-twoOne-layout has-tablet-equal-layout has-mobile-collapsedRows-layout has-vertical-unset\"><div class=\"wp-block-themeisle-blocks-advanced-columns-overlay\"><\/div><div class=\"innerblocks-wrap\">\n<div id=\"wp-block-themeisle-blocks-advanced-column-ec83570e\" class=\"wp-block-themeisle-blocks-advanced-column\">\n<h5 class=\"wp-block-heading\"><strong>Programme<\/strong> :<\/h5>\n\n\n\n<h6 class=\"wp-block-heading\">Polarisation (<strong>1 s\u00e9ances<\/strong>)<\/h6>\n\n\n\n<ul class=\"wp-block-list\">\n<li>\u00c9tats de polarisation de la lumi\u00e8re<\/li>\n\n\n\n<li>R\u00e9flexion, transmission, angle de Brewster<\/li>\n\n\n\n<li>Repr\u00e9sentation avec matrices de Jones (polariseurs)<\/li>\n<\/ul>\n\n\n\n<h6 class=\"wp-block-heading\">G\u00e9n\u00e9ration des ondes \u00e9lectromagn\u00e9tiques&nbsp;(<strong>2 s\u00e9ances<\/strong>)<\/h6>\n\n\n\n<ul class=\"wp-block-list\">\n<li>Rayonnement d\u2019un dip\u00f4le<\/li>\n\n\n\n<li>Antennes \/ Circuits LC<\/li>\n\n\n\n<li>G\u00e9n\u00e9ration des ondes GHz, THz<\/li>\n\n\n\n<li>G\u00e9n\u00e9ralit\u00e9s sur les lasers QCL (infra-rouge moyen), semi-conducteurs (visible)<\/li>\n<\/ul>\n\n\n\n<h6 class=\"wp-block-heading\">Bir\u00e9fringence (<strong>2 s\u00e9ances<\/strong>)<\/h6>\n\n\n\n<ul class=\"wp-block-list\">\n<li>Repr\u00e9sentation tensoriel de la susceptibilit\u00e9<\/li>\n\n\n\n<li>Axes optiques<\/li>\n\n\n\n<li>Lames<\/li>\n\n\n\n<li>Bir\u00e9fringence contr\u00f4l\u00e9e \u00e9lectriquement<\/li>\n\n\n\n<li>SLM<\/li>\n\n\n\n<li>Bir\u00e9fringence dans des fibres \/ Composants fibr\u00e9s<\/li>\n<\/ul>\n\n\n\n<h6 class=\"wp-block-heading\">Nano Photonique (<strong>2 s\u00e9ances<\/strong>)<\/h6>\n\n\n\n<ul class=\"wp-block-list\">\n<li>Miroirs de Bragg<\/li>\n\n\n\n<li>Microcavit\u00e9s<\/li>\n\n\n\n<li>Guides \u00b5grav\u00e9s<\/li>\n<\/ul>\n\n\n\n<h6 class=\"wp-block-heading\">Optique Non lin\u00e9aire (<strong>3 s\u00e9ances<\/strong>)<\/h6>\n\n\n\n<ul class=\"wp-block-list\">\n<li>\u00c9quations de Maxwell dans un milieu non lin\u00e9aire<\/li>\n\n\n\n<li>Second harmonic g\u00e9n\u00e9ration<\/li>\n\n\n\n<li>Proc\u00e9dures \u03c72 (3-wave mixing)<\/li>\n\n\n\n<li>Optical Parametric Oscillator (OPO)<\/li>\n\n\n\n<li>Processus \u03c73 = doublement de fr\u00e9quence<\/li>\n\n\n\n<li>Amplificateur laser \u00e0 fibre (MOPA)<\/li>\n<\/ul>\n\n\n\n<h6 class=\"wp-block-heading\">TP<\/h6>\n\n\n\n<p>Lames bir\u00e9fringentes<br>Fibre Optique \u00e0 maintien de polarisation<br>OPO<\/p>\n\n\n\n<h5 class=\"wp-block-heading\"><strong>Pr\u00e9-requis :<\/strong><\/h5>\n\n\n\n<p>Ligne, Guide, Fibres<\/p>\n\n\n\n<h5 class=\"wp-block-heading\"><strong>Comp\u00e9tences vis\u00e9es :<\/strong><\/h5>\n\n\n\n<ul class=\"wp-block-list\">\n<li>Comprendre la notion de la polarisation<\/li>\n\n\n\n<li>Qu\u2019est-ce que \u00e7a veut dire propagation dans un milieu&nbsp;?<\/li>\n\n\n\n<li>Comprendre comment on peut manipuler la polarisation exp\u00e9rimentalement<\/li>\n\n\n\n<li>Conna\u00eetre les bases de l\u2019optique non lin\u00e9aire<\/li>\n<\/ul>\n\n\n\n<div style=\"height:34px\" aria-hidden=\"true\" class=\"wp-block-spacer\"><\/div>\n\n\n\n<p><strong>Enseignant :<\/strong> <a href=\"https:\/\/mastertechq.lpl.univ-paris13.fr\/?page_id=1411\">Athanasios Laliotis<\/a><\/p>\n<\/div>\n\n\n\n<div id=\"wp-block-themeisle-blocks-advanced-column-75b1f3ce\" class=\"wp-block-themeisle-blocks-advanced-column\">\n<figure class=\"wp-block-image size-large has-custom-border is-style-default\" id=\"wp-block-themeisle-blocks-image-1c35fa79\" style=\"margin-top:0;margin-right:0;margin-bottom:0;margin-left:0\"><img decoding=\"async\" width=\"1024\" height=\"683\" src=\"https:\/\/mastertechq.lpl.univ-paris13.fr\/wp-content\/uploads\/2025\/01\/vecspresso-orange7-1024x683.jpg\" alt=\"\" class=\"wp-image-1207\" style=\"border-width:1px;border-radius:11px\" srcset=\"https:\/\/mastertechq.lpl.univ-paris13.fr\/wp-content\/uploads\/2025\/01\/vecspresso-orange7-1024x683.jpg 1024w, https:\/\/mastertechq.lpl.univ-paris13.fr\/wp-content\/uploads\/2025\/01\/vecspresso-orange7-300x200.jpg 300w, https:\/\/mastertechq.lpl.univ-paris13.fr\/wp-content\/uploads\/2025\/01\/vecspresso-orange7-768x512.jpg 768w, https:\/\/mastertechq.lpl.univ-paris13.fr\/wp-content\/uploads\/2025\/01\/vecspresso-orange7-1536x1024.jpg 1536w, https:\/\/mastertechq.lpl.univ-paris13.fr\/wp-content\/uploads\/2025\/01\/vecspresso-orange7-2048x1365.jpg 2048w\" sizes=\"(max-width: 1024px) 100vw, 1024px\" \/><\/figure>\n\n\n\n<div style=\"height:80px\" aria-hidden=\"true\" class=\"wp-block-spacer\"><\/div>\n\n\n\n<figure class=\"wp-block-table is-style-stripes\" style=\"font-style:normal;font-weight:400\"><table class=\"has-background has-fixed-layout\" style=\"background-color:#e7b5c3;border-width:2px\"><tbody><tr><td>CM<\/td><td>16.5 H<\/td><\/tr><tr><td>TD<\/td><td>15 H<\/td><\/tr><tr><td>TP<\/td><td>9 H<\/td><\/tr><tr><td>ECTS<\/td><td>4<\/td><\/tr><tr><td>Lieu<\/td><td>Villetaneuse<\/td><\/tr><tr><td>Langue<\/td><td>French<\/td><\/tr><\/tbody><\/table><\/figure>\n<\/div>\n<\/div><\/div>\n","protected":false},"excerpt":{"rendered":"<p>Physique pour les Technologies Quantiques 3 Photonique pour les technologies quantiques<\/p>\n","protected":false},"author":2,"featured_media":0,"parent":302,"menu_order":0,"comment_status":"closed","ping_status":"closed","template":"","meta":{"_themeisle_gutenberg_block_has_review":false,"footnotes":""},"class_list":["post-680","page","type-page","status-publish","hentry"],"blocksy_meta":[],"yoast_head":"<!-- This site is optimized with the Yoast SEO plugin v27.2 - https:\/\/yoast.com\/product\/yoast-seo-wordpress\/ -->\n<title>Physique pour les Technologies Quantiques 3-1 - Master TechQ<\/title>\n<meta name=\"robots\" content=\"index, follow, max-snippet:-1, max-image-preview:large, max-video-preview:-1\" \/>\n<link rel=\"canonical\" href=\"https:\/\/mastertechq.lpl.univ-paris13.fr\/?page_id=680\" \/>\n<meta property=\"og:locale\" content=\"fr_FR\" \/>\n<meta property=\"og:type\" content=\"article\" \/>\n<meta property=\"og:title\" content=\"Physique pour les Technologies Quantiques 3-1 - Master TechQ\" \/>\n<meta property=\"og:description\" content=\"Physique pour les Technologies Quantiques 3 Photonique pour les technologies quantiques\" \/>\n<meta property=\"og:url\" content=\"https:\/\/mastertechq.lpl.univ-paris13.fr\/?page_id=680\" \/>\n<meta property=\"og:site_name\" content=\"Master TechQ\" \/>\n<meta property=\"article:modified_time\" content=\"2025-01-20T16:40:43+00:00\" \/>\n<meta property=\"og:image\" content=\"https:\/\/mastertechq.lpl.univ-paris13.fr\/wp-content\/uploads\/2025\/01\/vecspresso-orange7-scaled.jpg\" \/>\n\t<meta property=\"og:image:width\" content=\"2560\" \/>\n\t<meta property=\"og:image:height\" content=\"1707\" \/>\n\t<meta property=\"og:image:type\" content=\"image\/jpeg\" \/>\n<meta name=\"twitter:card\" content=\"summary_large_image\" \/>\n<meta name=\"twitter:label1\" content=\"Dur\u00e9e de lecture estim\u00e9e\" \/>\n\t<meta name=\"twitter:data1\" content=\"2 minutes\" \/>\n<script type=\"application\/ld+json\" class=\"yoast-schema-graph\">{\"@context\":\"https:\/\/schema.org\",\"@graph\":[{\"@type\":\"WebPage\",\"@id\":\"https:\/\/mastertechq.lpl.univ-paris13.fr\/?page_id=680\",\"url\":\"https:\/\/mastertechq.lpl.univ-paris13.fr\/?page_id=680\",\"name\":\"Physique pour les Technologies Quantiques 3-1 - Master TechQ\",\"isPartOf\":{\"@id\":\"https:\/\/mastertechq.lpl.univ-paris13.fr\/#website\"},\"primaryImageOfPage\":{\"@id\":\"https:\/\/mastertechq.lpl.univ-paris13.fr\/?page_id=680#primaryimage\"},\"image\":{\"@id\":\"https:\/\/mastertechq.lpl.univ-paris13.fr\/?page_id=680#primaryimage\"},\"thumbnailUrl\":\"https:\/\/mastertechq.lpl.univ-paris13.fr\/wp-content\/uploads\/2025\/01\/vecspresso-orange7-1024x683.jpg\",\"datePublished\":\"2025-01-09T21:06:17+00:00\",\"dateModified\":\"2025-01-20T16:40:43+00:00\",\"breadcrumb\":{\"@id\":\"https:\/\/mastertechq.lpl.univ-paris13.fr\/?page_id=680#breadcrumb\"},\"inLanguage\":\"fr-FR\",\"potentialAction\":[{\"@type\":\"ReadAction\",\"target\":[\"https:\/\/mastertechq.lpl.univ-paris13.fr\/?page_id=680\"]}]},{\"@type\":\"ImageObject\",\"inLanguage\":\"fr-FR\",\"@id\":\"https:\/\/mastertechq.lpl.univ-paris13.fr\/?page_id=680#primaryimage\",\"url\":\"https:\/\/mastertechq.lpl.univ-paris13.fr\/wp-content\/uploads\/2025\/01\/vecspresso-orange7-scaled.jpg\",\"contentUrl\":\"https:\/\/mastertechq.lpl.univ-paris13.fr\/wp-content\/uploads\/2025\/01\/vecspresso-orange7-scaled.jpg\",\"width\":2560,\"height\":1707},{\"@type\":\"BreadcrumbList\",\"@id\":\"https:\/\/mastertechq.lpl.univ-paris13.fr\/?page_id=680#breadcrumb\",\"itemListElement\":[{\"@type\":\"ListItem\",\"position\":1,\"name\":\"Home\",\"item\":\"https:\/\/mastertechq.lpl.univ-paris13.fr\/\"},{\"@type\":\"ListItem\",\"position\":2,\"name\":\"Formation\",\"item\":\"https:\/\/mastertechq.lpl.univ-paris13.fr\/?page_id=302\"},{\"@type\":\"ListItem\",\"position\":3,\"name\":\"Physique pour les Technologies Quantiques 3-1\"}]},{\"@type\":\"WebSite\",\"@id\":\"https:\/\/mastertechq.lpl.univ-paris13.fr\/#website\",\"url\":\"https:\/\/mastertechq.lpl.univ-paris13.fr\/\",\"name\":\"Master TechQ\",\"description\":\"Quantum technologies in motion\",\"publisher\":{\"@id\":\"https:\/\/mastertechq.lpl.univ-paris13.fr\/#organization\"},\"potentialAction\":[{\"@type\":\"SearchAction\",\"target\":{\"@type\":\"EntryPoint\",\"urlTemplate\":\"https:\/\/mastertechq.lpl.univ-paris13.fr\/?s={search_term_string}\"},\"query-input\":{\"@type\":\"PropertyValueSpecification\",\"valueRequired\":true,\"valueName\":\"search_term_string\"}}],\"inLanguage\":\"fr-FR\"},{\"@type\":\"Organization\",\"@id\":\"https:\/\/mastertechq.lpl.univ-paris13.fr\/#organization\",\"name\":\"Master TechQ\",\"alternateName\":\"Master Technologies Quantiques\",\"url\":\"https:\/\/mastertechq.lpl.univ-paris13.fr\/\",\"logo\":{\"@type\":\"ImageObject\",\"inLanguage\":\"fr-FR\",\"@id\":\"https:\/\/mastertechq.lpl.univ-paris13.fr\/#\/schema\/logo\/image\/\",\"url\":\"https:\/\/mastertechq.lpl.univ-paris13.fr\/wp-content\/uploads\/2025\/01\/Logo-MTQ.png\",\"contentUrl\":\"https:\/\/mastertechq.lpl.univ-paris13.fr\/wp-content\/uploads\/2025\/01\/Logo-MTQ.png\",\"width\":500,\"height\":500,\"caption\":\"Master TechQ\"},\"image\":{\"@id\":\"https:\/\/mastertechq.lpl.univ-paris13.fr\/#\/schema\/logo\/image\/\"}}]}<\/script>\n<!-- \/ Yoast SEO plugin. -->","yoast_head_json":{"title":"Physique pour les Technologies Quantiques 3-1 - Master TechQ","robots":{"index":"index","follow":"follow","max-snippet":"max-snippet:-1","max-image-preview":"max-image-preview:large","max-video-preview":"max-video-preview:-1"},"canonical":"https:\/\/mastertechq.lpl.univ-paris13.fr\/?page_id=680","og_locale":"fr_FR","og_type":"article","og_title":"Physique pour les Technologies Quantiques 3-1 - Master TechQ","og_description":"Physique pour les Technologies Quantiques 3 Photonique pour les technologies quantiques","og_url":"https:\/\/mastertechq.lpl.univ-paris13.fr\/?page_id=680","og_site_name":"Master TechQ","article_modified_time":"2025-01-20T16:40:43+00:00","og_image":[{"width":2560,"height":1707,"url":"https:\/\/mastertechq.lpl.univ-paris13.fr\/wp-content\/uploads\/2025\/01\/vecspresso-orange7-scaled.jpg","type":"image\/jpeg"}],"twitter_card":"summary_large_image","twitter_misc":{"Dur\u00e9e de lecture estim\u00e9e":"2 minutes"},"schema":{"@context":"https:\/\/schema.org","@graph":[{"@type":"WebPage","@id":"https:\/\/mastertechq.lpl.univ-paris13.fr\/?page_id=680","url":"https:\/\/mastertechq.lpl.univ-paris13.fr\/?page_id=680","name":"Physique pour les Technologies Quantiques 3-1 - Master TechQ","isPartOf":{"@id":"https:\/\/mastertechq.lpl.univ-paris13.fr\/#website"},"primaryImageOfPage":{"@id":"https:\/\/mastertechq.lpl.univ-paris13.fr\/?page_id=680#primaryimage"},"image":{"@id":"https:\/\/mastertechq.lpl.univ-paris13.fr\/?page_id=680#primaryimage"},"thumbnailUrl":"https:\/\/mastertechq.lpl.univ-paris13.fr\/wp-content\/uploads\/2025\/01\/vecspresso-orange7-1024x683.jpg","datePublished":"2025-01-09T21:06:17+00:00","dateModified":"2025-01-20T16:40:43+00:00","breadcrumb":{"@id":"https:\/\/mastertechq.lpl.univ-paris13.fr\/?page_id=680#breadcrumb"},"inLanguage":"fr-FR","potentialAction":[{"@type":"ReadAction","target":["https:\/\/mastertechq.lpl.univ-paris13.fr\/?page_id=680"]}]},{"@type":"ImageObject","inLanguage":"fr-FR","@id":"https:\/\/mastertechq.lpl.univ-paris13.fr\/?page_id=680#primaryimage","url":"https:\/\/mastertechq.lpl.univ-paris13.fr\/wp-content\/uploads\/2025\/01\/vecspresso-orange7-scaled.jpg","contentUrl":"https:\/\/mastertechq.lpl.univ-paris13.fr\/wp-content\/uploads\/2025\/01\/vecspresso-orange7-scaled.jpg","width":2560,"height":1707},{"@type":"BreadcrumbList","@id":"https:\/\/mastertechq.lpl.univ-paris13.fr\/?page_id=680#breadcrumb","itemListElement":[{"@type":"ListItem","position":1,"name":"Home","item":"https:\/\/mastertechq.lpl.univ-paris13.fr\/"},{"@type":"ListItem","position":2,"name":"Formation","item":"https:\/\/mastertechq.lpl.univ-paris13.fr\/?page_id=302"},{"@type":"ListItem","position":3,"name":"Physique pour les Technologies Quantiques 3-1"}]},{"@type":"WebSite","@id":"https:\/\/mastertechq.lpl.univ-paris13.fr\/#website","url":"https:\/\/mastertechq.lpl.univ-paris13.fr\/","name":"Master TechQ","description":"Quantum technologies in motion","publisher":{"@id":"https:\/\/mastertechq.lpl.univ-paris13.fr\/#organization"},"potentialAction":[{"@type":"SearchAction","target":{"@type":"EntryPoint","urlTemplate":"https:\/\/mastertechq.lpl.univ-paris13.fr\/?s={search_term_string}"},"query-input":{"@type":"PropertyValueSpecification","valueRequired":true,"valueName":"search_term_string"}}],"inLanguage":"fr-FR"},{"@type":"Organization","@id":"https:\/\/mastertechq.lpl.univ-paris13.fr\/#organization","name":"Master TechQ","alternateName":"Master Technologies Quantiques","url":"https:\/\/mastertechq.lpl.univ-paris13.fr\/","logo":{"@type":"ImageObject","inLanguage":"fr-FR","@id":"https:\/\/mastertechq.lpl.univ-paris13.fr\/#\/schema\/logo\/image\/","url":"https:\/\/mastertechq.lpl.univ-paris13.fr\/wp-content\/uploads\/2025\/01\/Logo-MTQ.png","contentUrl":"https:\/\/mastertechq.lpl.univ-paris13.fr\/wp-content\/uploads\/2025\/01\/Logo-MTQ.png","width":500,"height":500,"caption":"Master TechQ"},"image":{"@id":"https:\/\/mastertechq.lpl.univ-paris13.fr\/#\/schema\/logo\/image\/"}}]}},"jetpack_sharing_enabled":true,"_links":{"self":[{"href":"https:\/\/mastertechq.lpl.univ-paris13.fr\/index.php?rest_route=\/wp\/v2\/pages\/680","targetHints":{"allow":["GET"]}}],"collection":[{"href":"https:\/\/mastertechq.lpl.univ-paris13.fr\/index.php?rest_route=\/wp\/v2\/pages"}],"about":[{"href":"https:\/\/mastertechq.lpl.univ-paris13.fr\/index.php?rest_route=\/wp\/v2\/types\/page"}],"author":[{"embeddable":true,"href":"https:\/\/mastertechq.lpl.univ-paris13.fr\/index.php?rest_route=\/wp\/v2\/users\/2"}],"replies":[{"embeddable":true,"href":"https:\/\/mastertechq.lpl.univ-paris13.fr\/index.php?rest_route=%2Fwp%2Fv2%2Fcomments&post=680"}],"version-history":[{"count":19,"href":"https:\/\/mastertechq.lpl.univ-paris13.fr\/index.php?rest_route=\/wp\/v2\/pages\/680\/revisions"}],"predecessor-version":[{"id":1690,"href":"https:\/\/mastertechq.lpl.univ-paris13.fr\/index.php?rest_route=\/wp\/v2\/pages\/680\/revisions\/1690"}],"up":[{"embeddable":true,"href":"https:\/\/mastertechq.lpl.univ-paris13.fr\/index.php?rest_route=\/wp\/v2\/pages\/302"}],"wp:attachment":[{"href":"https:\/\/mastertechq.lpl.univ-paris13.fr\/index.php?rest_route=%2Fwp%2Fv2%2Fmedia&parent=680"}],"curies":[{"name":"wp","href":"https:\/\/api.w.org\/{rel}","templated":true}]}}