{"id":793,"date":"2025-01-11T16:23:52","date_gmt":"2025-01-11T15:23:52","guid":{"rendered":"https:\/\/mastertechq.lpl.univ-paris13.fr\/?page_id=793"},"modified":"2026-01-15T20:46:56","modified_gmt":"2026-01-15T19:46:56","slug":"physique-de-la-chaine-de-mesure-3-2","status":"publish","type":"page","link":"https:\/\/mastertechq.lpl.univ-paris13.fr\/?page_id=793","title":{"rendered":"Physique de la Cha\u00eene de Mesure 3-2"},"content":{"rendered":"\n<h2 class=\"wp-block-heading\">Physique de la Cha\u00eene de Mesure 3<\/h2>\n\n\n\n<h3 class=\"wp-block-heading\"><mark style=\"background-color:rgba(0, 0, 0, 0)\" class=\"has-inline-color has-palette-color-1-color\">Cha\u00eene de mesure quantique<\/mark><\/h3>\n\n\n\n<div id=\"wp-block-themeisle-blocks-advanced-columns-d885d8ee\" class=\"wp-block-themeisle-blocks-advanced-columns has-2-columns has-desktop-twoOne-layout has-tablet-equal-layout has-mobile-collapsedRows-layout has-vertical-unset\"><div class=\"wp-block-themeisle-blocks-advanced-columns-overlay\"><\/div><div class=\"innerblocks-wrap\">\n<div id=\"wp-block-themeisle-blocks-advanced-column-ec83570e\" class=\"wp-block-themeisle-blocks-advanced-column\">\n<h5 class=\"wp-block-heading\">Programme &#8211; CM :<\/h5>\n\n\n\n<h6 class=\"wp-block-heading\">I &#8211; Caract\u00e9ristiques des photod\u00e9tecteurs<\/h6>\n\n\n\n<p>Spectral responsivity, dark current, response time, noise equivalent power (NEP), lin\u00e9arit\u00e9, saturation.&nbsp;<\/p>\n\n\n\n<h6 class=\"wp-block-heading\">II &#8211; Bruits et R\u00e9gimes de d\u00e9tection<\/h6>\n\n\n\n<p>Shot noise, thermique, \u00e9lectronique.<\/p>\n\n\n\n<h6 class=\"wp-block-heading\">III &#8211; D\u00e9tection au shot noise et sous shot noise<\/h6>\n\n\n\n<p>Caract\u00e9ristiques et exemples de manips.<\/p>\n\n\n\n<h6 class=\"wp-block-heading\">IV &#8211; D\u00e9tecteurs et applications<\/h6>\n\n\n\n<ol class=\"wp-block-list\">\n<li>Photodiodes<\/li>\n\n\n\n<li>D\u00e9tecteurs de photons uniques : photodiode \u00e0 avalanche, PMT, superconducting detectors<\/li>\n\n\n\n<li>D\u00e9tection coh\u00e9rente, D\u00e9tection homodyne balanc\u00e9e : principe de la d\u00e9tection, \u00e9quations, circuit \u00e9lectronique<\/li>\n\n\n\n<li>Mesure sous le shot noise : caract\u00e9ristique, limite, exemples<\/li>\n\n\n\n<li>D\u00e9tection d\u2019image : CCD \/ EMCCD \/ ICCD<\/li>\n\n\n\n<li>D\u00e9tection de QuBit Supra.<\/li>\n<\/ol>\n\n\n\n<h5 class=\"wp-block-heading\">TP :<\/h5>\n\n\n\n<p>Mesure de plancher de bruit de d\u00e9tecteurs (appareil FFTs, pr\u00e9ampli, shot noise laser), + d\u00e9tection homodyne balanc\u00e9 au shot noise<\/p>\n\n\n\n<h5 class=\"wp-block-heading\"><strong>Objectifs (savoirs et comp\u00e9tences acquis) :<\/strong><\/h5>\n\n\n\n<p>Savoir caract\u00e9riser la r\u00e9ponse de (photo)d\u00e9tecteur.<br>Savoir caract\u00e9riser les diff\u00e9rents r\u00e9gimes de d\u00e9tection (plancher thermique + dark = NEP, bruit \u00e9lectronique en 1\/f, shot noise).<br>Conna\u00eetre les diff\u00e9rentes techniques de (photo)d\u00e9tection utiliser dans les exp\u00e9riences de physique quantique, en incluant l\u2019aspect \u00e9lectronique.<\/p>\n\n\n\n<h5 class=\"wp-block-heading\"><strong>Bibliographie :<\/strong><\/h5>\n\n\n\n<p><a href=\"http:\/\/doi.org\/10.1002\/9781119769958\" data-type=\"link\" data-id=\"doi.org\/10.1002\/9781119769958\" target=\"_blank\" rel=\"noreferrer noopener\">Photodetectors Devices, Circuits and Applications<\/a> &#8211; <em>Silvano Donati<\/em> &#8211; Wiley.<\/p>\n\n\n\n<div style=\"height:34px\" aria-hidden=\"true\" class=\"wp-block-spacer\"><\/div>\n\n\n\n<p><strong>Enseignant :<\/strong> <a href=\"https:\/\/mastertechq.lpl.univ-paris13.fr\/?page_id=1151\">Mathieu Manceau<\/a><\/p>\n<\/div>\n\n\n\n<div id=\"wp-block-themeisle-blocks-advanced-column-75b1f3ce\" class=\"wp-block-themeisle-blocks-advanced-column\">\n<figure class=\"wp-block-image size-large has-custom-border is-style-default\" id=\"wp-block-themeisle-blocks-image-e10ffa1f\" style=\"margin-top:0;margin-right:var(--wp--preset--spacing--20);margin-bottom:0;margin-left:var(--wp--preset--spacing--20)\"><img decoding=\"async\" width=\"1024\" height=\"682\" src=\"https:\/\/mastertechq.lpl.univ-paris13.fr\/wp-content\/uploads\/2025\/01\/CNRS_20180037_0026-1024x682.jpg\" alt=\"\" class=\"wp-image-1279\" style=\"border-width:1px;border-radius:11px\" srcset=\"https:\/\/mastertechq.lpl.univ-paris13.fr\/wp-content\/uploads\/2025\/01\/CNRS_20180037_0026-1024x682.jpg 1024w, https:\/\/mastertechq.lpl.univ-paris13.fr\/wp-content\/uploads\/2025\/01\/CNRS_20180037_0026-300x200.jpg 300w, https:\/\/mastertechq.lpl.univ-paris13.fr\/wp-content\/uploads\/2025\/01\/CNRS_20180037_0026-768x511.jpg 768w, https:\/\/mastertechq.lpl.univ-paris13.fr\/wp-content\/uploads\/2025\/01\/CNRS_20180037_0026-1536x1022.jpg 1536w, https:\/\/mastertechq.lpl.univ-paris13.fr\/wp-content\/uploads\/2025\/01\/CNRS_20180037_0026-2048x1363.jpg 2048w\" sizes=\"(max-width: 1024px) 100vw, 1024px\" \/><\/figure>\n\n\n\n<div style=\"height:80px\" aria-hidden=\"true\" class=\"wp-block-spacer\"><\/div>\n\n\n\n<figure class=\"wp-block-table is-style-stripes\" style=\"font-style:normal;font-weight:400\"><table class=\"has-background has-fixed-layout\" style=\"background-color:#e7b5c3;border-width:2px\"><tbody><tr><td>CM<\/td><td>12 H<\/td><\/tr><tr><td>TD<\/td><td>6 H<\/td><\/tr><tr><td>TP<\/td><td>3 H<\/td><\/tr><tr><td>ECTS<\/td><td>4<\/td><\/tr><tr><td>Lieu<\/td><td>Villetaneuse<\/td><\/tr><tr><td>Langue<\/td><td>French<\/td><\/tr><\/tbody><\/table><\/figure>\n<\/div>\n<\/div><\/div>\n","protected":false},"excerpt":{"rendered":"<p>Physique de la Cha\u00eene de Mesure 3 Cha\u00eene de mesure quantique<\/p>\n","protected":false},"author":2,"featured_media":0,"parent":302,"menu_order":0,"comment_status":"closed","ping_status":"closed","template":"","meta":{"_themeisle_gutenberg_block_has_review":false,"footnotes":""},"class_list":["post-793","page","type-page","status-publish","hentry"],"blocksy_meta":[],"yoast_head":"<!-- This site is optimized with the Yoast SEO plugin v27.2 - https:\/\/yoast.com\/product\/yoast-seo-wordpress\/ -->\n<title>Physique de la Cha\u00eene de Mesure 3-2 - Master TechQ<\/title>\n<meta name=\"robots\" content=\"index, follow, max-snippet:-1, max-image-preview:large, max-video-preview:-1\" \/>\n<link rel=\"canonical\" href=\"https:\/\/mastertechq.lpl.univ-paris13.fr\/?page_id=793\" \/>\n<meta property=\"og:locale\" content=\"fr_FR\" \/>\n<meta property=\"og:type\" content=\"article\" \/>\n<meta property=\"og:title\" content=\"Physique de la Cha\u00eene de Mesure 3-2 - Master TechQ\" \/>\n<meta property=\"og:description\" content=\"Physique de la Cha\u00eene de Mesure 3 Cha\u00eene de mesure quantique\" \/>\n<meta property=\"og:url\" content=\"https:\/\/mastertechq.lpl.univ-paris13.fr\/?page_id=793\" \/>\n<meta property=\"og:site_name\" content=\"Master TechQ\" \/>\n<meta property=\"article:modified_time\" content=\"2026-01-15T19:46:56+00:00\" \/>\n<meta property=\"og:image\" content=\"https:\/\/mastertechq.lpl.univ-paris13.fr\/wp-content\/uploads\/2025\/01\/CNRS_20180037_0026-scaled.jpg\" \/>\n\t<meta property=\"og:image:width\" content=\"2560\" \/>\n\t<meta property=\"og:image:height\" content=\"1704\" \/>\n\t<meta property=\"og:image:type\" content=\"image\/jpeg\" \/>\n<meta name=\"twitter:card\" content=\"summary_large_image\" \/>\n<meta name=\"twitter:label1\" content=\"Dur\u00e9e de lecture estim\u00e9e\" \/>\n\t<meta name=\"twitter:data1\" content=\"2 minutes\" \/>\n<script type=\"application\/ld+json\" class=\"yoast-schema-graph\">{\"@context\":\"https:\/\/schema.org\",\"@graph\":[{\"@type\":\"WebPage\",\"@id\":\"https:\/\/mastertechq.lpl.univ-paris13.fr\/?page_id=793\",\"url\":\"https:\/\/mastertechq.lpl.univ-paris13.fr\/?page_id=793\",\"name\":\"Physique de la Cha\u00eene de Mesure 3-2 - Master TechQ\",\"isPartOf\":{\"@id\":\"https:\/\/mastertechq.lpl.univ-paris13.fr\/#website\"},\"primaryImageOfPage\":{\"@id\":\"https:\/\/mastertechq.lpl.univ-paris13.fr\/?page_id=793#primaryimage\"},\"image\":{\"@id\":\"https:\/\/mastertechq.lpl.univ-paris13.fr\/?page_id=793#primaryimage\"},\"thumbnailUrl\":\"https:\/\/mastertechq.lpl.univ-paris13.fr\/wp-content\/uploads\/2025\/01\/CNRS_20180037_0026-1024x682.jpg\",\"datePublished\":\"2025-01-11T15:23:52+00:00\",\"dateModified\":\"2026-01-15T19:46:56+00:00\",\"breadcrumb\":{\"@id\":\"https:\/\/mastertechq.lpl.univ-paris13.fr\/?page_id=793#breadcrumb\"},\"inLanguage\":\"fr-FR\",\"potentialAction\":[{\"@type\":\"ReadAction\",\"target\":[\"https:\/\/mastertechq.lpl.univ-paris13.fr\/?page_id=793\"]}]},{\"@type\":\"ImageObject\",\"inLanguage\":\"fr-FR\",\"@id\":\"https:\/\/mastertechq.lpl.univ-paris13.fr\/?page_id=793#primaryimage\",\"url\":\"https:\/\/mastertechq.lpl.univ-paris13.fr\/wp-content\/uploads\/2025\/01\/CNRS_20180037_0026-scaled.jpg\",\"contentUrl\":\"https:\/\/mastertechq.lpl.univ-paris13.fr\/wp-content\/uploads\/2025\/01\/CNRS_20180037_0026-scaled.jpg\",\"width\":2560,\"height\":1704,\"caption\":\"Scientifique optimisant un montage instrumental de comparaison de fr\u00e9quence utilisant un peigne de fr\u00e9quence optique d\u0092un laser \u00e0 impulsions femtosecondes, au LPL (Laboratoire de Physique des Lasers) \u00e0 Villetaneuse, en \u00cele-de-France. Ce peigne de fr\u00e9quences est stabilis\u00e9 sur une r\u00e9f\u00e9rence de fr\u00e9quence optique transmise par une fibre optique de 43 km du LPL au SYRTE (Syst\u00e8me de R\u00e9f\u00e9rence Espace-Temps) \u00e0 Paris, raccord\u00e9e aux horloges atomiques du SYRTE, et distribu\u00e9e localement au LPL. UMR7538 Laboratoire de physique des lasers 20180037_0026\"},{\"@type\":\"BreadcrumbList\",\"@id\":\"https:\/\/mastertechq.lpl.univ-paris13.fr\/?page_id=793#breadcrumb\",\"itemListElement\":[{\"@type\":\"ListItem\",\"position\":1,\"name\":\"Home\",\"item\":\"https:\/\/mastertechq.lpl.univ-paris13.fr\/\"},{\"@type\":\"ListItem\",\"position\":2,\"name\":\"Formation\",\"item\":\"https:\/\/mastertechq.lpl.univ-paris13.fr\/?page_id=302\"},{\"@type\":\"ListItem\",\"position\":3,\"name\":\"Physique de la Cha\u00eene de Mesure 3-2\"}]},{\"@type\":\"WebSite\",\"@id\":\"https:\/\/mastertechq.lpl.univ-paris13.fr\/#website\",\"url\":\"https:\/\/mastertechq.lpl.univ-paris13.fr\/\",\"name\":\"Master TechQ\",\"description\":\"Quantum technologies in motion\",\"publisher\":{\"@id\":\"https:\/\/mastertechq.lpl.univ-paris13.fr\/#organization\"},\"potentialAction\":[{\"@type\":\"SearchAction\",\"target\":{\"@type\":\"EntryPoint\",\"urlTemplate\":\"https:\/\/mastertechq.lpl.univ-paris13.fr\/?s={search_term_string}\"},\"query-input\":{\"@type\":\"PropertyValueSpecification\",\"valueRequired\":true,\"valueName\":\"search_term_string\"}}],\"inLanguage\":\"fr-FR\"},{\"@type\":\"Organization\",\"@id\":\"https:\/\/mastertechq.lpl.univ-paris13.fr\/#organization\",\"name\":\"Master TechQ\",\"alternateName\":\"Master Technologies Quantiques\",\"url\":\"https:\/\/mastertechq.lpl.univ-paris13.fr\/\",\"logo\":{\"@type\":\"ImageObject\",\"inLanguage\":\"fr-FR\",\"@id\":\"https:\/\/mastertechq.lpl.univ-paris13.fr\/#\/schema\/logo\/image\/\",\"url\":\"https:\/\/mastertechq.lpl.univ-paris13.fr\/wp-content\/uploads\/2025\/01\/Logo-MTQ.png\",\"contentUrl\":\"https:\/\/mastertechq.lpl.univ-paris13.fr\/wp-content\/uploads\/2025\/01\/Logo-MTQ.png\",\"width\":500,\"height\":500,\"caption\":\"Master TechQ\"},\"image\":{\"@id\":\"https:\/\/mastertechq.lpl.univ-paris13.fr\/#\/schema\/logo\/image\/\"}}]}<\/script>\n<!-- \/ Yoast SEO plugin. -->","yoast_head_json":{"title":"Physique de la Cha\u00eene de Mesure 3-2 - Master TechQ","robots":{"index":"index","follow":"follow","max-snippet":"max-snippet:-1","max-image-preview":"max-image-preview:large","max-video-preview":"max-video-preview:-1"},"canonical":"https:\/\/mastertechq.lpl.univ-paris13.fr\/?page_id=793","og_locale":"fr_FR","og_type":"article","og_title":"Physique de la Cha\u00eene de Mesure 3-2 - Master TechQ","og_description":"Physique de la Cha\u00eene de Mesure 3 Cha\u00eene de mesure quantique","og_url":"https:\/\/mastertechq.lpl.univ-paris13.fr\/?page_id=793","og_site_name":"Master TechQ","article_modified_time":"2026-01-15T19:46:56+00:00","og_image":[{"width":2560,"height":1704,"url":"https:\/\/mastertechq.lpl.univ-paris13.fr\/wp-content\/uploads\/2025\/01\/CNRS_20180037_0026-scaled.jpg","type":"image\/jpeg"}],"twitter_card":"summary_large_image","twitter_misc":{"Dur\u00e9e de lecture estim\u00e9e":"2 minutes"},"schema":{"@context":"https:\/\/schema.org","@graph":[{"@type":"WebPage","@id":"https:\/\/mastertechq.lpl.univ-paris13.fr\/?page_id=793","url":"https:\/\/mastertechq.lpl.univ-paris13.fr\/?page_id=793","name":"Physique de la Cha\u00eene de Mesure 3-2 - Master TechQ","isPartOf":{"@id":"https:\/\/mastertechq.lpl.univ-paris13.fr\/#website"},"primaryImageOfPage":{"@id":"https:\/\/mastertechq.lpl.univ-paris13.fr\/?page_id=793#primaryimage"},"image":{"@id":"https:\/\/mastertechq.lpl.univ-paris13.fr\/?page_id=793#primaryimage"},"thumbnailUrl":"https:\/\/mastertechq.lpl.univ-paris13.fr\/wp-content\/uploads\/2025\/01\/CNRS_20180037_0026-1024x682.jpg","datePublished":"2025-01-11T15:23:52+00:00","dateModified":"2026-01-15T19:46:56+00:00","breadcrumb":{"@id":"https:\/\/mastertechq.lpl.univ-paris13.fr\/?page_id=793#breadcrumb"},"inLanguage":"fr-FR","potentialAction":[{"@type":"ReadAction","target":["https:\/\/mastertechq.lpl.univ-paris13.fr\/?page_id=793"]}]},{"@type":"ImageObject","inLanguage":"fr-FR","@id":"https:\/\/mastertechq.lpl.univ-paris13.fr\/?page_id=793#primaryimage","url":"https:\/\/mastertechq.lpl.univ-paris13.fr\/wp-content\/uploads\/2025\/01\/CNRS_20180037_0026-scaled.jpg","contentUrl":"https:\/\/mastertechq.lpl.univ-paris13.fr\/wp-content\/uploads\/2025\/01\/CNRS_20180037_0026-scaled.jpg","width":2560,"height":1704,"caption":"Scientifique optimisant un montage instrumental de comparaison de fr\u00e9quence utilisant un peigne de fr\u00e9quence optique d\u0092un laser \u00e0 impulsions femtosecondes, au LPL (Laboratoire de Physique des Lasers) \u00e0 Villetaneuse, en \u00cele-de-France. Ce peigne de fr\u00e9quences est stabilis\u00e9 sur une r\u00e9f\u00e9rence de fr\u00e9quence optique transmise par une fibre optique de 43 km du LPL au SYRTE (Syst\u00e8me de R\u00e9f\u00e9rence Espace-Temps) \u00e0 Paris, raccord\u00e9e aux horloges atomiques du SYRTE, et distribu\u00e9e localement au LPL. UMR7538 Laboratoire de physique des lasers 20180037_0026"},{"@type":"BreadcrumbList","@id":"https:\/\/mastertechq.lpl.univ-paris13.fr\/?page_id=793#breadcrumb","itemListElement":[{"@type":"ListItem","position":1,"name":"Home","item":"https:\/\/mastertechq.lpl.univ-paris13.fr\/"},{"@type":"ListItem","position":2,"name":"Formation","item":"https:\/\/mastertechq.lpl.univ-paris13.fr\/?page_id=302"},{"@type":"ListItem","position":3,"name":"Physique de la Cha\u00eene de Mesure 3-2"}]},{"@type":"WebSite","@id":"https:\/\/mastertechq.lpl.univ-paris13.fr\/#website","url":"https:\/\/mastertechq.lpl.univ-paris13.fr\/","name":"Master TechQ","description":"Quantum technologies in motion","publisher":{"@id":"https:\/\/mastertechq.lpl.univ-paris13.fr\/#organization"},"potentialAction":[{"@type":"SearchAction","target":{"@type":"EntryPoint","urlTemplate":"https:\/\/mastertechq.lpl.univ-paris13.fr\/?s={search_term_string}"},"query-input":{"@type":"PropertyValueSpecification","valueRequired":true,"valueName":"search_term_string"}}],"inLanguage":"fr-FR"},{"@type":"Organization","@id":"https:\/\/mastertechq.lpl.univ-paris13.fr\/#organization","name":"Master TechQ","alternateName":"Master Technologies Quantiques","url":"https:\/\/mastertechq.lpl.univ-paris13.fr\/","logo":{"@type":"ImageObject","inLanguage":"fr-FR","@id":"https:\/\/mastertechq.lpl.univ-paris13.fr\/#\/schema\/logo\/image\/","url":"https:\/\/mastertechq.lpl.univ-paris13.fr\/wp-content\/uploads\/2025\/01\/Logo-MTQ.png","contentUrl":"https:\/\/mastertechq.lpl.univ-paris13.fr\/wp-content\/uploads\/2025\/01\/Logo-MTQ.png","width":500,"height":500,"caption":"Master TechQ"},"image":{"@id":"https:\/\/mastertechq.lpl.univ-paris13.fr\/#\/schema\/logo\/image\/"}}]}},"jetpack_sharing_enabled":true,"_links":{"self":[{"href":"https:\/\/mastertechq.lpl.univ-paris13.fr\/index.php?rest_route=\/wp\/v2\/pages\/793","targetHints":{"allow":["GET"]}}],"collection":[{"href":"https:\/\/mastertechq.lpl.univ-paris13.fr\/index.php?rest_route=\/wp\/v2\/pages"}],"about":[{"href":"https:\/\/mastertechq.lpl.univ-paris13.fr\/index.php?rest_route=\/wp\/v2\/types\/page"}],"author":[{"embeddable":true,"href":"https:\/\/mastertechq.lpl.univ-paris13.fr\/index.php?rest_route=\/wp\/v2\/users\/2"}],"replies":[{"embeddable":true,"href":"https:\/\/mastertechq.lpl.univ-paris13.fr\/index.php?rest_route=%2Fwp%2Fv2%2Fcomments&post=793"}],"version-history":[{"count":13,"href":"https:\/\/mastertechq.lpl.univ-paris13.fr\/index.php?rest_route=\/wp\/v2\/pages\/793\/revisions"}],"predecessor-version":[{"id":2229,"href":"https:\/\/mastertechq.lpl.univ-paris13.fr\/index.php?rest_route=\/wp\/v2\/pages\/793\/revisions\/2229"}],"up":[{"embeddable":true,"href":"https:\/\/mastertechq.lpl.univ-paris13.fr\/index.php?rest_route=\/wp\/v2\/pages\/302"}],"wp:attachment":[{"href":"https:\/\/mastertechq.lpl.univ-paris13.fr\/index.php?rest_route=%2Fwp%2Fv2%2Fmedia&parent=793"}],"curies":[{"name":"wp","href":"https:\/\/api.w.org\/{rel}","templated":true}]}}