{"id":992,"date":"2025-01-12T13:42:31","date_gmt":"2025-01-12T12:42:31","guid":{"rendered":"https:\/\/mastertechq.lpl.univ-paris13.fr\/?page_id=992"},"modified":"2025-02-09T18:50:33","modified_gmt":"2025-02-09T17:50:33","slug":"presentation-master-techq","status":"publish","type":"page","link":"https:\/\/mastertechq.lpl.univ-paris13.fr\/?page_id=992","title":{"rendered":"Pr\u00e9sentation Master TechQ"},"content":{"rendered":"\n<h2 class=\"wp-block-heading\"><strong>Contexte et Objectifs<\/strong><\/h2>\n\n\n\n<p>Les technologies quantiques (TQ) sont en plein essor au niveau mondial. En France, o\u00f9 la physique quantique est un domaine d\u2019excellence en recherche (prix Nobels de physique 1997-2007-2012-2022 ; prix Nobel de chimie 2023), cet essor s\u2019est traduit par la <a href=\"https:\/\/mastertechq.lpl.univ-paris13.fr\/?page_id=343\">cr\u00e9ation de startups<\/a> venant du monde acad\u00e9mique, visant au d\u00e9veloppement d\u2019un ordinateur quantique, ou de capteurs quantiques, pour des applications en physique, chimie et biologie. De nombreuses grandes entreprises s\u2019int\u00e9ressent \u00e0 ces th\u00e9matiques : selon leur domaine d\u2019activit\u00e9 elles peuvent avoir des groupes de recherche d\u00e9di\u00e9s (Thal\u00e8s, EDF, Airbus), ou testent sur les plateformes des startups des algorithmes quantiques afin de mieux mod\u00e9liser des mat\u00e9riaux (Total), ou l\u2019\u00e9volution des march\u00e9s financiers (Cr\u00e9dit Agricole).<\/p>\n\n\n\n<p>L\u2019USPN propose un Master pour former des \u00e9tudiants capables de travailler d\u00e8s leur diplomation sur des dispositifs quantiques exp\u00e9rimentaux, ou bien de commencer une th\u00e8se, industrielle ou acad\u00e9mique. L\u2019accent est mis sur des <a href=\"https:\/\/mastertechq.lpl.univ-paris13.fr\/?page_id=302\">comp\u00e9tences techniques<\/a> qualifiant les \u00e9tudiants pour prendre en main rapidement un dispositif exp\u00e9rimental. Les \u00e9tudiants acqui\u00e8rent aussi une solide culture dans les diff\u00e9rents domaines de la physique quantique afin de pouvoir comprendre les probl\u00e9matiques qu\u2019ils rencontreront, et participer activement \u00e0 leur r\u00e9solution. Le Master Technologies Quantiques propos\u00e9 par l\u2019USPN se distingue des autres Masters franciliens du domaine, qui correspondent \u00e0 des formations tr\u00e8s fondamentales.<\/p>\n\n\n\n<figure class=\"wp-block-image aligncenter size-large\"><img decoding=\"async\" width=\"1024\" height=\"443\" src=\"https:\/\/mastertechq.lpl.univ-paris13.fr\/wp-content\/uploads\/2025\/01\/ImageReseauxMasterTQ-e1736686388710-1024x443.png\" alt=\"\" class=\"wp-image-346\" srcset=\"https:\/\/mastertechq.lpl.univ-paris13.fr\/wp-content\/uploads\/2025\/01\/ImageReseauxMasterTQ-e1736686388710-1024x443.png 1024w, https:\/\/mastertechq.lpl.univ-paris13.fr\/wp-content\/uploads\/2025\/01\/ImageReseauxMasterTQ-e1736686388710-300x130.png 300w, https:\/\/mastertechq.lpl.univ-paris13.fr\/wp-content\/uploads\/2025\/01\/ImageReseauxMasterTQ-e1736686388710-768x333.png 768w, https:\/\/mastertechq.lpl.univ-paris13.fr\/wp-content\/uploads\/2025\/01\/ImageReseauxMasterTQ-e1736686388710.png 1270w\" sizes=\"(max-width: 1024px) 100vw, 1024px\" \/><\/figure>\n\n\n\n<h2 class=\"wp-block-heading\"><strong>Comp\u00e9tences et R\u00e9seaux<\/strong><\/h2>\n\n\n\n<p>Pour assurer le succ\u00e8s de cette formation nous nous appuyons sur de solides comp\u00e9tences et des r\u00e9seaux puissants.<\/p>\n\n\n\n<h4 class=\"wp-block-heading\"><strong>Comp\u00e9tences p\u00e9dagogiques<\/strong><\/h4>\n\n\n\n<p>La physique quantique est le domaine de recherche de 15 <a href=\"https:\/\/mastertechq.lpl.univ-paris13.fr\/?page_id=374\">enseignants chercheurs et chercheurs<\/a> du laboratoire de <a href=\"https:\/\/www.lpl.univ-paris13.fr\/\" target=\"_blank\" rel=\"noreferrer noopener\">Physique des Lasers (LPL)<\/a>. Ils peuvent ainsi faire des enseignements au plus proche des d\u00e9veloppements technologiques et scientifiques du quantique.<\/p>\n\n\n\n<p>De <a href=\"https:\/\/mastertechq.lpl.univ-paris13.fr\/?page_id=374\">nombreux enseignants chercheurs de l\u2019USPN<\/a> enseignent les mati\u00e8res de la \u00ab physique de la cha\u00eene de mesure \u00bb (\u00e9lectronique analogique, \u00e9lectronique num\u00e9rique, traitement du signal, acquisition, pilotage), dans les formations existantes de l&rsquo;Institut Galil\u00e9e \u00e0 l&rsquo;USPN (Licence Sciences pour l\u2019Ing\u00e9nieur, sp\u00e9cialit\u00e9 Ing\u00e9nieur Instrumentation et T\u00e9l\u00e9com).<\/p>\n\n\n\n<p>Pour les cours orient\u00e9s vers les technologies quantiques, des comp\u00e9tences existent aussi localement, en particulier en optique, et en techniques de salle blanche (l\u2019USPN dispose d\u2019une Centrale de Proximit\u00e9 en Nanotechnologies). Ils seront compl\u00e9t\u00e9s par des ext\u00e9rieurs en M2, venant de startups ou de grandes entreprises, \u00e0 des fins d\u2019ouverture et d\u2019illustration, avec une UE d\u00e9di\u00e9e de 3 ECTS. Des cr\u00e9neaux seront r\u00e9serv\u00e9s en M2 pour la visite de startups. Enfin des coll\u00e8gues du <a href=\"https:\/\/lipn.univ-paris13.fr\/\" target=\"_blank\" rel=\"noreferrer noopener\">LIPN<\/a> et du <a href=\"https:\/\/www.math.univ-paris13.fr\/\" target=\"_blank\" rel=\"noreferrer noopener\">LAGA<\/a> interviendront dans le cadre de s\u00e9minaire sur l\u2019actualit\u00e9\/l\u2019int\u00e9r\u00eat de l\u2019ordinateur quantique.<\/p>\n\n\n\n<h4 class=\"wp-block-heading\"><strong><strong>Comp\u00e9tences en recherche<\/strong><\/strong><\/h4>\n\n\n\n<p>Le <a href=\"https:\/\/www.lpl.univ-paris13.fr\/\" target=\"_blank\" rel=\"noreferrer noopener\">Laboratoire de Physique des Lasers (LPL)<\/a> de l\u2019USPN est tr\u00e8s actif dans le domaine de la physique quantique, avec quatre exp\u00e9riences produisant des gaz quantiques, des \u00e9quipes sp\u00e9cialistes en interf\u00e9rom\u00e9trie atomique et en spectroscopie, et une \u00e9quipe de m\u00e9trologie impliqu\u00e9e dans le pilotage du r\u00e9seau de diss\u00e9mination des fr\u00e9quences ultrastables (<a href=\"https:\/\/www.refimeve.fr\/index.php\/fr\/\" target=\"_blank\" rel=\"noreferrer noopener\">Refimeve<\/a>). Des \u00e9quipes de recherche d\u2019autres laboratoire sont \u00e9galement impliqu\u00e9es dans ces th\u00e9matiques (magn\u00e9tisme au <a href=\"https:\/\/www.lspm.cnrs.fr\/en\/home\/\" target=\"_blank\" rel=\"noreferrer noopener\">LSPM<\/a>, cryptographie post-quantique au <a href=\"https:\/\/lipn.univ-paris13.fr\/\" target=\"_blank\" rel=\"noreferrer noopener\">LIPN<\/a> et algorithmes pour ordinateur quantiques au <a href=\"https:\/\/www.math.univ-paris13.fr\/\" target=\"_blank\" rel=\"noreferrer noopener\">LAGA<\/a>).<\/p>\n\n\n\n<h4 class=\"wp-block-heading\"><strong>Infrastructures pour la recherche<\/strong><\/h4>\n\n\n\n<p>Pour acc\u00e9l\u00e9rer le d\u00e9veloppement des TQ au niveau national, l\u2019\u00e9tat a s\u00e9lectionn\u00e9 le projet <a href=\"https:\/\/www.univ-spn.fr\/quantedu-france-se-former-au-quantique\/\" target=\"_blank\" rel=\"noreferrer noopener\">QuanTEdu <\/a>dans le cadre de France 2030. L\u2019USPN est membre de ce consortium.<\/p>\n\n\n\n<figure class=\"wp-block-embed is-type-video is-provider-youtube wp-block-embed-youtube wp-embed-aspect-16-9 wp-has-aspect-ratio\" style=\"margin-top:0;margin-right:0;margin-bottom:0;margin-left:0\"><div class=\"wp-block-embed__wrapper\">\n<iframe title=\"Pr\u00e9sentation du projet QuantEdu-France\" width=\"1290\" height=\"726\" src=\"https:\/\/www.youtube.com\/embed\/HuyLTTt77xQ?feature=oembed\" frameborder=\"0\" allow=\"accelerometer; autoplay; clipboard-write; encrypted-media; gyroscope; picture-in-picture; web-share\" referrerpolicy=\"strict-origin-when-cross-origin\" allowfullscreen><\/iframe>\n<\/div><\/figure>\n\n\n\n<p>Dans le cadre de ce projet, nous avons mont\u00e9 plusieurs exp\u00e9riences qui serviront \u00e0 illustrer les cours du Master&nbsp;: effet photo\u00e9lectrique, absorption satur\u00e9e, statistiques de photons&#8230;<\/p>\n\n\n\n<div id=\"wp-block-themeisle-blocks-advanced-columns-fd114a2e\" class=\"wp-block-themeisle-blocks-advanced-columns has-2-columns has-desktop-twoOne-layout has-tablet-equal-layout has-mobile-collapsedRows-layout has-vertical-unset\"><div class=\"wp-block-themeisle-blocks-advanced-columns-overlay\"><\/div><div class=\"innerblocks-wrap\">\n<div id=\"wp-block-themeisle-blocks-advanced-column-4e7e658a\" class=\"wp-block-themeisle-blocks-advanced-column\">\n<p>La r\u00e9gion \u00eele de France est une place forte de la recherche en physique quantique. Le DIM (Domaine de recherche et d\u2019Innovation Majeur) QuanTiP f\u00e9d\u00e8re ainsi 150 \u00e9quipes de recherche franciliennes travaillant sur les diff\u00e9rentes th\u00e9matiques des TQ, et un vivier de startups et d\u2019entreprises franciliennes dans le domaine des technologies quantiques.<\/p>\n\n\n\n<p>Site : <a href=\"https:\/\/quantip.org\" target=\"_blank\" rel=\"noreferrer noopener\">https:\/\/quantip.org<\/a><\/p>\n\n\n\n<p>Le LPL est membre de QuanTiP.<\/p>\n<\/div>\n\n\n\n<div id=\"wp-block-themeisle-blocks-advanced-column-406bdf27\" class=\"wp-block-themeisle-blocks-advanced-column\">\n<figure class=\"wp-block-image size-large\"><a href=\"https:\/\/quantip.org\/\" target=\"_blank\" rel=\" noreferrer noopener\"><img decoding=\"async\" width=\"1024\" height=\"225\" src=\"https:\/\/mastertechq.lpl.univ-paris13.fr\/wp-content\/uploads\/2025\/01\/logo_quantip-1024x225.png\" alt=\"\" class=\"wp-image-995\" srcset=\"https:\/\/mastertechq.lpl.univ-paris13.fr\/wp-content\/uploads\/2025\/01\/logo_quantip-1024x225.png 1024w, https:\/\/mastertechq.lpl.univ-paris13.fr\/wp-content\/uploads\/2025\/01\/logo_quantip-300x66.png 300w, https:\/\/mastertechq.lpl.univ-paris13.fr\/wp-content\/uploads\/2025\/01\/logo_quantip-768x169.png 768w, https:\/\/mastertechq.lpl.univ-paris13.fr\/wp-content\/uploads\/2025\/01\/logo_quantip.png 1185w\" sizes=\"(max-width: 1024px) 100vw, 1024px\" \/><\/a><\/figure>\n\n\n\n<div style=\"height:46px\" aria-hidden=\"true\" class=\"wp-block-spacer\"><\/div>\n\n\n\n<figure class=\"wp-block-image size-full\"><a href=\"https:\/\/www.iledefrance.fr\/\" target=\"_blank\" rel=\" noreferrer noopener\"><img decoding=\"async\" width=\"304\" height=\"79\" src=\"https:\/\/mastertechq.lpl.univ-paris13.fr\/wp-content\/uploads\/2025\/01\/logo_idf.webp\" alt=\"\" class=\"wp-image-996\" srcset=\"https:\/\/mastertechq.lpl.univ-paris13.fr\/wp-content\/uploads\/2025\/01\/logo_idf.webp 304w, https:\/\/mastertechq.lpl.univ-paris13.fr\/wp-content\/uploads\/2025\/01\/logo_idf-300x78.webp 300w\" sizes=\"(max-width: 304px) 100vw, 304px\" \/><\/a><\/figure>\n<\/div>\n<\/div><\/div>\n","protected":false},"excerpt":{"rendered":"<p>Contexte et Objectifs Les technologies quantiques (TQ) sont en plein essor au niveau mondial. En France, o\u00f9 la physique quantique est un domaine d\u2019excellence en recherche (prix Nobels de physique 1997-2007-2012-2022 ; prix Nobel de chimie 2023), cet essor s\u2019est traduit par la cr\u00e9ation de startups venant du monde acad\u00e9mique, visant au d\u00e9veloppement d\u2019un ordinateur [&hellip;]<\/p>\n","protected":false},"author":2,"featured_media":0,"parent":2,"menu_order":0,"comment_status":"closed","ping_status":"closed","template":"","meta":{"_themeisle_gutenberg_block_has_review":false,"footnotes":""},"class_list":["post-992","page","type-page","status-publish","hentry"],"blocksy_meta":[],"yoast_head":"<!-- This site is optimized with the Yoast SEO plugin v27.2 - https:\/\/yoast.com\/product\/yoast-seo-wordpress\/ -->\n<title>Pr\u00e9sentation Master TechQ - Technologies quantiques<\/title>\n<meta name=\"description\" content=\"L\u2019USPN propose un Master pour former des \u00e9tudiants capables de travailler d\u00e8s leur diplomation sur des dispositifs quantiques exp\u00e9rimentaux.\" \/>\n<meta name=\"robots\" content=\"index, follow, max-snippet:-1, max-image-preview:large, max-video-preview:-1\" \/>\n<link rel=\"canonical\" href=\"https:\/\/mastertechq.lpl.univ-paris13.fr\/?page_id=992\" \/>\n<meta property=\"og:locale\" content=\"fr_FR\" \/>\n<meta property=\"og:type\" content=\"article\" \/>\n<meta property=\"og:title\" content=\"Pr\u00e9sentation Master TechQ - Technologies quantiques\" \/>\n<meta property=\"og:description\" content=\"L\u2019USPN propose un Master pour former des \u00e9tudiants capables de travailler d\u00e8s leur diplomation sur des dispositifs quantiques exp\u00e9rimentaux.\" \/>\n<meta property=\"og:url\" content=\"https:\/\/mastertechq.lpl.univ-paris13.fr\/?page_id=992\" \/>\n<meta property=\"og:site_name\" content=\"Master TechQ\" \/>\n<meta property=\"article:modified_time\" content=\"2025-02-09T17:50:33+00:00\" \/>\n<meta property=\"og:image\" content=\"https:\/\/mastertechq.lpl.univ-paris13.fr\/wp-content\/uploads\/2025\/01\/ImageReseauxMasterTQ-e1736686388710.png\" \/>\n\t<meta property=\"og:image:width\" content=\"1270\" \/>\n\t<meta property=\"og:image:height\" content=\"550\" \/>\n\t<meta property=\"og:image:type\" content=\"image\/png\" \/>\n<meta name=\"twitter:card\" content=\"summary_large_image\" \/>\n<meta name=\"twitter:label1\" content=\"Dur\u00e9e de lecture estim\u00e9e\" \/>\n\t<meta name=\"twitter:data1\" content=\"4 minutes\" \/>\n<script type=\"application\/ld+json\" class=\"yoast-schema-graph\">{\"@context\":\"https:\/\/schema.org\",\"@graph\":[{\"@type\":\"WebPage\",\"@id\":\"https:\/\/mastertechq.lpl.univ-paris13.fr\/?page_id=992\",\"url\":\"https:\/\/mastertechq.lpl.univ-paris13.fr\/?page_id=992\",\"name\":\"Pr\u00e9sentation Master TechQ - Technologies quantiques\",\"isPartOf\":{\"@id\":\"https:\/\/mastertechq.lpl.univ-paris13.fr\/#website\"},\"primaryImageOfPage\":{\"@id\":\"https:\/\/mastertechq.lpl.univ-paris13.fr\/?page_id=992#primaryimage\"},\"image\":{\"@id\":\"https:\/\/mastertechq.lpl.univ-paris13.fr\/?page_id=992#primaryimage\"},\"thumbnailUrl\":\"https:\/\/mastertechq.lpl.univ-paris13.fr\/wp-content\/uploads\/2025\/01\/ImageReseauxMasterTQ-e1736686388710-1024x443.png\",\"datePublished\":\"2025-01-12T12:42:31+00:00\",\"dateModified\":\"2025-02-09T17:50:33+00:00\",\"description\":\"L\u2019USPN propose un Master pour former des \u00e9tudiants capables de travailler d\u00e8s leur diplomation sur des dispositifs quantiques exp\u00e9rimentaux.\",\"breadcrumb\":{\"@id\":\"https:\/\/mastertechq.lpl.univ-paris13.fr\/?page_id=992#breadcrumb\"},\"inLanguage\":\"fr-FR\",\"potentialAction\":[{\"@type\":\"ReadAction\",\"target\":[\"https:\/\/mastertechq.lpl.univ-paris13.fr\/?page_id=992\"]}]},{\"@type\":\"ImageObject\",\"inLanguage\":\"fr-FR\",\"@id\":\"https:\/\/mastertechq.lpl.univ-paris13.fr\/?page_id=992#primaryimage\",\"url\":\"https:\/\/mastertechq.lpl.univ-paris13.fr\/wp-content\/uploads\/2025\/01\/ImageReseauxMasterTQ-e1736686388710.png\",\"contentUrl\":\"https:\/\/mastertechq.lpl.univ-paris13.fr\/wp-content\/uploads\/2025\/01\/ImageReseauxMasterTQ-e1736686388710.png\",\"width\":1270,\"height\":550},{\"@type\":\"BreadcrumbList\",\"@id\":\"https:\/\/mastertechq.lpl.univ-paris13.fr\/?page_id=992#breadcrumb\",\"itemListElement\":[{\"@type\":\"ListItem\",\"position\":1,\"name\":\"Home\",\"item\":\"https:\/\/mastertechq.lpl.univ-paris13.fr\/\"},{\"@type\":\"ListItem\",\"position\":2,\"name\":\"Page d&rsquo;accueil\",\"item\":\"https:\/\/mastertechq.lpl.univ-paris13.fr\/\"},{\"@type\":\"ListItem\",\"position\":3,\"name\":\"Pr\u00e9sentation Master TechQ\"}]},{\"@type\":\"WebSite\",\"@id\":\"https:\/\/mastertechq.lpl.univ-paris13.fr\/#website\",\"url\":\"https:\/\/mastertechq.lpl.univ-paris13.fr\/\",\"name\":\"Master TechQ\",\"description\":\"Quantum technologies in motion\",\"publisher\":{\"@id\":\"https:\/\/mastertechq.lpl.univ-paris13.fr\/#organization\"},\"potentialAction\":[{\"@type\":\"SearchAction\",\"target\":{\"@type\":\"EntryPoint\",\"urlTemplate\":\"https:\/\/mastertechq.lpl.univ-paris13.fr\/?s={search_term_string}\"},\"query-input\":{\"@type\":\"PropertyValueSpecification\",\"valueRequired\":true,\"valueName\":\"search_term_string\"}}],\"inLanguage\":\"fr-FR\"},{\"@type\":\"Organization\",\"@id\":\"https:\/\/mastertechq.lpl.univ-paris13.fr\/#organization\",\"name\":\"Master TechQ\",\"alternateName\":\"Master Technologies Quantiques\",\"url\":\"https:\/\/mastertechq.lpl.univ-paris13.fr\/\",\"logo\":{\"@type\":\"ImageObject\",\"inLanguage\":\"fr-FR\",\"@id\":\"https:\/\/mastertechq.lpl.univ-paris13.fr\/#\/schema\/logo\/image\/\",\"url\":\"https:\/\/mastertechq.lpl.univ-paris13.fr\/wp-content\/uploads\/2025\/01\/Logo-MTQ.png\",\"contentUrl\":\"https:\/\/mastertechq.lpl.univ-paris13.fr\/wp-content\/uploads\/2025\/01\/Logo-MTQ.png\",\"width\":500,\"height\":500,\"caption\":\"Master TechQ\"},\"image\":{\"@id\":\"https:\/\/mastertechq.lpl.univ-paris13.fr\/#\/schema\/logo\/image\/\"}}]}<\/script>\n<!-- \/ Yoast SEO plugin. -->","yoast_head_json":{"title":"Pr\u00e9sentation Master TechQ - Technologies quantiques","description":"L\u2019USPN propose un Master pour former des \u00e9tudiants capables de travailler d\u00e8s leur diplomation sur des dispositifs quantiques exp\u00e9rimentaux.","robots":{"index":"index","follow":"follow","max-snippet":"max-snippet:-1","max-image-preview":"max-image-preview:large","max-video-preview":"max-video-preview:-1"},"canonical":"https:\/\/mastertechq.lpl.univ-paris13.fr\/?page_id=992","og_locale":"fr_FR","og_type":"article","og_title":"Pr\u00e9sentation Master TechQ - Technologies quantiques","og_description":"L\u2019USPN propose un Master pour former des \u00e9tudiants capables de travailler d\u00e8s leur diplomation sur des dispositifs quantiques exp\u00e9rimentaux.","og_url":"https:\/\/mastertechq.lpl.univ-paris13.fr\/?page_id=992","og_site_name":"Master TechQ","article_modified_time":"2025-02-09T17:50:33+00:00","og_image":[{"width":1270,"height":550,"url":"https:\/\/mastertechq.lpl.univ-paris13.fr\/wp-content\/uploads\/2025\/01\/ImageReseauxMasterTQ-e1736686388710.png","type":"image\/png"}],"twitter_card":"summary_large_image","twitter_misc":{"Dur\u00e9e de lecture estim\u00e9e":"4 minutes"},"schema":{"@context":"https:\/\/schema.org","@graph":[{"@type":"WebPage","@id":"https:\/\/mastertechq.lpl.univ-paris13.fr\/?page_id=992","url":"https:\/\/mastertechq.lpl.univ-paris13.fr\/?page_id=992","name":"Pr\u00e9sentation Master TechQ - Technologies quantiques","isPartOf":{"@id":"https:\/\/mastertechq.lpl.univ-paris13.fr\/#website"},"primaryImageOfPage":{"@id":"https:\/\/mastertechq.lpl.univ-paris13.fr\/?page_id=992#primaryimage"},"image":{"@id":"https:\/\/mastertechq.lpl.univ-paris13.fr\/?page_id=992#primaryimage"},"thumbnailUrl":"https:\/\/mastertechq.lpl.univ-paris13.fr\/wp-content\/uploads\/2025\/01\/ImageReseauxMasterTQ-e1736686388710-1024x443.png","datePublished":"2025-01-12T12:42:31+00:00","dateModified":"2025-02-09T17:50:33+00:00","description":"L\u2019USPN propose un Master pour former des \u00e9tudiants capables de travailler d\u00e8s leur diplomation sur des dispositifs quantiques exp\u00e9rimentaux.","breadcrumb":{"@id":"https:\/\/mastertechq.lpl.univ-paris13.fr\/?page_id=992#breadcrumb"},"inLanguage":"fr-FR","potentialAction":[{"@type":"ReadAction","target":["https:\/\/mastertechq.lpl.univ-paris13.fr\/?page_id=992"]}]},{"@type":"ImageObject","inLanguage":"fr-FR","@id":"https:\/\/mastertechq.lpl.univ-paris13.fr\/?page_id=992#primaryimage","url":"https:\/\/mastertechq.lpl.univ-paris13.fr\/wp-content\/uploads\/2025\/01\/ImageReseauxMasterTQ-e1736686388710.png","contentUrl":"https:\/\/mastertechq.lpl.univ-paris13.fr\/wp-content\/uploads\/2025\/01\/ImageReseauxMasterTQ-e1736686388710.png","width":1270,"height":550},{"@type":"BreadcrumbList","@id":"https:\/\/mastertechq.lpl.univ-paris13.fr\/?page_id=992#breadcrumb","itemListElement":[{"@type":"ListItem","position":1,"name":"Home","item":"https:\/\/mastertechq.lpl.univ-paris13.fr\/"},{"@type":"ListItem","position":2,"name":"Page d&rsquo;accueil","item":"https:\/\/mastertechq.lpl.univ-paris13.fr\/"},{"@type":"ListItem","position":3,"name":"Pr\u00e9sentation Master TechQ"}]},{"@type":"WebSite","@id":"https:\/\/mastertechq.lpl.univ-paris13.fr\/#website","url":"https:\/\/mastertechq.lpl.univ-paris13.fr\/","name":"Master TechQ","description":"Quantum technologies in motion","publisher":{"@id":"https:\/\/mastertechq.lpl.univ-paris13.fr\/#organization"},"potentialAction":[{"@type":"SearchAction","target":{"@type":"EntryPoint","urlTemplate":"https:\/\/mastertechq.lpl.univ-paris13.fr\/?s={search_term_string}"},"query-input":{"@type":"PropertyValueSpecification","valueRequired":true,"valueName":"search_term_string"}}],"inLanguage":"fr-FR"},{"@type":"Organization","@id":"https:\/\/mastertechq.lpl.univ-paris13.fr\/#organization","name":"Master TechQ","alternateName":"Master Technologies Quantiques","url":"https:\/\/mastertechq.lpl.univ-paris13.fr\/","logo":{"@type":"ImageObject","inLanguage":"fr-FR","@id":"https:\/\/mastertechq.lpl.univ-paris13.fr\/#\/schema\/logo\/image\/","url":"https:\/\/mastertechq.lpl.univ-paris13.fr\/wp-content\/uploads\/2025\/01\/Logo-MTQ.png","contentUrl":"https:\/\/mastertechq.lpl.univ-paris13.fr\/wp-content\/uploads\/2025\/01\/Logo-MTQ.png","width":500,"height":500,"caption":"Master TechQ"},"image":{"@id":"https:\/\/mastertechq.lpl.univ-paris13.fr\/#\/schema\/logo\/image\/"}}]}},"jetpack_sharing_enabled":true,"_links":{"self":[{"href":"https:\/\/mastertechq.lpl.univ-paris13.fr\/index.php?rest_route=\/wp\/v2\/pages\/992","targetHints":{"allow":["GET"]}}],"collection":[{"href":"https:\/\/mastertechq.lpl.univ-paris13.fr\/index.php?rest_route=\/wp\/v2\/pages"}],"about":[{"href":"https:\/\/mastertechq.lpl.univ-paris13.fr\/index.php?rest_route=\/wp\/v2\/types\/page"}],"author":[{"embeddable":true,"href":"https:\/\/mastertechq.lpl.univ-paris13.fr\/index.php?rest_route=\/wp\/v2\/users\/2"}],"replies":[{"embeddable":true,"href":"https:\/\/mastertechq.lpl.univ-paris13.fr\/index.php?rest_route=%2Fwp%2Fv2%2Fcomments&post=992"}],"version-history":[{"count":20,"href":"https:\/\/mastertechq.lpl.univ-paris13.fr\/index.php?rest_route=\/wp\/v2\/pages\/992\/revisions"}],"predecessor-version":[{"id":2115,"href":"https:\/\/mastertechq.lpl.univ-paris13.fr\/index.php?rest_route=\/wp\/v2\/pages\/992\/revisions\/2115"}],"up":[{"embeddable":true,"href":"https:\/\/mastertechq.lpl.univ-paris13.fr\/index.php?rest_route=\/wp\/v2\/pages\/2"}],"wp:attachment":[{"href":"https:\/\/mastertechq.lpl.univ-paris13.fr\/index.php?rest_route=%2Fwp%2Fv2%2Fmedia&parent=992"}],"curies":[{"name":"wp","href":"https:\/\/api.w.org\/{rel}","templated":true}]}}